{"id":750894,"date":"2025-03-03T23:20:14","date_gmt":"2025-03-03T22:20:14","guid":{"rendered":"https:\/\/stoic-curie.212-227-153-4.plesk.page\/producto\/ultraflex-m66-steering-cables-3-96-metres-13-feet-heavy-duty\/"},"modified":"2026-02-25T00:28:16","modified_gmt":"2026-02-25T00:28:16","slug":"ultraflex-m66-steering-cables-3-96-metres-13-feet-heavy-duty","status":"publish","type":"product","link":"https:\/\/stoic-curie.212-227-153-4.plesk.page\/pt\/product\/ultraflex-m66-steering-cables-3-96-metres-13-feet-heavy-duty\/","title":{"rendered":"Ultraflex M66 Steering Cables 3.96 Metres 13 Feet (Heavy Duty)"},"content":{"rendered":"<p>Ultraflex M66 Steering Cables 3.96 Metres 13 Feet (Heavy Duty) &#8211; <\/p>\n<div class=\"col-24 col-md-15\">\n<p>A s\u00e9rie de n\u00fameros atual 6057++ \u00e9 fabricada e medida em p\u00e9s como unidade prim\u00e1ria.<\/p>\n<p>Possuem os mesmos acess\u00f3rios finais que o n\u00famero 6052++, que foram fabricados em metros, e ir\u00e3o substitu\u00ed-los.<\/p>\n<p>Os cabos de dire\u00e7\u00e3o de alta resist\u00eancia t\u00eam uma ranhura para nivelar na conex\u00e3o da dire\u00e7\u00e3o.<\/p>\n<\/div>\n<p><\/p>\n<table class=\"table\">\n<tbody>\n<tr>\n<td><strong> Comprimento <\/strong><\/td>\n<td>3,96 m (13&#8242;)<\/td>\n<\/tr>\n<tr>\n<td><strong> Marca <\/strong><\/td>\n<td>Uflex<\/td>\n<\/tr>\n<tr>\n<td><strong> Cabo [Cabo Mec\u00e2nico] <\/strong><\/td>\n<td>Heavy Duty M66<\/td>\n<\/tr>\n<tr>\n<td><strong> Cor <\/strong><\/td>\n<td>Preto<\/td>\n<\/tr>\n<tr>\n<td><strong> Tamanho da Rosca <\/strong><\/td>\n<td>Porca: 7\/8\u201d UNF<\/td>\n<\/tr>\n<\/tbody>\n<\/table>\n","protected":false},"excerpt":{"rendered":"<p>Ultraflex M66 Steering Cables 3.96 Metres 13 Feet (Heavy Duty) &#8211; A s\u00e9rie de n\u00fameros atual 6057++ \u00e9 fabricada e<\/p>\n","protected":false},"featured_media":5946135,"comment_status":"open","ping_status":"closed","template":"","meta":[],"product_brand":[3502],"product_cat":[2115],"product_tag":[],"class_list":{"0":"post-750894","1":"product","2":"type-product","3":"status-publish","4":"has-post-thumbnail","6":"product_brand-ultraflex-uflex-pt","7":"product_cat-cabos-de-direcao","9":"first","10":"instock","11":"shipping-taxable","12":"purchasable","13":"product-type-simple"},"_links":{"self":[{"href":"https:\/\/stoic-curie.212-227-153-4.plesk.page\/pt\/wp-json\/wp\/v2\/product\/750894","targetHints":{"allow":["GET"]}}],"collection":[{"href":"https:\/\/stoic-curie.212-227-153-4.plesk.page\/pt\/wp-json\/wp\/v2\/product"}],"about":[{"href":"https:\/\/stoic-curie.212-227-153-4.plesk.page\/pt\/wp-json\/wp\/v2\/types\/product"}],"replies":[{"embeddable":true,"href":"https:\/\/stoic-curie.212-227-153-4.plesk.page\/pt\/wp-json\/wp\/v2\/comments?post=750894"}],"version-history":[{"count":0,"href":"https:\/\/stoic-curie.212-227-153-4.plesk.page\/pt\/wp-json\/wp\/v2\/product\/750894\/revisions"}],"wp:featuredmedia":[{"embeddable":true,"href":"https:\/\/stoic-curie.212-227-153-4.plesk.page\/pt\/wp-json\/wp\/v2\/media\/5946135"}],"wp:attachment":[{"href":"https:\/\/stoic-curie.212-227-153-4.plesk.page\/pt\/wp-json\/wp\/v2\/media?parent=750894"}],"wp:term":[{"taxonomy":"product_brand","embeddable":true,"href":"https:\/\/stoic-curie.212-227-153-4.plesk.page\/pt\/wp-json\/wp\/v2\/product_brand?post=750894"},{"taxonomy":"product_cat","embeddable":true,"href":"https:\/\/stoic-curie.212-227-153-4.plesk.page\/pt\/wp-json\/wp\/v2\/product_cat?post=750894"},{"taxonomy":"product_tag","embeddable":true,"href":"https:\/\/stoic-curie.212-227-153-4.plesk.page\/pt\/wp-json\/wp\/v2\/product_tag?post=750894"}],"curies":[{"name":"wp","href":"https:\/\/api.w.org\/{rel}","templated":true}]}}