{"id":750897,"date":"2025-03-03T23:20:15","date_gmt":"2025-03-03T22:20:15","guid":{"rendered":"https:\/\/stoic-curie.212-227-153-4.plesk.page\/producto\/ultraflex-m58-steering-cables-2-13-metres-7-feet-light-duty\/"},"modified":"2026-02-25T00:28:16","modified_gmt":"2026-02-25T00:28:16","slug":"ultraflex-m58-steering-cables-2-13-metres-7-feet-light-duty","status":"publish","type":"product","link":"https:\/\/stoic-curie.212-227-153-4.plesk.page\/pt\/product\/ultraflex-m58-steering-cables-2-13-metres-7-feet-light-duty\/","title":{"rendered":"Ultraflex M58 Steering Cables 2.13 Metres \/ 7 Feet (Light Duty)"},"content":{"rendered":"<p>Ultraflex M58 Steering Cables 2.13 Metres \/ 7 Feet (Light Duty) &#8211; <\/p>\n<div class=\"col-24 col-md-15\">\n<p>CABOS de dire\u00e7\u00e3o leves com conex\u00e3o rosqueada ao volante.<\/p>\n<p>A s\u00e9rie atual de n\u00fameros 6055++ \u00e9 fabricada e medida em p\u00e9s como unidade principal.<\/p>\n<p>Possuem os mesmos acess\u00f3rios de extremidade que o n\u00famero 6053++, que foram fabricados em metros. Este cabo de dire\u00e7\u00e3o Uflex M58 tem 2,13 metros de comprimento (7 p\u00e9s) e \u00e9 da cor preta.<\/p>\n<\/div>\n<p><\/p>\n<table class=\"table\">\n<tbody>\n<tr>\n<td><strong>Comprimento<\/strong><\/td>\n<td>2,13 m (7&#8242;)<\/td>\n<\/tr>\n<tr>\n<td><strong>Marca<\/strong><\/td>\n<td>Uflex<\/td>\n<\/tr>\n<tr>\n<td><strong>Cabo [Cabo Mec\u00e2nico]<\/strong><\/td>\n<td>Leve M58<\/td>\n<\/tr>\n<tr>\n<td><strong>Cor<\/strong><\/td>\n<td>Preto<\/td>\n<\/tr>\n<tr>\n<td><strong>Tamanho do Rosca<\/strong><\/td>\n<td>Porca: 7\/8&#8243; UNF<\/td>\n<\/tr>\n<\/tbody>\n<\/table>\n","protected":false},"excerpt":{"rendered":"<p>Ultraflex M58 Steering Cables 2.13 Metres \/ 7 Feet (Light Duty) &#8211; CABOS de dire\u00e7\u00e3o leves com conex\u00e3o rosqueada ao<\/p>\n","protected":false},"featured_media":5946142,"comment_status":"open","ping_status":"closed","template":"","meta":[],"product_brand":[3502],"product_cat":[2115],"product_tag":[],"class_list":{"0":"post-750897","1":"product","2":"type-product","3":"status-publish","4":"has-post-thumbnail","6":"product_brand-ultraflex-uflex-pt","7":"product_cat-cabos-de-direcao","9":"first","10":"instock","11":"shipping-taxable","12":"purchasable","13":"product-type-simple"},"_links":{"self":[{"href":"https:\/\/stoic-curie.212-227-153-4.plesk.page\/pt\/wp-json\/wp\/v2\/product\/750897","targetHints":{"allow":["GET"]}}],"collection":[{"href":"https:\/\/stoic-curie.212-227-153-4.plesk.page\/pt\/wp-json\/wp\/v2\/product"}],"about":[{"href":"https:\/\/stoic-curie.212-227-153-4.plesk.page\/pt\/wp-json\/wp\/v2\/types\/product"}],"replies":[{"embeddable":true,"href":"https:\/\/stoic-curie.212-227-153-4.plesk.page\/pt\/wp-json\/wp\/v2\/comments?post=750897"}],"version-history":[{"count":0,"href":"https:\/\/stoic-curie.212-227-153-4.plesk.page\/pt\/wp-json\/wp\/v2\/product\/750897\/revisions"}],"wp:featuredmedia":[{"embeddable":true,"href":"https:\/\/stoic-curie.212-227-153-4.plesk.page\/pt\/wp-json\/wp\/v2\/media\/5946142"}],"wp:attachment":[{"href":"https:\/\/stoic-curie.212-227-153-4.plesk.page\/pt\/wp-json\/wp\/v2\/media?parent=750897"}],"wp:term":[{"taxonomy":"product_brand","embeddable":true,"href":"https:\/\/stoic-curie.212-227-153-4.plesk.page\/pt\/wp-json\/wp\/v2\/product_brand?post=750897"},{"taxonomy":"product_cat","embeddable":true,"href":"https:\/\/stoic-curie.212-227-153-4.plesk.page\/pt\/wp-json\/wp\/v2\/product_cat?post=750897"},{"taxonomy":"product_tag","embeddable":true,"href":"https:\/\/stoic-curie.212-227-153-4.plesk.page\/pt\/wp-json\/wp\/v2\/product_tag?post=750897"}],"curies":[{"name":"wp","href":"https:\/\/api.w.org\/{rel}","templated":true}]}}