{"id":750898,"date":"2025-03-03T23:20:15","date_gmt":"2025-03-03T22:20:15","guid":{"rendered":"https:\/\/stoic-curie.212-227-153-4.plesk.page\/producto\/ultraflex-s62-cable-support-clamp-kit-for-steering-cable-low-55mm\/"},"modified":"2026-02-25T00:28:16","modified_gmt":"2026-02-25T00:28:16","slug":"ultraflex-s62-cable-support-clamp-kit-for-steering-cable-low-55mm","status":"publish","type":"product","link":"https:\/\/stoic-curie.212-227-153-4.plesk.page\/pt\/product\/ultraflex-s62-cable-support-clamp-kit-for-steering-cable-low-55mm\/","title":{"rendered":"Ultraflex S62 Cable Support Clamp Kit for Steering Cable (Low 55mm)"},"content":{"rendered":"<p>Ultraflex S62 Cable Support Clamp Kit for Steering Cable (Low 55mm) &#8211; <\/p>\n<div class=\"col-24 col-md-15\">\n<p>Este suporte de montagem Uflex \u00e9 projetado para montagem na popa para suportar o cabo em seu caminho para o motor fora de borda. O suporte de cabo de dire\u00e7\u00e3o girat\u00f3rio \u00e9 fornecido com um tubo pelo qual o cabo passa, o que assegura o cabo e garante um desempenho preciso e exato. O bloco de suporte Uflex \u00e9 feito de a\u00e7o pintado resistente \u00e0 corros\u00e3o.<\/p>\n<p>O kit de suporte de cabo S39 tem uma posi\u00e7\u00e3o de montagem baixa.<\/p>\n<\/p><\/div>\n<p><\/p>\n<table class=\"table\">\n<tbody>\n<tr>\n<td><strong>Comprimento<\/strong><\/td>\n<td>283mm (11.32&#8243;)<\/td>\n<\/tr>\n<tr>\n<td><strong>Marca<\/strong><\/td>\n<td>Uflex<\/td>\n<\/tr>\n<tr>\n<td><strong>Constru\u00e7\u00e3o<\/strong><\/td>\n<td>A\u00e7o pintado resistente \u00e0 corros\u00e3o<\/td>\n<\/tr>\n<tr>\n<td><strong>Dimens\u00f5es<\/strong><\/td>\n<td>Profundidade: 55mm (2.2&#8243;)<\/td>\n<\/tr>\n<tr>\n<td><strong>Modelo<\/strong><\/td>\n<td>S62<\/td>\n<\/tr>\n<tr>\n<td><strong>Pe\u00e7as e Acess\u00f3rios<\/strong><\/td>\n<td>Suporte de Montagem de Cabo<\/td>\n<\/tr>\n<\/tbody>\n<\/table>\n","protected":false},"excerpt":{"rendered":"<p>Ultraflex S62 Cable Support Clamp Kit for Steering Cable (Low 55mm) &#8211; Este suporte de montagem Uflex \u00e9 projetado para<\/p>\n","protected":false},"featured_media":5946148,"comment_status":"open","ping_status":"closed","template":"","meta":[],"product_brand":[3502],"product_cat":[2115],"product_tag":[],"class_list":{"0":"post-750898","1":"product","2":"type-product","3":"status-publish","4":"has-post-thumbnail","6":"product_brand-ultraflex-uflex-pt","7":"product_cat-cabos-de-direcao","9":"first","10":"instock","11":"shipping-taxable","12":"purchasable","13":"product-type-simple"},"_links":{"self":[{"href":"https:\/\/stoic-curie.212-227-153-4.plesk.page\/pt\/wp-json\/wp\/v2\/product\/750898","targetHints":{"allow":["GET"]}}],"collection":[{"href":"https:\/\/stoic-curie.212-227-153-4.plesk.page\/pt\/wp-json\/wp\/v2\/product"}],"about":[{"href":"https:\/\/stoic-curie.212-227-153-4.plesk.page\/pt\/wp-json\/wp\/v2\/types\/product"}],"replies":[{"embeddable":true,"href":"https:\/\/stoic-curie.212-227-153-4.plesk.page\/pt\/wp-json\/wp\/v2\/comments?post=750898"}],"version-history":[{"count":0,"href":"https:\/\/stoic-curie.212-227-153-4.plesk.page\/pt\/wp-json\/wp\/v2\/product\/750898\/revisions"}],"wp:featuredmedia":[{"embeddable":true,"href":"https:\/\/stoic-curie.212-227-153-4.plesk.page\/pt\/wp-json\/wp\/v2\/media\/5946148"}],"wp:attachment":[{"href":"https:\/\/stoic-curie.212-227-153-4.plesk.page\/pt\/wp-json\/wp\/v2\/media?parent=750898"}],"wp:term":[{"taxonomy":"product_brand","embeddable":true,"href":"https:\/\/stoic-curie.212-227-153-4.plesk.page\/pt\/wp-json\/wp\/v2\/product_brand?post=750898"},{"taxonomy":"product_cat","embeddable":true,"href":"https:\/\/stoic-curie.212-227-153-4.plesk.page\/pt\/wp-json\/wp\/v2\/product_cat?post=750898"},{"taxonomy":"product_tag","embeddable":true,"href":"https:\/\/stoic-curie.212-227-153-4.plesk.page\/pt\/wp-json\/wp\/v2\/product_tag?post=750898"}],"curies":[{"name":"wp","href":"https:\/\/api.w.org\/{rel}","templated":true}]}}