{"id":750900,"date":"2025-03-03T23:20:16","date_gmt":"2025-03-03T22:20:16","guid":{"rendered":"https:\/\/stoic-curie.212-227-153-4.plesk.page\/producto\/rolo-de-ancoragem-em-aco-inoxidavel-400-x-80mm\/"},"modified":"2026-02-25T00:28:16","modified_gmt":"2026-02-25T00:28:16","slug":"rolo-de-ancoragem-em-aco-inoxidavel-400-x-80mm","status":"publish","type":"product","link":"https:\/\/stoic-curie.212-227-153-4.plesk.page\/pt\/product\/rolo-de-ancoragem-em-aco-inoxidavel-400-x-80mm\/","title":{"rendered":"Rolo de Ancoragem em A\u00e7o Inoxid\u00e1vel 400 x 80mm"},"content":{"rendered":"<p>Rolo de Ancoragem em A\u00e7o Inoxid\u00e1vel 400 x 80mm &#8211; <\/p>\n<p>Rolo fixo de arco em a\u00e7o inoxid\u00e1vel. Bloqueio de \u00e2ncora (opcional). L = Comprimento, L = Largura<\/p>\n","protected":false},"excerpt":{"rendered":"<p>Rolo de Ancoragem em A\u00e7o Inoxid\u00e1vel 400 x 80mm &#8211; Rolo fixo de arco em a\u00e7o inoxid\u00e1vel. Bloqueio de \u00e2ncora<\/p>\n","protected":false},"featured_media":5946149,"comment_status":"open","ping_status":"closed","template":"","meta":[],"product_brand":[3122],"product_cat":[1996],"product_tag":[],"class_list":{"0":"post-750900","1":"product","2":"type-product","3":"status-publish","4":"has-post-thumbnail","6":"product_brand-marinetech-pt","7":"product_cat-rolo-de-ancora-de-proa","9":"first","10":"instock","11":"shipping-taxable","12":"purchasable","13":"product-type-simple"},"_links":{"self":[{"href":"https:\/\/stoic-curie.212-227-153-4.plesk.page\/pt\/wp-json\/wp\/v2\/product\/750900","targetHints":{"allow":["GET"]}}],"collection":[{"href":"https:\/\/stoic-curie.212-227-153-4.plesk.page\/pt\/wp-json\/wp\/v2\/product"}],"about":[{"href":"https:\/\/stoic-curie.212-227-153-4.plesk.page\/pt\/wp-json\/wp\/v2\/types\/product"}],"replies":[{"embeddable":true,"href":"https:\/\/stoic-curie.212-227-153-4.plesk.page\/pt\/wp-json\/wp\/v2\/comments?post=750900"}],"version-history":[{"count":0,"href":"https:\/\/stoic-curie.212-227-153-4.plesk.page\/pt\/wp-json\/wp\/v2\/product\/750900\/revisions"}],"wp:featuredmedia":[{"embeddable":true,"href":"https:\/\/stoic-curie.212-227-153-4.plesk.page\/pt\/wp-json\/wp\/v2\/media\/5946149"}],"wp:attachment":[{"href":"https:\/\/stoic-curie.212-227-153-4.plesk.page\/pt\/wp-json\/wp\/v2\/media?parent=750900"}],"wp:term":[{"taxonomy":"product_brand","embeddable":true,"href":"https:\/\/stoic-curie.212-227-153-4.plesk.page\/pt\/wp-json\/wp\/v2\/product_brand?post=750900"},{"taxonomy":"product_cat","embeddable":true,"href":"https:\/\/stoic-curie.212-227-153-4.plesk.page\/pt\/wp-json\/wp\/v2\/product_cat?post=750900"},{"taxonomy":"product_tag","embeddable":true,"href":"https:\/\/stoic-curie.212-227-153-4.plesk.page\/pt\/wp-json\/wp\/v2\/product_tag?post=750900"}],"curies":[{"name":"wp","href":"https:\/\/api.w.org\/{rel}","templated":true}]}}