{"id":750903,"date":"2025-03-03T23:20:17","date_gmt":"2025-03-03T22:20:17","guid":{"rendered":"https:\/\/stoic-curie.212-227-153-4.plesk.page\/producto\/eurovinil-ultralight-2-70m\/"},"modified":"2026-02-25T00:28:16","modified_gmt":"2026-02-25T00:28:16","slug":"eurovinil-ultralight-2-70m","status":"publish","type":"product","link":"https:\/\/stoic-curie.212-227-153-4.plesk.page\/pt\/product\/eurovinil-ultralight-2-70m\/","title":{"rendered":"Eurovinil Ultralight 2.70m"},"content":{"rendered":"<p>Eurovinil Ultralight 2.70m &#8211; <\/p>\n<p style=\"color: rgb(34, 34, 34); font-family: Arial, Helvetica, sans-serif; font-size: small;\">Apresentamos a linha Ultralight, uma inova\u00e7\u00e3o not\u00e1vel da Eurovinil, com um tecido de camada dupla de PVC 100Dtex de alta resist\u00eancia. Este bote \u00e9 excepcionalmente leve, constru\u00eddo com um casco r\u00edgido de alum\u00ednio anodizado e grandes tubula\u00e7\u00f5es, garantindo uma navega\u00e7\u00e3o confort\u00e1vel mesmo com pot\u00eancias mais baixas. Os modelos 250 e 270 apresentam um design de casco \u00fanico sem um compartimento de proa, enquanto os modelos 290 e 320 v\u00eam com um casco moldado que inclui um compartimento de proa.<\/p>\n<p style=\"color: rgb(34, 34, 34); font-family: Arial, Helvetica, sans-serif; font-size: small;\">O equipamento padr\u00e3o inclui uma bomba de inflar, um kit de repara\u00e7\u00e3o, remos, um banco, corda de amarra\u00e7\u00e3o e uma bolsa para a porta do barco. Este bote de alta qualidade combina perfeitamente eleg\u00e2ncia e durabilidade, e seu peso reduzido permite um desempenho impressionante mesmo com motores menores. As estruturas tubulares de grande di\u00e2metro e a cobertura \u00e0 prova de respingos proporcionam excelente conforto durante a navega\u00e7\u00e3o, protegendo efetivamente os passageiros da entrada de \u00e1gua.<\/p>\n<p style=\"color: rgb(34, 34, 34); font-family: Arial, Helvetica, sans-serif; font-size: small;\">A linha Ultralight foi projetada para complementar qualquer barco, oferecendo uma mistura de sofistica\u00e7\u00e3o, simplicidade e desempenho. As vers\u00f5es 250 e 270 est\u00e3o equipadas com um quilha em V e um fundo interno, otimizando o espa\u00e7o interior. Esses modelos s\u00e3o fornecidos completos com um banco e o equipamento essencial, e podem ser melhorados com acess\u00f3rios opcionais, como um travesseiro e uma bolsa sob o banco, assim como uma pr\u00e1tica bolsa de proa de libera\u00e7\u00e3o r\u00e1pida, ambas remov\u00edveis.<\/p>\n<p style=\"color: rgb(34, 34, 34); font-family: Arial, Helvetica, sans-serif; font-size: small;\"><strong>Especifica\u00e7\u00f5es para Ultralight 250 e 270:<\/strong><\/p>\n<ul style=\"color: rgb(34, 34, 34); font-family: Arial, Helvetica, sans-serif; font-size: small;\">\n<li><strong>Comprimento Total (cm):<\/strong>&nbsp;250 \/ 270<\/li>\n<li><strong>Largura Total (cm):<\/strong>&nbsp;149<\/li>\n<li><strong>Altura do transom (cm):<\/strong>&nbsp;38<\/li>\n<li><strong>Di\u00e2metro das estruturas tubulares (cm, m\u00e9dio):<\/strong>&nbsp;42<\/li>\n<li><strong>N\u00famero de pessoas:<\/strong>&nbsp;2 + 1<\/li>\n<li><strong>Carga M\u00e1xima (kg):<\/strong>&nbsp;298 \/ 341<\/li>\n<li><strong>N\u00famero de compartimentos:<\/strong>&nbsp;3<\/li>\n<li><strong>Peso (kg):<\/strong>&nbsp;38 \/ 41<\/li>\n<li><strong>Pot\u00eancia M\u00e1xima (HP):<\/strong>&nbsp;5 \/ 8<\/li>\n<li><strong>Eixo:<\/strong>&nbsp;Curto<\/li>\n<li><strong>Peso M\u00e1ximo do Motor (kg):<\/strong>&nbsp;48 \/ 55<\/li>\n<li><strong>Categoria do Design:<\/strong>&nbsp;C<\/li>\n<\/ul>\n<p style=\"color: rgb(34, 34, 34); font-family: Arial, Helvetica, sans-serif; font-size: small;\">Este bote \u00e9 uma excelente escolha para propriet\u00e1rios de barcos que buscam confiabilidade, qualidade e clareza em sua experi\u00eancia de compra.<\/p>\n","protected":false},"excerpt":{"rendered":"<p>Eurovinil Ultralight 2.70m &#8211; Apresentamos a linha Ultralight, uma inova\u00e7\u00e3o not\u00e1vel da Eurovinil, com um tecido de camada dupla de<\/p>\n","protected":false},"featured_media":5946150,"comment_status":"open","ping_status":"closed","template":"","meta":[],"product_brand":[2927],"product_cat":[2120],"product_tag":[],"class_list":{"0":"post-750903","1":"product","2":"type-product","3":"status-publish","4":"has-post-thumbnail","6":"product_brand-eurovinil-pt","7":"product_cat-auxiliares-insuflaveis","9":"first","10":"instock","11":"shipping-taxable","12":"purchasable","13":"product-type-simple"},"_links":{"self":[{"href":"https:\/\/stoic-curie.212-227-153-4.plesk.page\/pt\/wp-json\/wp\/v2\/product\/750903","targetHints":{"allow":["GET"]}}],"collection":[{"href":"https:\/\/stoic-curie.212-227-153-4.plesk.page\/pt\/wp-json\/wp\/v2\/product"}],"about":[{"href":"https:\/\/stoic-curie.212-227-153-4.plesk.page\/pt\/wp-json\/wp\/v2\/types\/product"}],"replies":[{"embeddable":true,"href":"https:\/\/stoic-curie.212-227-153-4.plesk.page\/pt\/wp-json\/wp\/v2\/comments?post=750903"}],"version-history":[{"count":0,"href":"https:\/\/stoic-curie.212-227-153-4.plesk.page\/pt\/wp-json\/wp\/v2\/product\/750903\/revisions"}],"wp:featuredmedia":[{"embeddable":true,"href":"https:\/\/stoic-curie.212-227-153-4.plesk.page\/pt\/wp-json\/wp\/v2\/media\/5946150"}],"wp:attachment":[{"href":"https:\/\/stoic-curie.212-227-153-4.plesk.page\/pt\/wp-json\/wp\/v2\/media?parent=750903"}],"wp:term":[{"taxonomy":"product_brand","embeddable":true,"href":"https:\/\/stoic-curie.212-227-153-4.plesk.page\/pt\/wp-json\/wp\/v2\/product_brand?post=750903"},{"taxonomy":"product_cat","embeddable":true,"href":"https:\/\/stoic-curie.212-227-153-4.plesk.page\/pt\/wp-json\/wp\/v2\/product_cat?post=750903"},{"taxonomy":"product_tag","embeddable":true,"href":"https:\/\/stoic-curie.212-227-153-4.plesk.page\/pt\/wp-json\/wp\/v2\/product_tag?post=750903"}],"curies":[{"name":"wp","href":"https:\/\/api.w.org\/{rel}","templated":true}]}}