{"id":750904,"date":"2025-03-03T23:20:17","date_gmt":"2025-03-03T22:20:17","guid":{"rendered":"https:\/\/stoic-curie.212-227-153-4.plesk.page\/producto\/eurovinil-ultralight-2-90m\/"},"modified":"2026-02-25T00:28:16","modified_gmt":"2026-02-25T00:28:16","slug":"eurovinil-ultralight-2-90m","status":"publish","type":"product","link":"https:\/\/stoic-curie.212-227-153-4.plesk.page\/pt\/product\/eurovinil-ultralight-2-90m\/","title":{"rendered":"Eurovinil Ultralight 2.90m"},"content":{"rendered":"<p>Eurovinil Ultralight 2.90m &#8211; <\/p>\n<p>Apresentamos nosso tender de tecido de PVC de camada dupla de 100Dtex de alta resist\u00eancia, projetado para durabilidade e desempenho excepcionais. Este tender leve possui um casco r\u00edgido de alum\u00ednio anodizado e grandes tubulares, garantindo uma navega\u00e7\u00e3o confort\u00e1vel mesmo com baixa pot\u00eancia. Os modelos 250 e 270 v\u00eam com um casco \u00fanico e n\u00e3o possuem um compartimento de proa, enquanto os modelos 290 e 320 possuem um casco moldado completo com um compartimento de proa para maior conveni\u00eancia.<\/p>\n<p>Inclu\u00eddos como equipamentos padr\u00e3o est\u00e3o uma bomba inflador, kit de reparo, remos, um banco, corda de amarra\u00e7\u00e3o e uma bolsa para a porta do barco. Os tenders ultraleves 290 e 320 combinam perfeitamente leveza e robustez, oferecendo caracter\u00edsticas de conforto exclusivas, como um casco contramoldado com um design inovador antiderrapante, um compartimento de proa para armazenamento de \u00e2ncoras e acess\u00f3rios, al\u00e9m de um nariz de proa equipado com um grampo de press\u00e3o.<\/p>\n<p>Ambos os modelos v\u00eam com assentos e acess\u00f3rios essenciais e podem ser ainda mais aprimorados com um assento pr\u00e1tico que conta com um estofamento e uma bolsa embaixo do banco, permitindo um aumento na capacidade de armazenamento a bordo e a possibilidade de transportar itens do tender.<\/p>\n<p><strong>LINHA DE TENDERS: ULTRALIGHT 290\/320<\/strong><\/p>\n<ul>\n<li><strong>Comprimento total (cm):<\/strong> 290 \/ 320<\/li>\n<li><strong>Largura total (cm):<\/strong> 155 \/ 156<\/li>\n<li><strong>Altura do transom (cm):<\/strong> 39 \/ 39<\/li>\n<li><strong>Di\u00e2metro das estruturas tubulares (cm, m\u00e9dia):<\/strong> 42 \/ 42<\/li>\n<li><strong>N\u00famero de pessoas:<\/strong> 4 \/ 4 + 1<\/li>\n<li><strong>Carga m\u00e1xima (kg):<\/strong> 50 \/ 46 \/ 64<\/li>\n<li><strong>N\u00famero de compartimentos:<\/strong> 3 \/ 3<\/li>\n<li><strong>Peso (kg):<\/strong> 54 \/ 64<\/li>\n<li><strong>Pot\u00eancia m\u00e1xima (HP):<\/strong> 10 \/ 15<\/li>\n<li><strong>Eixo:<\/strong> Curto \/ Curto<\/li>\n<li><strong>Peso m\u00e1ximo do motor (kg):<\/strong> 42 \/ 55<\/li>\n<li><strong>Categoria de projeto:<\/strong> C<\/li>\n<\/ul>\n<p>Descubra o equil\u00edbrio perfeito entre desempenho e conforto com nossos tenders ultraleves, adaptados para atender \u00e0s necessidades de propriet\u00e1rios de barcos exigentes.<\/p>\n","protected":false},"excerpt":{"rendered":"<p>Eurovinil Ultralight 2.90m &#8211; Apresentamos nosso tender de tecido de PVC de camada dupla de 100Dtex de alta resist\u00eancia, projetado<\/p>\n","protected":false},"featured_media":5946150,"comment_status":"open","ping_status":"closed","template":"","meta":[],"product_brand":[2927],"product_cat":[2120],"product_tag":[],"class_list":{"0":"post-750904","1":"product","2":"type-product","3":"status-publish","4":"has-post-thumbnail","6":"product_brand-eurovinil-pt","7":"product_cat-auxiliares-insuflaveis","9":"first","10":"instock","11":"shipping-taxable","12":"purchasable","13":"product-type-simple"},"_links":{"self":[{"href":"https:\/\/stoic-curie.212-227-153-4.plesk.page\/pt\/wp-json\/wp\/v2\/product\/750904","targetHints":{"allow":["GET"]}}],"collection":[{"href":"https:\/\/stoic-curie.212-227-153-4.plesk.page\/pt\/wp-json\/wp\/v2\/product"}],"about":[{"href":"https:\/\/stoic-curie.212-227-153-4.plesk.page\/pt\/wp-json\/wp\/v2\/types\/product"}],"replies":[{"embeddable":true,"href":"https:\/\/stoic-curie.212-227-153-4.plesk.page\/pt\/wp-json\/wp\/v2\/comments?post=750904"}],"version-history":[{"count":0,"href":"https:\/\/stoic-curie.212-227-153-4.plesk.page\/pt\/wp-json\/wp\/v2\/product\/750904\/revisions"}],"wp:featuredmedia":[{"embeddable":true,"href":"https:\/\/stoic-curie.212-227-153-4.plesk.page\/pt\/wp-json\/wp\/v2\/media\/5946150"}],"wp:attachment":[{"href":"https:\/\/stoic-curie.212-227-153-4.plesk.page\/pt\/wp-json\/wp\/v2\/media?parent=750904"}],"wp:term":[{"taxonomy":"product_brand","embeddable":true,"href":"https:\/\/stoic-curie.212-227-153-4.plesk.page\/pt\/wp-json\/wp\/v2\/product_brand?post=750904"},{"taxonomy":"product_cat","embeddable":true,"href":"https:\/\/stoic-curie.212-227-153-4.plesk.page\/pt\/wp-json\/wp\/v2\/product_cat?post=750904"},{"taxonomy":"product_tag","embeddable":true,"href":"https:\/\/stoic-curie.212-227-153-4.plesk.page\/pt\/wp-json\/wp\/v2\/product_tag?post=750904"}],"curies":[{"name":"wp","href":"https:\/\/api.w.org\/{rel}","templated":true}]}}