{"id":750905,"date":"2025-03-03T23:20:18","date_gmt":"2025-03-03T22:20:18","guid":{"rendered":"https:\/\/stoic-curie.212-227-153-4.plesk.page\/producto\/eurovinil-ultralight-3-20m\/"},"modified":"2026-02-25T00:28:16","modified_gmt":"2026-02-25T00:28:16","slug":"eurovinil-ultralight-3-20m","status":"publish","type":"product","link":"https:\/\/stoic-curie.212-227-153-4.plesk.page\/pt\/product\/eurovinil-ultralight-3-20m\/","title":{"rendered":"Eurovinil Ultralight 3.20m"},"content":{"rendered":"<p>Eurovinil Ultralight 3.20m &#8211; <\/p>\n<p>Apresentamos nosso tender de tecido de camada dupla 100Dtex PVC de alta resist\u00eancia, projetado para durabilidade e desempenho excepcionais. Este tender \u00e9 notavelmente leve, apresentando um casco r\u00edgido de alum\u00ednio anodizado e tubos grandes que garantem uma navega\u00e7\u00e3o confort\u00e1vel em planagem, mesmo com baixa pot\u00eancia.<\/p>\n<p>Os modelos 250 e 270 v\u00eam com um casco \u00fanico e n\u00e3o incluem um locker de proa, enquanto os modelos 290 e 320 possuem um casco moldado equipado com um locker de proa para maior conveni\u00eancia.<\/p>\n<p>O equipamento padr\u00e3o para todos os modelos inclui uma bomba de inflar, um kit de reparo, remos, um banco, uma corda de amarra\u00e7\u00e3o e uma bolsa para o barco. Os tender ultraleves 290 e 320 combinam de maneira \u00fanica leveza e resist\u00eancia, oferecendo caracter\u00edsticas excepcionais de conforto, como um casco contramoldado com um inovador design antiderrapante, um locker de proa para armazenamento de \u00e2ncoras e acess\u00f3rios, e uma proa equipada com uma presilha de grampo.<\/p>\n<p>Cada modelo \u00e9 equipado com assentos e acess\u00f3rios essenciais e pode ser ainda mais aprimorado com um assento pr\u00e1tico que inclui um travesseiro e uma bolsa sob o banco, permitindo aumentar o armazenamento a bordo e a capacidade de transportar itens do tender.<\/p>\n<p>O equipamento inclu\u00eddo compreende:<\/p>\n<ul>\n<li>Bomba infl\u00e1vel<\/li>\n<li>Kit de reparo<\/li>\n<li>Remos<\/li>\n<li> Bolsa do barco<\/li>\n<li>Corda de amarra\u00e7\u00e3o<\/li>\n<li>Bancada<\/li>\n<\/ul>\n<p>Experimente a combina\u00e7\u00e3o perfeita de qualidade, funcionalidade e conforto com nossa gama de tenders, projetados para atender \u00e0s necessidades de cada propriet\u00e1rio de barco.<\/p>\n","protected":false},"excerpt":{"rendered":"<p>Eurovinil Ultralight 3.20m &#8211; Apresentamos nosso tender de tecido de camada dupla 100Dtex PVC de alta resist\u00eancia, projetado para durabilidade<\/p>\n","protected":false},"featured_media":5946150,"comment_status":"open","ping_status":"closed","template":"","meta":[],"product_brand":[2927],"product_cat":[2120],"product_tag":[],"class_list":{"0":"post-750905","1":"product","2":"type-product","3":"status-publish","4":"has-post-thumbnail","6":"product_brand-eurovinil-pt","7":"product_cat-auxiliares-insuflaveis","9":"first","10":"instock","11":"shipping-taxable","12":"purchasable","13":"product-type-simple"},"_links":{"self":[{"href":"https:\/\/stoic-curie.212-227-153-4.plesk.page\/pt\/wp-json\/wp\/v2\/product\/750905","targetHints":{"allow":["GET"]}}],"collection":[{"href":"https:\/\/stoic-curie.212-227-153-4.plesk.page\/pt\/wp-json\/wp\/v2\/product"}],"about":[{"href":"https:\/\/stoic-curie.212-227-153-4.plesk.page\/pt\/wp-json\/wp\/v2\/types\/product"}],"replies":[{"embeddable":true,"href":"https:\/\/stoic-curie.212-227-153-4.plesk.page\/pt\/wp-json\/wp\/v2\/comments?post=750905"}],"version-history":[{"count":0,"href":"https:\/\/stoic-curie.212-227-153-4.plesk.page\/pt\/wp-json\/wp\/v2\/product\/750905\/revisions"}],"wp:featuredmedia":[{"embeddable":true,"href":"https:\/\/stoic-curie.212-227-153-4.plesk.page\/pt\/wp-json\/wp\/v2\/media\/5946150"}],"wp:attachment":[{"href":"https:\/\/stoic-curie.212-227-153-4.plesk.page\/pt\/wp-json\/wp\/v2\/media?parent=750905"}],"wp:term":[{"taxonomy":"product_brand","embeddable":true,"href":"https:\/\/stoic-curie.212-227-153-4.plesk.page\/pt\/wp-json\/wp\/v2\/product_brand?post=750905"},{"taxonomy":"product_cat","embeddable":true,"href":"https:\/\/stoic-curie.212-227-153-4.plesk.page\/pt\/wp-json\/wp\/v2\/product_cat?post=750905"},{"taxonomy":"product_tag","embeddable":true,"href":"https:\/\/stoic-curie.212-227-153-4.plesk.page\/pt\/wp-json\/wp\/v2\/product_tag?post=750905"}],"curies":[{"name":"wp","href":"https:\/\/api.w.org\/{rel}","templated":true}]}}