{"id":750907,"date":"2025-03-03T23:20:18","date_gmt":"2025-03-03T22:20:18","guid":{"rendered":"https:\/\/stoic-curie.212-227-153-4.plesk.page\/producto\/base-para-assento-garelick-para-pedestal\/"},"modified":"2026-02-25T00:28:16","modified_gmt":"2026-02-25T00:28:16","slug":"base-para-assento-garelick-para-pedestal","status":"publish","type":"product","link":"https:\/\/stoic-curie.212-227-153-4.plesk.page\/pt\/product\/base-para-assento-garelick-para-pedestal\/","title":{"rendered":"Base para Assento Garelick para Pedestal"},"content":{"rendered":"<p>Base para Assento Garelick para Pedestal &#8211; <\/p>\n<p>Pedestal de altura ajust\u00e1vel em alum\u00ednio anodizado Garelick com pino de encaixe. Pode ser complementado com um topo padr\u00e3o ou com um topo deslizante de assento para frente e para tr\u00e1s. Ambos os topos v\u00eam equipados com um rolamento em Delrin que elimina o atrito e proporciona uma rota\u00e7\u00e3o perfeita. Di\u00e2metro do pedestal: 73 mm, di\u00e2metro da base: 235 mm.<\/p>\n","protected":false},"excerpt":{"rendered":"<p>Base para Assento Garelick para Pedestal &#8211; Pedestal de altura ajust\u00e1vel em alum\u00ednio anodizado Garelick com pino de encaixe. Pode<\/p>\n","protected":false},"featured_media":5946221,"comment_status":"open","ping_status":"closed","template":"","meta":[],"product_brand":[2967],"product_cat":[1965,1985],"product_tag":[],"class_list":{"0":"post-750907","1":"product","2":"type-product","3":"status-publish","4":"has-post-thumbnail","6":"product_brand-garelick-pt","7":"product_cat-assentos","8":"product_cat-pedestais-de-assento","10":"first","11":"instock","12":"shipping-taxable","13":"purchasable","14":"product-type-simple"},"_links":{"self":[{"href":"https:\/\/stoic-curie.212-227-153-4.plesk.page\/pt\/wp-json\/wp\/v2\/product\/750907","targetHints":{"allow":["GET"]}}],"collection":[{"href":"https:\/\/stoic-curie.212-227-153-4.plesk.page\/pt\/wp-json\/wp\/v2\/product"}],"about":[{"href":"https:\/\/stoic-curie.212-227-153-4.plesk.page\/pt\/wp-json\/wp\/v2\/types\/product"}],"replies":[{"embeddable":true,"href":"https:\/\/stoic-curie.212-227-153-4.plesk.page\/pt\/wp-json\/wp\/v2\/comments?post=750907"}],"version-history":[{"count":0,"href":"https:\/\/stoic-curie.212-227-153-4.plesk.page\/pt\/wp-json\/wp\/v2\/product\/750907\/revisions"}],"wp:featuredmedia":[{"embeddable":true,"href":"https:\/\/stoic-curie.212-227-153-4.plesk.page\/pt\/wp-json\/wp\/v2\/media\/5946221"}],"wp:attachment":[{"href":"https:\/\/stoic-curie.212-227-153-4.plesk.page\/pt\/wp-json\/wp\/v2\/media?parent=750907"}],"wp:term":[{"taxonomy":"product_brand","embeddable":true,"href":"https:\/\/stoic-curie.212-227-153-4.plesk.page\/pt\/wp-json\/wp\/v2\/product_brand?post=750907"},{"taxonomy":"product_cat","embeddable":true,"href":"https:\/\/stoic-curie.212-227-153-4.plesk.page\/pt\/wp-json\/wp\/v2\/product_cat?post=750907"},{"taxonomy":"product_tag","embeddable":true,"href":"https:\/\/stoic-curie.212-227-153-4.plesk.page\/pt\/wp-json\/wp\/v2\/product_tag?post=750907"}],"curies":[{"name":"wp","href":"https:\/\/api.w.org\/{rel}","templated":true}]}}