{"id":750908,"date":"2025-03-03T23:20:19","date_gmt":"2025-03-03T22:20:19","guid":{"rendered":"https:\/\/stoic-curie.212-227-153-4.plesk.page\/producto\/escada-telescopica-garelick-3-degraus-84-x-28cm\/"},"modified":"2026-02-25T00:28:16","modified_gmt":"2026-02-25T00:28:16","slug":"escada-telescopica-garelick-3-degraus-84-x-28cm","status":"publish","type":"product","link":"https:\/\/stoic-curie.212-227-153-4.plesk.page\/pt\/product\/escada-telescopica-garelick-3-degraus-84-x-28cm\/","title":{"rendered":"Escada Telesc\u00f3pica Garelick 3 Degraus"},"content":{"rendered":"<p>Escada Telesc\u00f3pica Garelick 3 Degraus &#8211; <\/p>\n<p>Estamos empolgados em apresentar nossa escada telesc\u00f3pica de alum\u00ednio anodizado, que possui um acabamento resistente de \u00f3xido duro. Esta escada \u00e9 projetada com uma estrutura robusta de eixo central e degraus retr\u00e1teis que se integram sem esfor\u00e7o ao transom. Ela conta com um mecanismo de encaixe simples, permitindo uma extens\u00e3o suave enquanto se mant\u00e9m discreta e facilmente acess\u00edvel.<\/p>\n<p>Sutil, mas instantaneamente dispon\u00edvel, a escada de transom integrada Garelick est\u00e1 quase totalmente ocultada quando n\u00e3o est\u00e1 em opera\u00e7\u00e3o. O \u00fanico componente vis\u00edvel \u00e9 uma placa frontal elegante e estilosa equipada com um mecanismo de travamento e destravamento. A escada \u00e9 armazenada em um tubo que est\u00e1 embutido dentro dos compartimentos internos do casco.<\/p>\n<p>Quando a escada \u00e9 necess\u00e1ria, basta liberar a trava e deslizar para tr\u00e1s em um movimento fluido, permitindo que ela se incline na \u00e1gua. Assim que extra\u00edda de seu tubo de armazenamento, os degraus moldados da escada se desdobram sem esfor\u00e7o, formando uma s\u00e9rie de passos robustos e pr\u00e1ticos para embarque e desembarque f\u00e1ceis.<\/p>\n<p>Esta escada de transom montada Garelick vem em duas varia\u00e7\u00f5es com dimens\u00f5es aproximadas diferentes:<\/p>\n<ul>\n<li>3 degraus: Comprimento total (tubo de armazenamento): 96,5 cm \/ Comprimento da escada (desdobrada): 74,9 cm<\/li>\n<\/ul>\n<p>Caracter\u00edsticas Principais:<\/p>\n<ul>\n<li>Permite reembarque independente<\/li>\n<li>Recuo total dentro do transom e casco<\/li>\n<li>Tr\u00eas degraus distintos para f\u00e1cil acesso<\/li>\n<li>Anel de libera\u00e7\u00e3o r\u00e1pida com trava autotrancante para configura\u00e7\u00e3o simples<\/li>\n<li>Corpo em canal de alum\u00ednio anodizado se estende em um \u00e2ngulo de 15\u00b0<\/li>\n<li>Acomoda uma capacidade de peso de embarque de 250 a 300 lbs.<\/li>\n<\/ul>\n<p>Descubra uma escada que une praticidade \u00e0 facilidade de uso.<\/p>\n","protected":false},"excerpt":{"rendered":"<p>Escada Telesc\u00f3pica Garelick 3 Degraus &#8211; Estamos empolgados em apresentar nossa escada telesc\u00f3pica de alum\u00ednio anodizado, que possui um acabamento<\/p>\n","protected":false},"featured_media":5946225,"comment_status":"open","ping_status":"closed","template":"","meta":[],"product_brand":[2967],"product_cat":[1905],"product_tag":[],"class_list":{"0":"post-750908","1":"product","2":"type-product","3":"status-publish","4":"has-post-thumbnail","6":"product_brand-garelick-pt","7":"product_cat-escadas","9":"first","10":"instock","11":"shipping-taxable","12":"purchasable","13":"product-type-simple"},"_links":{"self":[{"href":"https:\/\/stoic-curie.212-227-153-4.plesk.page\/pt\/wp-json\/wp\/v2\/product\/750908","targetHints":{"allow":["GET"]}}],"collection":[{"href":"https:\/\/stoic-curie.212-227-153-4.plesk.page\/pt\/wp-json\/wp\/v2\/product"}],"about":[{"href":"https:\/\/stoic-curie.212-227-153-4.plesk.page\/pt\/wp-json\/wp\/v2\/types\/product"}],"replies":[{"embeddable":true,"href":"https:\/\/stoic-curie.212-227-153-4.plesk.page\/pt\/wp-json\/wp\/v2\/comments?post=750908"}],"version-history":[{"count":0,"href":"https:\/\/stoic-curie.212-227-153-4.plesk.page\/pt\/wp-json\/wp\/v2\/product\/750908\/revisions"}],"wp:featuredmedia":[{"embeddable":true,"href":"https:\/\/stoic-curie.212-227-153-4.plesk.page\/pt\/wp-json\/wp\/v2\/media\/5946225"}],"wp:attachment":[{"href":"https:\/\/stoic-curie.212-227-153-4.plesk.page\/pt\/wp-json\/wp\/v2\/media?parent=750908"}],"wp:term":[{"taxonomy":"product_brand","embeddable":true,"href":"https:\/\/stoic-curie.212-227-153-4.plesk.page\/pt\/wp-json\/wp\/v2\/product_brand?post=750908"},{"taxonomy":"product_cat","embeddable":true,"href":"https:\/\/stoic-curie.212-227-153-4.plesk.page\/pt\/wp-json\/wp\/v2\/product_cat?post=750908"},{"taxonomy":"product_tag","embeddable":true,"href":"https:\/\/stoic-curie.212-227-153-4.plesk.page\/pt\/wp-json\/wp\/v2\/product_tag?post=750908"}],"curies":[{"name":"wp","href":"https:\/\/api.w.org\/{rel}","templated":true}]}}