{"id":750911,"date":"2025-03-03T23:24:46","date_gmt":"2025-03-03T22:24:46","guid":{"rendered":"https:\/\/stoic-curie.212-227-153-4.plesk.page\/producto\/plataforma-de-teca-390-x-450-mm-com-escada-retratil\/"},"modified":"2026-02-25T00:28:17","modified_gmt":"2026-02-25T00:28:17","slug":"plataforma-de-teca-390-x-450-mm-com-escada-retratil","status":"publish","type":"product","link":"https:\/\/stoic-curie.212-227-153-4.plesk.page\/pt\/product\/plataforma-de-teca-390-x-450-mm-com-escada-retratil\/","title":{"rendered":"Plataforma de Teca 390 x 450 mm com Escada Retr\u00e1til"},"content":{"rendered":"<p>Plataforma de Teca 390 x 450 mm com Escada Retr\u00e1til &#8211; <\/p>\n<p>Plataforma de nata\u00e7\u00e3o de transom em a\u00e7o inoxid\u00e1vel 316 com pranchas de teca e uma escada telesc\u00f3pica de 3 degraus montada por baixo.<\/p>\n","protected":false},"excerpt":{"rendered":"<p>Plataforma de Teca 390 x 450 mm com Escada Retr\u00e1til &#8211; Plataforma de nata\u00e7\u00e3o de transom em a\u00e7o inoxid\u00e1vel 316<\/p>\n","protected":false},"featured_media":5946231,"comment_status":"open","ping_status":"closed","template":"","meta":[],"product_brand":[3492],"product_cat":[1901,1981],"product_tag":[],"class_list":{"0":"post-750911","1":"product","2":"type-product","3":"status-publish","4":"has-post-thumbnail","6":"product_brand-trem-pt","7":"product_cat-plataforma-para-banho-mergulho","8":"product_cat-plataformas-de-popa-hardware-nautico","10":"first","11":"instock","12":"shipping-taxable","13":"purchasable","14":"product-type-simple"},"_links":{"self":[{"href":"https:\/\/stoic-curie.212-227-153-4.plesk.page\/pt\/wp-json\/wp\/v2\/product\/750911","targetHints":{"allow":["GET"]}}],"collection":[{"href":"https:\/\/stoic-curie.212-227-153-4.plesk.page\/pt\/wp-json\/wp\/v2\/product"}],"about":[{"href":"https:\/\/stoic-curie.212-227-153-4.plesk.page\/pt\/wp-json\/wp\/v2\/types\/product"}],"replies":[{"embeddable":true,"href":"https:\/\/stoic-curie.212-227-153-4.plesk.page\/pt\/wp-json\/wp\/v2\/comments?post=750911"}],"version-history":[{"count":0,"href":"https:\/\/stoic-curie.212-227-153-4.plesk.page\/pt\/wp-json\/wp\/v2\/product\/750911\/revisions"}],"wp:featuredmedia":[{"embeddable":true,"href":"https:\/\/stoic-curie.212-227-153-4.plesk.page\/pt\/wp-json\/wp\/v2\/media\/5946231"}],"wp:attachment":[{"href":"https:\/\/stoic-curie.212-227-153-4.plesk.page\/pt\/wp-json\/wp\/v2\/media?parent=750911"}],"wp:term":[{"taxonomy":"product_brand","embeddable":true,"href":"https:\/\/stoic-curie.212-227-153-4.plesk.page\/pt\/wp-json\/wp\/v2\/product_brand?post=750911"},{"taxonomy":"product_cat","embeddable":true,"href":"https:\/\/stoic-curie.212-227-153-4.plesk.page\/pt\/wp-json\/wp\/v2\/product_cat?post=750911"},{"taxonomy":"product_tag","embeddable":true,"href":"https:\/\/stoic-curie.212-227-153-4.plesk.page\/pt\/wp-json\/wp\/v2\/product_tag?post=750911"}],"curies":[{"name":"wp","href":"https:\/\/api.w.org\/{rel}","templated":true}]}}