{"id":750912,"date":"2025-03-03T23:24:48","date_gmt":"2025-03-03T22:24:48","guid":{"rendered":"https:\/\/stoic-curie.212-227-153-4.plesk.page\/producto\/plataforma-de-teca-e-aco-inoxidavel-1000-x-380-mm-com-escada-de-tres-degraus\/"},"modified":"2026-02-25T00:28:17","modified_gmt":"2026-02-25T00:28:17","slug":"plataforma-de-teca-e-aco-inoxidavel-1000-x-380-mm-com-escada-de-tres-degraus","status":"publish","type":"product","link":"https:\/\/stoic-curie.212-227-153-4.plesk.page\/pt\/product\/plataforma-de-teca-e-aco-inoxidavel-1000-x-380-mm-com-escada-de-tres-degraus\/","title":{"rendered":"Plataforma de Teca e A\u00e7o Inoxid\u00e1vel 1000 x 380 mm com Escada de Tr\u00eas Degraus"},"content":{"rendered":"<p>Plataforma de Teca e A\u00e7o Inoxid\u00e1vel 1000 x 380 mm com Escada de Tr\u00eas Degraus &#8211; <\/p>\n<p>Estrutura em a\u00e7o inoxid\u00e1vel 316 e pranchas de teca para uma grande plataforma de nata\u00e7\u00e3o de popa. Escada telesc\u00f3pica de 3 degraus (L 37 cm recolhida \/ L 87 cm estendida). A escada pode ser dobrada e guardada em uma gaiola sob a plataforma.<\/p>\n","protected":false},"excerpt":{"rendered":"<p>Plataforma de Teca e A\u00e7o Inoxid\u00e1vel 1000 x 380 mm com Escada de Tr\u00eas Degraus &#8211; Estrutura em a\u00e7o inoxid\u00e1vel<\/p>\n","protected":false},"featured_media":5946233,"comment_status":"open","ping_status":"closed","template":"","meta":[],"product_brand":[3492],"product_cat":[1901,1981],"product_tag":[],"class_list":{"0":"post-750912","1":"product","2":"type-product","3":"status-publish","4":"has-post-thumbnail","6":"product_brand-trem-pt","7":"product_cat-plataforma-para-banho-mergulho","8":"product_cat-plataformas-de-popa-hardware-nautico","10":"first","11":"instock","12":"shipping-taxable","13":"purchasable","14":"product-type-simple"},"_links":{"self":[{"href":"https:\/\/stoic-curie.212-227-153-4.plesk.page\/pt\/wp-json\/wp\/v2\/product\/750912","targetHints":{"allow":["GET"]}}],"collection":[{"href":"https:\/\/stoic-curie.212-227-153-4.plesk.page\/pt\/wp-json\/wp\/v2\/product"}],"about":[{"href":"https:\/\/stoic-curie.212-227-153-4.plesk.page\/pt\/wp-json\/wp\/v2\/types\/product"}],"replies":[{"embeddable":true,"href":"https:\/\/stoic-curie.212-227-153-4.plesk.page\/pt\/wp-json\/wp\/v2\/comments?post=750912"}],"version-history":[{"count":0,"href":"https:\/\/stoic-curie.212-227-153-4.plesk.page\/pt\/wp-json\/wp\/v2\/product\/750912\/revisions"}],"wp:featuredmedia":[{"embeddable":true,"href":"https:\/\/stoic-curie.212-227-153-4.plesk.page\/pt\/wp-json\/wp\/v2\/media\/5946233"}],"wp:attachment":[{"href":"https:\/\/stoic-curie.212-227-153-4.plesk.page\/pt\/wp-json\/wp\/v2\/media?parent=750912"}],"wp:term":[{"taxonomy":"product_brand","embeddable":true,"href":"https:\/\/stoic-curie.212-227-153-4.plesk.page\/pt\/wp-json\/wp\/v2\/product_brand?post=750912"},{"taxonomy":"product_cat","embeddable":true,"href":"https:\/\/stoic-curie.212-227-153-4.plesk.page\/pt\/wp-json\/wp\/v2\/product_cat?post=750912"},{"taxonomy":"product_tag","embeddable":true,"href":"https:\/\/stoic-curie.212-227-153-4.plesk.page\/pt\/wp-json\/wp\/v2\/product_tag?post=750912"}],"curies":[{"name":"wp","href":"https:\/\/api.w.org\/{rel}","templated":true}]}}