{"id":750917,"date":"2025-03-03T23:24:49","date_gmt":"2025-03-03T22:24:49","guid":{"rendered":"https:\/\/stoic-curie.212-227-153-4.plesk.page\/producto\/deposito-de-combustivel-can-sb-bravo-210lt-1100-x-1000-x-h262mm\/"},"modified":"2026-02-25T00:28:17","modified_gmt":"2026-02-25T00:28:17","slug":"deposito-de-combustivel-can-sb-bravo-210lt-1100-x-1000-x-h262mm","status":"publish","type":"product","link":"https:\/\/stoic-curie.212-227-153-4.plesk.page\/pt\/product\/deposito-de-combustivel-can-sb-bravo-210lt-1100-x-1000-x-h262mm\/","title":{"rendered":"Dep\u00f3sito de Combust\u00edvel Can-SB Bravo 210lt 1100 x 1000 x H262mm"},"content":{"rendered":"<p>Dep\u00f3sito de Combust\u00edvel Can-SB Bravo 210lt 1100 x 1000 x H262mm &#8211; <\/p>\n<p style=\"color: rgb(34, 34, 34); font-family: Arial, Helvetica, sans-serif; font-size: small;\">Estamos empolgados em apresentar o tanque de combust\u00edvel BRAVO2 de 210 litros.<\/p>\n<p style=\"color: rgb(34, 34, 34); font-family: Arial, Helvetica, sans-serif; font-size: small;\">O tanque de combust\u00edvel BRAVO2 de 210 litros \u00e9 uma solu\u00e7\u00e3o altamente confi\u00e1vel e dur\u00e1vel, projetada especificamente para todas as suas necessidades de armazenamento de combust\u00edvel. Este tanque \u00e9 constru\u00eddo em polietileno de alta densidade, um material conhecido por sua resist\u00eancia e longevidade. Isso garante que o tanque n\u00e3o apenas dure muitos anos, mas tamb\u00e9m armazene com seguran\u00e7a uma variedade de subst\u00e2ncias, incluindo \u00e1cidos e combust\u00edveis. O design cuidadoso do tanque BRAVO2 inclui um visor de inspe\u00e7\u00e3o padr\u00e3o equipado com uma tampa segura, uma ventila\u00e7\u00e3o para controle eficaz da press\u00e3o e um terminal de ventila\u00e7\u00e3o de ar de 3\/8\u201d que promove o fluxo de ar adequado, essencial para manter a integridade do combust\u00edvel armazenado.<\/p>\n<p style=\"color: rgb(34, 34, 34); font-family: Arial, Helvetica, sans-serif; font-size: small;\">O tanque BRAVO2 \u00e9 entregue pronto para uso imediato, com uma entrada de combust\u00edvel embutida que simplifica o processo de transfer\u00eancia de combust\u00edvel. O visor de inspe\u00e7\u00e3o \u00e9 projetado para acomodar um medidor de combust\u00edvel, permitindo que voc\u00ea escolha entre uma vers\u00e3o mec\u00e2nica ou el\u00e9trica, de acordo com sua prefer\u00eancia. Esse recurso melhora a usabilidade do tanque, facilitando a monitoriza\u00e7\u00e3o precisa dos n\u00edveis de combust\u00edvel. Al\u00e9m disso, o tanque inclui um terminal angulado de 1\/4\u201d que pode ser conectado a uma mangueira de borracha. Isso permite que funcione como uma segunda entrada de combust\u00edvel ou como uma linha de retorno de diesel para instala\u00e7\u00f5es fixas, oferecendo versatilidade para diversas aplica\u00e7\u00f5es.<\/p>\n<p style=\"color: rgb(34, 34, 34); font-family: Arial, Helvetica, sans-serif; font-size: small;\">Uma das caracter\u00edsticas marcantes do tanque BRAVO2 \u00e9 sua forma de casco inferior especialmente projetada, que oferece estabilidade e efici\u00eancia. Este tanque de combust\u00edvel de polietileno reticulado \u00e9 projetado para fornecer uma solu\u00e7\u00e3o de armazenamento segura e est\u00e1vel. Inclui um visor de inspe\u00e7\u00e3o para f\u00e1cil acesso, uma ventila\u00e7\u00e3o de 17\/19 mm que garante ventila\u00e7\u00e3o eficaz e um tubo de imers\u00e3o de 12 mm que permite medi\u00e7\u00f5es precisas do n\u00edvel de combust\u00edvel. Al\u00e9m disso, o tanque \u00e9 equipado com uma tampa rosqueada que garante um selamento seguro, evitando vazamentos ou derramamentos.<\/p>\n<p style=\"color: rgb(34, 34, 34); font-family: Arial, Helvetica, sans-serif; font-size: small;\">Para aqueles que necessitam de personaliza\u00e7\u00e3o, o tanque BRAVO2 pode ser adaptado \u00e0s suas necessidades espec\u00edficas com entradas de 38\/50\/60 mm. Essa flexibilidade permite que voc\u00ea adapte o tanque para diferentes tipos de combust\u00edvel e requisitos de armazenamento, tornando-o uma escolha ideal tanto para uso pessoal quanto comercial.<\/p>\n<p style=\"color: rgb(34, 34, 34); font-family: Arial, Helvetica, sans-serif; font-size: small;\">Para garantir os mais altos padr\u00f5es de qualidade e seguran\u00e7a, o tanque de combust\u00edvel BRAVO2 possui certifica\u00e7\u00e3o CE-ISO21487. Essa certifica\u00e7\u00e3o fornece a confian\u00e7a de que voc\u00ea est\u00e1 escolhendo um produto que atende a rigorosos padr\u00f5es da ind\u00fastria, garantindo confiabilidade e seguran\u00e7a em suas solu\u00e7\u00f5es de armazenamento de combust\u00edvel.<\/p>\n<p style=\"color: rgb(34, 34, 34); font-family: Arial, Helvetica, sans-serif; font-size: small;\">Se voc\u00ea \u00e9 um entusiasta de barcos em busca de uma op\u00e7\u00e3o confi\u00e1vel de armazenamento de combust\u00edvel para sua embarca\u00e7\u00e3o ou um operador comercial que precisa de uma solu\u00e7\u00e3o robusta para gerenciamento de combust\u00edvel, o tanque de combust\u00edvel BRAVO2 de 210 litros \u00e9 a escolha perfeita. Com sua combina\u00e7\u00e3o de durabilidade, funcionalidade e caracter\u00edsticas de seguran\u00e7a, voc\u00ea pode confiar que este tanque atender\u00e1 suas necessidades de armazenamento de combust\u00edvel de forma eficaz e eficiente. Escolha o tanque BRAVO2 como uma solu\u00e7\u00e3o confi\u00e1vel e duradoura para seus requisitos de armazenamento de combust\u00edvel.<\/p>\n","protected":false},"excerpt":{"rendered":"<p>Dep\u00f3sito de Combust\u00edvel Can-SB Bravo 210lt 1100 x 1000 x H262mm &#8211; Estamos empolgados em apresentar o tanque de combust\u00edvel<\/p>\n","protected":false},"featured_media":5946241,"comment_status":"open","ping_status":"closed","template":"","meta":[],"product_brand":[2857],"product_cat":[2087],"product_tag":[],"class_list":{"0":"post-750917","1":"product","2":"type-product","3":"status-publish","4":"has-post-thumbnail","6":"product_brand-can-marine-pt","7":"product_cat-tanques-de-combustivel","9":"first","10":"instock","11":"shipping-taxable","12":"purchasable","13":"product-type-simple"},"_links":{"self":[{"href":"https:\/\/stoic-curie.212-227-153-4.plesk.page\/pt\/wp-json\/wp\/v2\/product\/750917","targetHints":{"allow":["GET"]}}],"collection":[{"href":"https:\/\/stoic-curie.212-227-153-4.plesk.page\/pt\/wp-json\/wp\/v2\/product"}],"about":[{"href":"https:\/\/stoic-curie.212-227-153-4.plesk.page\/pt\/wp-json\/wp\/v2\/types\/product"}],"replies":[{"embeddable":true,"href":"https:\/\/stoic-curie.212-227-153-4.plesk.page\/pt\/wp-json\/wp\/v2\/comments?post=750917"}],"version-history":[{"count":0,"href":"https:\/\/stoic-curie.212-227-153-4.plesk.page\/pt\/wp-json\/wp\/v2\/product\/750917\/revisions"}],"wp:featuredmedia":[{"embeddable":true,"href":"https:\/\/stoic-curie.212-227-153-4.plesk.page\/pt\/wp-json\/wp\/v2\/media\/5946241"}],"wp:attachment":[{"href":"https:\/\/stoic-curie.212-227-153-4.plesk.page\/pt\/wp-json\/wp\/v2\/media?parent=750917"}],"wp:term":[{"taxonomy":"product_brand","embeddable":true,"href":"https:\/\/stoic-curie.212-227-153-4.plesk.page\/pt\/wp-json\/wp\/v2\/product_brand?post=750917"},{"taxonomy":"product_cat","embeddable":true,"href":"https:\/\/stoic-curie.212-227-153-4.plesk.page\/pt\/wp-json\/wp\/v2\/product_cat?post=750917"},{"taxonomy":"product_tag","embeddable":true,"href":"https:\/\/stoic-curie.212-227-153-4.plesk.page\/pt\/wp-json\/wp\/v2\/product_tag?post=750917"}],"curies":[{"name":"wp","href":"https:\/\/api.w.org\/{rel}","templated":true}]}}