{"id":750918,"date":"2025-03-03T23:24:50","date_gmt":"2025-03-03T22:24:50","guid":{"rendered":"https:\/\/stoic-curie.212-227-153-4.plesk.page\/producto\/deposito-de-combustivel-can-sb-255lt-1100-x-1000-x-h342mm\/"},"modified":"2026-02-25T00:28:17","modified_gmt":"2026-02-25T00:28:17","slug":"deposito-de-combustivel-can-sb-255lt-1100-x-1000-x-h342mm","status":"publish","type":"product","link":"https:\/\/stoic-curie.212-227-153-4.plesk.page\/pt\/product\/deposito-de-combustivel-can-sb-255lt-1100-x-1000-x-h342mm\/","title":{"rendered":"Dep\u00f3sito de Combust\u00edvel Can-SB 255lt (1100 x 1000 x H342mm)"},"content":{"rendered":"<p>Dep\u00f3sito de Combust\u00edvel Can-SB 255lt (1100 x 1000 x H342mm) &#8211; <\/p>\n<p style=\"color: rgb(34, 34, 34); font-family: Arial, Helvetica, sans-serif; font-size: small;\">Apresentando o Tanque de Combust\u00edvel BRAVO2 de 255 Litros<\/p>\n<p style=\"color: rgb(34, 34, 34); font-family: Arial, Helvetica, sans-serif; font-size: small;\">Estamos empolgados em apresentar o Tanque de Combust\u00edvel BRAVO2 de 255 litros, uma solu\u00e7\u00e3o de alta capacidade projetada para atender \u00e0s suas necessidades de armazenamento de combust\u00edvel com excepcional confiabilidade e durabilidade. Este tanque \u00e9 elaborado a partir de polietileno de alta densidade resistente, o que n\u00e3o s\u00f3 garante sua longevidade, mas tamb\u00e9m o torna adequado para armazenar uma ampla gama de subst\u00e2ncias, incluindo \u00e1cidos e combust\u00edveis. Seu design incorpora um escotilha de inspe\u00e7\u00e3o padr\u00e3o com uma tampa segura, um ventilador para regula\u00e7\u00e3o de press\u00e3o e um terminal de ventila\u00e7\u00e3o de ar de 3\/8\u201d para facilitar o fluxo de ar ideal.<\/p>\n<p style=\"color: rgb(34, 34, 34); font-family: Arial, Helvetica, sans-serif; font-size: small;\">O tanque BRAVO2 \u00e9 cuidadosamente equipado com um sistema de capta\u00e7\u00e3o de combust\u00edvel, permitindo uso imediato assim que retirado da caixa. O escotilha de inspe\u00e7\u00e3o \u00e9 vers\u00e1til o suficiente para acomodar um medidor de combust\u00edvel, seja voc\u00ea prefira uma op\u00e7\u00e3o mec\u00e2nica ou el\u00e9trica. Al\u00e9m disso, possui um terminal de cotovelo de 1\/4\u201d que pode ser conectado a uma mangueira de borracha, oferecendo flexibilidade para servir como uma segunda capta\u00e7\u00e3o de combust\u00edvel ou como uma linha de retorno de diesel para instala\u00e7\u00f5es fixas.<\/p>\n<p style=\"color: rgb(34, 34, 34); font-family: Arial, Helvetica, sans-serif; font-size: small;\">Projetado com uma forma \u00fanica de casco inferior, este tanque de combust\u00edvel em polietileno reticulado \u00e9 fabricado para estabilidade e efici\u00eancia. Inclui uma escotilha de inspe\u00e7\u00e3o, um ventilador de 17\/19 mm para ventila\u00e7\u00e3o eficaz, um tubo de 12 mm para medi\u00e7\u00e3o precisa e uma tampa roscada para garantir um fechamento seguro. Al\u00e9m disso, o tanque pode ser personalizado com entradas de 38\/50\/60 mm para atender \u00e0s suas necessidades espec\u00edficas.<\/p>\n<p style=\"color: rgb(34, 34, 34); font-family: Arial, Helvetica, sans-serif; font-size: small;\">Para garantir qualidade e seguran\u00e7a, o tanque de combust\u00edvel BRAVO2 possui certifica\u00e7\u00e3o CE-ISO21487, proporcionando-lhe a tranquilidade de saber que est\u00e1 investindo em um produto que atende a rigorosos padr\u00f5es da ind\u00fastria. Seja para uso pessoal ou comercial, o Tanque de Combust\u00edvel BRAVO2 de 255 Litros \u00e9 a escolha ideal para armazenamento confi\u00e1vel de combust\u00edvel.<\/p>\n","protected":false},"excerpt":{"rendered":"<p>Dep\u00f3sito de Combust\u00edvel Can-SB 255lt (1100 x 1000 x H342mm) &#8211; Apresentando o Tanque de Combust\u00edvel BRAVO2 de 255 Litros<\/p>\n","protected":false},"featured_media":5946241,"comment_status":"open","ping_status":"closed","template":"","meta":[],"product_brand":[2857],"product_cat":[2087],"product_tag":[],"class_list":{"0":"post-750918","1":"product","2":"type-product","3":"status-publish","4":"has-post-thumbnail","6":"product_brand-can-marine-pt","7":"product_cat-tanques-de-combustivel","9":"first","10":"instock","11":"shipping-taxable","12":"purchasable","13":"product-type-simple"},"_links":{"self":[{"href":"https:\/\/stoic-curie.212-227-153-4.plesk.page\/pt\/wp-json\/wp\/v2\/product\/750918","targetHints":{"allow":["GET"]}}],"collection":[{"href":"https:\/\/stoic-curie.212-227-153-4.plesk.page\/pt\/wp-json\/wp\/v2\/product"}],"about":[{"href":"https:\/\/stoic-curie.212-227-153-4.plesk.page\/pt\/wp-json\/wp\/v2\/types\/product"}],"replies":[{"embeddable":true,"href":"https:\/\/stoic-curie.212-227-153-4.plesk.page\/pt\/wp-json\/wp\/v2\/comments?post=750918"}],"version-history":[{"count":0,"href":"https:\/\/stoic-curie.212-227-153-4.plesk.page\/pt\/wp-json\/wp\/v2\/product\/750918\/revisions"}],"wp:featuredmedia":[{"embeddable":true,"href":"https:\/\/stoic-curie.212-227-153-4.plesk.page\/pt\/wp-json\/wp\/v2\/media\/5946241"}],"wp:attachment":[{"href":"https:\/\/stoic-curie.212-227-153-4.plesk.page\/pt\/wp-json\/wp\/v2\/media?parent=750918"}],"wp:term":[{"taxonomy":"product_brand","embeddable":true,"href":"https:\/\/stoic-curie.212-227-153-4.plesk.page\/pt\/wp-json\/wp\/v2\/product_brand?post=750918"},{"taxonomy":"product_cat","embeddable":true,"href":"https:\/\/stoic-curie.212-227-153-4.plesk.page\/pt\/wp-json\/wp\/v2\/product_cat?post=750918"},{"taxonomy":"product_tag","embeddable":true,"href":"https:\/\/stoic-curie.212-227-153-4.plesk.page\/pt\/wp-json\/wp\/v2\/product_tag?post=750918"}],"curies":[{"name":"wp","href":"https:\/\/api.w.org\/{rel}","templated":true}]}}