{"id":750919,"date":"2025-03-03T23:24:50","date_gmt":"2025-03-03T22:24:50","guid":{"rendered":"https:\/\/stoic-curie.212-227-153-4.plesk.page\/producto\/deposito-de-agua-can-sb-100lt-915-x-410-x-h300mm\/"},"modified":"2026-02-25T00:28:17","modified_gmt":"2026-02-25T00:28:17","slug":"deposito-de-agua-can-sb-100lt-915-x-410-x-h300mm","status":"publish","type":"product","link":"https:\/\/stoic-curie.212-227-153-4.plesk.page\/pt\/product\/deposito-de-agua-can-sb-100lt-915-x-410-x-h300mm\/","title":{"rendered":"Dep\u00f3sito de \u00c1gua Can-SB 100lt (915 x 410 x H300mm)"},"content":{"rendered":"<p>Dep\u00f3sito de \u00c1gua Can-SB 100lt (915 x 410 x H300mm) &#8211; <\/p>\n<p>Tanques de polietileno da linha branca para \u00e1gua doce, completos com abertura, tampa ventilada, tubo de imers\u00e3o e 2 conectores de tubo para mangueira 3\/8&#8243; x \u00d810\/12\/16\/18 mm.<\/p>\n","protected":false},"excerpt":{"rendered":"<p>Dep\u00f3sito de \u00c1gua Can-SB 100lt (915 x 410 x H300mm) &#8211; Tanques de polietileno da linha branca para \u00e1gua doce,<\/p>\n","protected":false},"featured_media":5946243,"comment_status":"open","ping_status":"closed","template":"","meta":[],"product_brand":[2857],"product_cat":[1951],"product_tag":[],"class_list":{"0":"post-750919","1":"product","2":"type-product","3":"status-publish","4":"has-post-thumbnail","6":"product_brand-can-marine-pt","7":"product_cat-tanques-de-agua","9":"first","10":"instock","11":"shipping-taxable","12":"purchasable","13":"product-type-simple"},"_links":{"self":[{"href":"https:\/\/stoic-curie.212-227-153-4.plesk.page\/pt\/wp-json\/wp\/v2\/product\/750919","targetHints":{"allow":["GET"]}}],"collection":[{"href":"https:\/\/stoic-curie.212-227-153-4.plesk.page\/pt\/wp-json\/wp\/v2\/product"}],"about":[{"href":"https:\/\/stoic-curie.212-227-153-4.plesk.page\/pt\/wp-json\/wp\/v2\/types\/product"}],"replies":[{"embeddable":true,"href":"https:\/\/stoic-curie.212-227-153-4.plesk.page\/pt\/wp-json\/wp\/v2\/comments?post=750919"}],"version-history":[{"count":0,"href":"https:\/\/stoic-curie.212-227-153-4.plesk.page\/pt\/wp-json\/wp\/v2\/product\/750919\/revisions"}],"wp:featuredmedia":[{"embeddable":true,"href":"https:\/\/stoic-curie.212-227-153-4.plesk.page\/pt\/wp-json\/wp\/v2\/media\/5946243"}],"wp:attachment":[{"href":"https:\/\/stoic-curie.212-227-153-4.plesk.page\/pt\/wp-json\/wp\/v2\/media?parent=750919"}],"wp:term":[{"taxonomy":"product_brand","embeddable":true,"href":"https:\/\/stoic-curie.212-227-153-4.plesk.page\/pt\/wp-json\/wp\/v2\/product_brand?post=750919"},{"taxonomy":"product_cat","embeddable":true,"href":"https:\/\/stoic-curie.212-227-153-4.plesk.page\/pt\/wp-json\/wp\/v2\/product_cat?post=750919"},{"taxonomy":"product_tag","embeddable":true,"href":"https:\/\/stoic-curie.212-227-153-4.plesk.page\/pt\/wp-json\/wp\/v2\/product_tag?post=750919"}],"curies":[{"name":"wp","href":"https:\/\/api.w.org\/{rel}","templated":true}]}}