{"id":750923,"date":"2025-03-03T23:24:51","date_gmt":"2025-03-03T22:24:51","guid":{"rendered":"https:\/\/stoic-curie.212-227-153-4.plesk.page\/producto\/deposito-de-agua-can-sb-sem-tampa-38lt-490-x-355-x-h240mm\/"},"modified":"2026-02-25T00:28:17","modified_gmt":"2026-02-25T00:28:17","slug":"deposito-de-agua-can-sb-sem-tampa-38lt-490-x-355-x-h240mm","status":"publish","type":"product","link":"https:\/\/stoic-curie.212-227-153-4.plesk.page\/pt\/product\/deposito-de-agua-can-sb-sem-tampa-38lt-490-x-355-x-h240mm\/","title":{"rendered":"Dep\u00f3sito de \u00c1gua Can-SB Sem Tampa 38lt (490 x 355 x H240mm)"},"content":{"rendered":"<p>Dep\u00f3sito de \u00c1gua Can-SB Sem Tampa 38lt (490 x 355 x H240mm) &#8211; <\/p>\n<p>Tanques de polietileno para \u00e1gua doce com ou sem tampa. A vers\u00e3o com tampa vem completa com tubo de imers\u00e3o, conector girat\u00f3rio de tubo para mangueira de 38 mm e dois conectores de tubo para mangueira de 3\/8&#8243;.<\/p>\n","protected":false},"excerpt":{"rendered":"<p>Dep\u00f3sito de \u00c1gua Can-SB Sem Tampa 38lt (490 x 355 x H240mm) &#8211; Tanques de polietileno para \u00e1gua doce com<\/p>\n","protected":false},"featured_media":5946248,"comment_status":"open","ping_status":"closed","template":"","meta":[],"product_brand":[2857],"product_cat":[1951],"product_tag":[],"class_list":{"0":"post-750923","1":"product","2":"type-product","3":"status-publish","4":"has-post-thumbnail","6":"product_brand-can-marine-pt","7":"product_cat-tanques-de-agua","9":"first","10":"instock","11":"shipping-taxable","12":"purchasable","13":"product-type-simple"},"_links":{"self":[{"href":"https:\/\/stoic-curie.212-227-153-4.plesk.page\/pt\/wp-json\/wp\/v2\/product\/750923","targetHints":{"allow":["GET"]}}],"collection":[{"href":"https:\/\/stoic-curie.212-227-153-4.plesk.page\/pt\/wp-json\/wp\/v2\/product"}],"about":[{"href":"https:\/\/stoic-curie.212-227-153-4.plesk.page\/pt\/wp-json\/wp\/v2\/types\/product"}],"replies":[{"embeddable":true,"href":"https:\/\/stoic-curie.212-227-153-4.plesk.page\/pt\/wp-json\/wp\/v2\/comments?post=750923"}],"version-history":[{"count":0,"href":"https:\/\/stoic-curie.212-227-153-4.plesk.page\/pt\/wp-json\/wp\/v2\/product\/750923\/revisions"}],"wp:featuredmedia":[{"embeddable":true,"href":"https:\/\/stoic-curie.212-227-153-4.plesk.page\/pt\/wp-json\/wp\/v2\/media\/5946248"}],"wp:attachment":[{"href":"https:\/\/stoic-curie.212-227-153-4.plesk.page\/pt\/wp-json\/wp\/v2\/media?parent=750923"}],"wp:term":[{"taxonomy":"product_brand","embeddable":true,"href":"https:\/\/stoic-curie.212-227-153-4.plesk.page\/pt\/wp-json\/wp\/v2\/product_brand?post=750923"},{"taxonomy":"product_cat","embeddable":true,"href":"https:\/\/stoic-curie.212-227-153-4.plesk.page\/pt\/wp-json\/wp\/v2\/product_cat?post=750923"},{"taxonomy":"product_tag","embeddable":true,"href":"https:\/\/stoic-curie.212-227-153-4.plesk.page\/pt\/wp-json\/wp\/v2\/product_tag?post=750923"}],"curies":[{"name":"wp","href":"https:\/\/api.w.org\/{rel}","templated":true}]}}