{"id":750929,"date":"2025-03-03T23:24:53","date_gmt":"2025-03-03T22:24:53","guid":{"rendered":"https:\/\/stoic-curie.212-227-153-4.plesk.page\/producto\/luvas-de-vela-musto-performance-winter-full-tamanho-xl\/"},"modified":"2026-02-25T00:28:17","modified_gmt":"2026-02-25T00:28:17","slug":"luvas-de-vela-musto-performance-winter-full-tamanho-xl","status":"publish","type":"product","link":"https:\/\/stoic-curie.212-227-153-4.plesk.page\/pt\/product\/luvas-de-vela-musto-performance-winter-full-tamanho-xl\/","title":{"rendered":"Luvas de Vela Musto Performance Winter Full &#8211; Tamanho: XL"},"content":{"rendered":"<p>Luvas de Vela Musto Performance Winter Full &#8211; Tamanho: XL &#8211; <\/p>\n<p>Luvas de Inverno Musto Performance com constru\u00e7\u00e3o ergon\u00f3mica dos dedos para maior conforto e destreza. Feitas em neoprene de alta qualidade, garantem uma elevada ader\u00eancia e prote\u00e7\u00e3o contra o frio. Dedos e palmas refor\u00e7ados para minimizar queimaduras de corda, a sua flexibilidade \u00e9 mantida mesmo ap\u00f3s secagem. Com ajustador de punho para o melhor ajuste.<\/p>\n","protected":false},"excerpt":{"rendered":"<p>Luvas de Vela Musto Performance Winter Full &#8211; Tamanho: XL &#8211; Luvas de Inverno Musto Performance com constru\u00e7\u00e3o ergon\u00f3mica dos<\/p>\n","protected":false},"featured_media":5946258,"comment_status":"open","ping_status":"closed","template":"","meta":[],"product_brand":[3157],"product_cat":[2145,2141],"product_tag":[],"class_list":{"0":"post-750929","1":"product","2":"type-product","3":"status-publish","4":"has-post-thumbnail","6":"product_brand-musto-pt","7":"product_cat-luvas-de-vela","8":"product_cat-vestuario-de-vela-musto","10":"first","11":"instock","12":"shipping-taxable","13":"purchasable","14":"product-type-simple"},"_links":{"self":[{"href":"https:\/\/stoic-curie.212-227-153-4.plesk.page\/pt\/wp-json\/wp\/v2\/product\/750929","targetHints":{"allow":["GET"]}}],"collection":[{"href":"https:\/\/stoic-curie.212-227-153-4.plesk.page\/pt\/wp-json\/wp\/v2\/product"}],"about":[{"href":"https:\/\/stoic-curie.212-227-153-4.plesk.page\/pt\/wp-json\/wp\/v2\/types\/product"}],"replies":[{"embeddable":true,"href":"https:\/\/stoic-curie.212-227-153-4.plesk.page\/pt\/wp-json\/wp\/v2\/comments?post=750929"}],"version-history":[{"count":0,"href":"https:\/\/stoic-curie.212-227-153-4.plesk.page\/pt\/wp-json\/wp\/v2\/product\/750929\/revisions"}],"wp:featuredmedia":[{"embeddable":true,"href":"https:\/\/stoic-curie.212-227-153-4.plesk.page\/pt\/wp-json\/wp\/v2\/media\/5946258"}],"wp:attachment":[{"href":"https:\/\/stoic-curie.212-227-153-4.plesk.page\/pt\/wp-json\/wp\/v2\/media?parent=750929"}],"wp:term":[{"taxonomy":"product_brand","embeddable":true,"href":"https:\/\/stoic-curie.212-227-153-4.plesk.page\/pt\/wp-json\/wp\/v2\/product_brand?post=750929"},{"taxonomy":"product_cat","embeddable":true,"href":"https:\/\/stoic-curie.212-227-153-4.plesk.page\/pt\/wp-json\/wp\/v2\/product_cat?post=750929"},{"taxonomy":"product_tag","embeddable":true,"href":"https:\/\/stoic-curie.212-227-153-4.plesk.page\/pt\/wp-json\/wp\/v2\/product_tag?post=750929"}],"curies":[{"name":"wp","href":"https:\/\/api.w.org\/{rel}","templated":true}]}}