{"id":750932,"date":"2025-03-03T23:24:54","date_gmt":"2025-03-03T22:24:54","guid":{"rendered":"https:\/\/stoic-curie.212-227-153-4.plesk.page\/producto\/kit-de-instalacao-para-vitrifrigo-macs-7000\/"},"modified":"2026-02-25T00:28:17","modified_gmt":"2026-02-25T00:28:17","slug":"kit-de-instalacao-para-vitrifrigo-macs-7000","status":"publish","type":"product","link":"https:\/\/stoic-curie.212-227-153-4.plesk.page\/pt\/product\/kit-de-instalacao-para-vitrifrigo-macs-7000\/","title":{"rendered":"Kit de Instala\u00e7\u00e3o para Vitrifrigo Macs 7000"},"content":{"rendered":"<p>Kit de Instala\u00e7\u00e3o para Vitrifrigo Macs 7000 &#8211; <\/p>\n<p>Kit de acess\u00f3rios necess\u00e1rio para completar os aparelhos de ar condicionado MACS.<\/p>\n<p>MACS 7000:<br \/>4 pe\u00e7as de conector de tubo a mangueira de 16 mm, entrada de \u00e1gua do mar e v\u00e1lvula de esfera, todas em lat\u00e3o com rosca de 1\/2&#8243;<br \/>Conex\u00e3o de casco de lat\u00e3o cromado de 1\/2&#8243;<br \/>Filtro de \u00e1gua do mar com conex\u00f5es de 1\/2&#8243;<br \/>Bomba de \u00e1gua do mar de 220V\/40W\/0.2A com 2 x conex\u00f5es de 16 mm<br \/>Mangueira de \u00e1gua espiral de 16 mm L 10 metros<br \/>Tubo flex\u00edvel de ar de 102 mm L 5 metros<br \/>Grelha de retorno de ar com estrutura de 280 x 280 mm \/ abertura embutida de 250 x 250 mm<br \/>Grelha de fornecimento com estrutura de 130 x 280 mm \/ abertura embutida de 100 x 250 mm<\/p>\n<p>MACS 12000:<br \/>4 pe\u00e7as de conector de tubo a mangueira de 20 mm, entrada de \u00e1gua do mar e v\u00e1lvula de esfera, todas em lat\u00e3o com rosca de 3\/4&#8243;<br \/>Conex\u00e3o de casco de lat\u00e3o cromado de 3\/4&#8243;<br \/>Filtro de \u00e1gua do mar com conex\u00f5es de 3\/4&#8243;<br \/>Bomba de \u00e1gua do mar de 220V\/40W\/0.4A com 2 x conex\u00f5es de 20 mm<br \/>Mangueira de \u00e1gua espiral de 20 mm L 10 metros<br \/>Tubo flex\u00edvel de ar de 152 mm L 5 metros<br \/>Grelha de retorno de ar com estrutura de 335 x 335 mm \/ abertura embutida de 300 x 300 mm<br \/>Grelha de fornecimento com estrutura de 155 x 280 mm \/ abertura embutida de 120 x 250 mm<\/p>\n<p>MACS 16000:<br \/>4 pe\u00e7as de conector de tubo a mangueira de 25 mm, entrada de \u00e1gua do mar e v\u00e1lvula de esfera, todas em lat\u00e3o com rosca de 1&#8243;<br \/>Conex\u00e3o de casco de lat\u00e3o cromado de 1&#8243;<br \/>Filtro de \u00e1gua do mar com conex\u00f5es de 1&#8243;<br \/>Bomba de \u00e1gua do mar de 220V\/80W\/0.7A com 2 x conex\u00f5es de 25 mm<br \/>Mangueira de \u00e1gua espiral de 25 mm L 10 metros<br \/>Tubo flex\u00edvel de ar de 152 mm L 5 metros<br \/>Grelha de retorno de ar com estrutura de 335 x 335 mm \/ abertura embutida de 300 x 300 mm<br \/>Grelha de fornecimento com estrutura de 180 x 330 mm \/ abertura embutida de 150 x 300 mm<\/p>\n","protected":false},"excerpt":{"rendered":"<p>Kit de Instala\u00e7\u00e3o para Vitrifrigo Macs 7000 &#8211; Kit de acess\u00f3rios necess\u00e1rio para completar os aparelhos de ar condicionado MACS.<\/p>\n","protected":false},"featured_media":5946261,"comment_status":"open","ping_status":"closed","template":"","meta":[],"product_brand":[3527],"product_cat":[1934],"product_tag":[],"class_list":{"0":"post-750932","1":"product","2":"type-product","3":"status-publish","4":"has-post-thumbnail","6":"product_brand-vitrifrigo-pt","7":"product_cat-eletrodomesticos","9":"first","10":"instock","11":"shipping-taxable","12":"purchasable","13":"product-type-simple"},"_links":{"self":[{"href":"https:\/\/stoic-curie.212-227-153-4.plesk.page\/pt\/wp-json\/wp\/v2\/product\/750932","targetHints":{"allow":["GET"]}}],"collection":[{"href":"https:\/\/stoic-curie.212-227-153-4.plesk.page\/pt\/wp-json\/wp\/v2\/product"}],"about":[{"href":"https:\/\/stoic-curie.212-227-153-4.plesk.page\/pt\/wp-json\/wp\/v2\/types\/product"}],"replies":[{"embeddable":true,"href":"https:\/\/stoic-curie.212-227-153-4.plesk.page\/pt\/wp-json\/wp\/v2\/comments?post=750932"}],"version-history":[{"count":0,"href":"https:\/\/stoic-curie.212-227-153-4.plesk.page\/pt\/wp-json\/wp\/v2\/product\/750932\/revisions"}],"wp:featuredmedia":[{"embeddable":true,"href":"https:\/\/stoic-curie.212-227-153-4.plesk.page\/pt\/wp-json\/wp\/v2\/media\/5946261"}],"wp:attachment":[{"href":"https:\/\/stoic-curie.212-227-153-4.plesk.page\/pt\/wp-json\/wp\/v2\/media?parent=750932"}],"wp:term":[{"taxonomy":"product_brand","embeddable":true,"href":"https:\/\/stoic-curie.212-227-153-4.plesk.page\/pt\/wp-json\/wp\/v2\/product_brand?post=750932"},{"taxonomy":"product_cat","embeddable":true,"href":"https:\/\/stoic-curie.212-227-153-4.plesk.page\/pt\/wp-json\/wp\/v2\/product_cat?post=750932"},{"taxonomy":"product_tag","embeddable":true,"href":"https:\/\/stoic-curie.212-227-153-4.plesk.page\/pt\/wp-json\/wp\/v2\/product_tag?post=750932"}],"curies":[{"name":"wp","href":"https:\/\/api.w.org\/{rel}","templated":true}]}}