{"id":750934,"date":"2025-03-03T23:24:55","date_gmt":"2025-03-03T22:24:55","guid":{"rendered":"https:\/\/stoic-curie.212-227-153-4.plesk.page\/producto\/kit-de-instalacao-para-vitrifrigo-macs-16000\/"},"modified":"2026-02-25T00:28:17","modified_gmt":"2026-02-25T00:28:17","slug":"kit-de-instalacao-para-vitrifrigo-macs-16000","status":"publish","type":"product","link":"https:\/\/stoic-curie.212-227-153-4.plesk.page\/pt\/product\/kit-de-instalacao-para-vitrifrigo-macs-16000\/","title":{"rendered":"Kit de Instala\u00e7\u00e3o para Vitrifrigo Macs 16000"},"content":{"rendered":"<p>Kit de Instala\u00e7\u00e3o para Vitrifrigo Macs 16000 &#8211; <\/p>\n<p style=\"color: rgb(34, 34, 34); font-family: Arial, Helvetica, sans-serif; font-size: small;\">Para instalar completamente o ar condicionado MACS 16000, voc\u00ea precisar\u00e1 deste kit de acess\u00f3rios. O kit inclui:<\/p>\n<ul style=\"color: rgb(34, 34, 34); font-family: Arial, Helvetica, sans-serif; font-size: small;\">\n<li>Quatro conectores de tubo para mangueira de 25 mm, uma entrada de \u00e1gua do mar e uma v\u00e1lvula de esfera, todos feitos de lat\u00e3o com rosca de 1&#8243;<\/li>\n<li>Uma conex\u00e3o de casco de lat\u00e3o cromado de 1&#8243;<\/li>\n<li>Um filtro de \u00e1gua do mar com conex\u00e3o de 1&#8243;<\/li>\n<li>Uma bomba de \u00e1gua do mar de 220V\/80W\/0.7A com duas conex\u00f5es de 25 mm<\/li>\n<li>Uma mangueira espiral de \u00e1gua de 10 metros (25 mm)<\/li>\n<li>Um duto de ar flex\u00edvel de 5 metros (152 mm)<\/li>\n<li>Uma grelha de retorno de ar com uma moldura de 335 x 335 mm e um orif\u00edcio embutido de 300 x 300 mm<\/li>\n<li>Uma grelha de suprimento com uma moldura de 330 x 180 mm e um orif\u00edcio embutido de 300 x 150 mm<\/li>\n<\/ul>\n<p style=\"color: rgb(34, 34, 34); font-family: Arial, Helvetica, sans-serif; font-size: small;\">Este kit abrangente garante que voc\u00ea tenha tudo de que precisa para uma instala\u00e7\u00e3o bem-sucedida.<\/p>\n","protected":false},"excerpt":{"rendered":"<p>Kit de Instala\u00e7\u00e3o para Vitrifrigo Macs 16000 &#8211; Para instalar completamente o ar condicionado MACS 16000, voc\u00ea precisar\u00e1 deste kit<\/p>\n","protected":false},"featured_media":5946261,"comment_status":"open","ping_status":"closed","template":"","meta":[],"product_brand":[3527],"product_cat":[1934],"product_tag":[],"class_list":{"0":"post-750934","1":"product","2":"type-product","3":"status-publish","4":"has-post-thumbnail","6":"product_brand-vitrifrigo-pt","7":"product_cat-eletrodomesticos","9":"first","10":"instock","11":"shipping-taxable","12":"purchasable","13":"product-type-simple"},"_links":{"self":[{"href":"https:\/\/stoic-curie.212-227-153-4.plesk.page\/pt\/wp-json\/wp\/v2\/product\/750934","targetHints":{"allow":["GET"]}}],"collection":[{"href":"https:\/\/stoic-curie.212-227-153-4.plesk.page\/pt\/wp-json\/wp\/v2\/product"}],"about":[{"href":"https:\/\/stoic-curie.212-227-153-4.plesk.page\/pt\/wp-json\/wp\/v2\/types\/product"}],"replies":[{"embeddable":true,"href":"https:\/\/stoic-curie.212-227-153-4.plesk.page\/pt\/wp-json\/wp\/v2\/comments?post=750934"}],"version-history":[{"count":0,"href":"https:\/\/stoic-curie.212-227-153-4.plesk.page\/pt\/wp-json\/wp\/v2\/product\/750934\/revisions"}],"wp:featuredmedia":[{"embeddable":true,"href":"https:\/\/stoic-curie.212-227-153-4.plesk.page\/pt\/wp-json\/wp\/v2\/media\/5946261"}],"wp:attachment":[{"href":"https:\/\/stoic-curie.212-227-153-4.plesk.page\/pt\/wp-json\/wp\/v2\/media?parent=750934"}],"wp:term":[{"taxonomy":"product_brand","embeddable":true,"href":"https:\/\/stoic-curie.212-227-153-4.plesk.page\/pt\/wp-json\/wp\/v2\/product_brand?post=750934"},{"taxonomy":"product_cat","embeddable":true,"href":"https:\/\/stoic-curie.212-227-153-4.plesk.page\/pt\/wp-json\/wp\/v2\/product_cat?post=750934"},{"taxonomy":"product_tag","embeddable":true,"href":"https:\/\/stoic-curie.212-227-153-4.plesk.page\/pt\/wp-json\/wp\/v2\/product_tag?post=750934"}],"curies":[{"name":"wp","href":"https:\/\/api.w.org\/{rel}","templated":true}]}}