{"id":750950,"date":"2025-03-03T23:25:00","date_gmt":"2025-03-03T22:25:00","guid":{"rendered":"https:\/\/stoic-curie.212-227-153-4.plesk.page\/producto\/caixa-de-direcao-riviera-md45\/"},"modified":"2026-02-25T00:28:17","modified_gmt":"2026-02-25T00:28:17","slug":"caixa-de-direcao-riviera-md45","status":"publish","type":"product","link":"https:\/\/stoic-curie.212-227-153-4.plesk.page\/pt\/product\/caixa-de-direcao-riviera-md45\/","title":{"rendered":"Caixa de Dire\u00e7\u00e3o Riviera MD45"},"content":{"rendered":"<p>Caixa de Dire\u00e7\u00e3o Riviera MD45 &#8211; <\/p>\n<p>Sistema de dire\u00e7\u00e3o mec\u00e2nica de cabo \u00fanico para barcos com motores fora de borda de at\u00e9 45 kW e comprimento de at\u00e9 9 m. Constru\u00eddo com materiais de alta resist\u00eancia mec\u00e2nica, com corpo de resina Delrin 100 e embreagem ajust\u00e1vel por um bot\u00e3o externo. Usa cabos T01, conex\u00e3o padr\u00e3o compat\u00edvel com outros cabos de dire\u00e7\u00e3o no mercado.<\/p>\n","protected":false},"excerpt":{"rendered":"<p>Caixa de Dire\u00e7\u00e3o Riviera MD45 &#8211; Sistema de dire\u00e7\u00e3o mec\u00e2nica de cabo \u00fanico para barcos com motores fora de borda<\/p>\n","protected":false},"featured_media":5946272,"comment_status":"open","ping_status":"closed","template":"","meta":[],"product_brand":[3307],"product_cat":[2115],"product_tag":[],"class_list":{"0":"post-750950","1":"product","2":"type-product","3":"status-publish","4":"has-post-thumbnail","6":"product_brand-riviera-pt","7":"product_cat-cabos-de-direcao","9":"first","10":"instock","11":"shipping-taxable","12":"purchasable","13":"product-type-simple"},"_links":{"self":[{"href":"https:\/\/stoic-curie.212-227-153-4.plesk.page\/pt\/wp-json\/wp\/v2\/product\/750950","targetHints":{"allow":["GET"]}}],"collection":[{"href":"https:\/\/stoic-curie.212-227-153-4.plesk.page\/pt\/wp-json\/wp\/v2\/product"}],"about":[{"href":"https:\/\/stoic-curie.212-227-153-4.plesk.page\/pt\/wp-json\/wp\/v2\/types\/product"}],"replies":[{"embeddable":true,"href":"https:\/\/stoic-curie.212-227-153-4.plesk.page\/pt\/wp-json\/wp\/v2\/comments?post=750950"}],"version-history":[{"count":0,"href":"https:\/\/stoic-curie.212-227-153-4.plesk.page\/pt\/wp-json\/wp\/v2\/product\/750950\/revisions"}],"wp:featuredmedia":[{"embeddable":true,"href":"https:\/\/stoic-curie.212-227-153-4.plesk.page\/pt\/wp-json\/wp\/v2\/media\/5946272"}],"wp:attachment":[{"href":"https:\/\/stoic-curie.212-227-153-4.plesk.page\/pt\/wp-json\/wp\/v2\/media?parent=750950"}],"wp:term":[{"taxonomy":"product_brand","embeddable":true,"href":"https:\/\/stoic-curie.212-227-153-4.plesk.page\/pt\/wp-json\/wp\/v2\/product_brand?post=750950"},{"taxonomy":"product_cat","embeddable":true,"href":"https:\/\/stoic-curie.212-227-153-4.plesk.page\/pt\/wp-json\/wp\/v2\/product_cat?post=750950"},{"taxonomy":"product_tag","embeddable":true,"href":"https:\/\/stoic-curie.212-227-153-4.plesk.page\/pt\/wp-json\/wp\/v2\/product_tag?post=750950"}],"curies":[{"name":"wp","href":"https:\/\/api.w.org\/{rel}","templated":true}]}}