{"id":750968,"date":"2025-03-03T23:30:17","date_gmt":"2025-03-03T22:30:17","guid":{"rendered":"https:\/\/stoic-curie.212-227-153-4.plesk.page\/producto\/cabo-de-direcao-riviera-t02-2-75m\/"},"modified":"2026-02-25T00:28:17","modified_gmt":"2026-02-25T00:28:17","slug":"cabo-de-direcao-riviera-t02-2-75m","status":"publish","type":"product","link":"https:\/\/stoic-curie.212-227-153-4.plesk.page\/pt\/product\/cabo-de-direcao-riviera-t02-2-75m\/","title":{"rendered":"Cabo de Dire\u00e7\u00e3o Riviera T02 2.75m"},"content":{"rendered":"<p>Cabo de Dire\u00e7\u00e3o Riviera T02 2.75m &#8211; <\/p>\n<p>Cabo de controle T02 push\/pull para sistemas de dire\u00e7\u00e3o mec\u00e2nicos Riviera MDA100. Raio de curvatura de 200 mm, curso de 224 mm e di\u00e2metro de capa de 16 mm. A conex\u00e3o \u00e9 compat\u00edvel com outros sistemas de dire\u00e7\u00e3o mec\u00e2nicos no mercado.<\/p>\n","protected":false},"excerpt":{"rendered":"<p>Cabo de Dire\u00e7\u00e3o Riviera T02 2.75m &#8211; Cabo de controle T02 push\/pull para sistemas de dire\u00e7\u00e3o mec\u00e2nicos Riviera MDA100. Raio<\/p>\n","protected":false},"featured_media":5946278,"comment_status":"open","ping_status":"closed","template":"","meta":[],"product_brand":[3307],"product_cat":[2115],"product_tag":[],"class_list":{"0":"post-750968","1":"product","2":"type-product","3":"status-publish","4":"has-post-thumbnail","6":"product_brand-riviera-pt","7":"product_cat-cabos-de-direcao","9":"first","10":"instock","11":"shipping-taxable","12":"purchasable","13":"product-type-simple"},"_links":{"self":[{"href":"https:\/\/stoic-curie.212-227-153-4.plesk.page\/pt\/wp-json\/wp\/v2\/product\/750968","targetHints":{"allow":["GET"]}}],"collection":[{"href":"https:\/\/stoic-curie.212-227-153-4.plesk.page\/pt\/wp-json\/wp\/v2\/product"}],"about":[{"href":"https:\/\/stoic-curie.212-227-153-4.plesk.page\/pt\/wp-json\/wp\/v2\/types\/product"}],"replies":[{"embeddable":true,"href":"https:\/\/stoic-curie.212-227-153-4.plesk.page\/pt\/wp-json\/wp\/v2\/comments?post=750968"}],"version-history":[{"count":0,"href":"https:\/\/stoic-curie.212-227-153-4.plesk.page\/pt\/wp-json\/wp\/v2\/product\/750968\/revisions"}],"wp:featuredmedia":[{"embeddable":true,"href":"https:\/\/stoic-curie.212-227-153-4.plesk.page\/pt\/wp-json\/wp\/v2\/media\/5946278"}],"wp:attachment":[{"href":"https:\/\/stoic-curie.212-227-153-4.plesk.page\/pt\/wp-json\/wp\/v2\/media?parent=750968"}],"wp:term":[{"taxonomy":"product_brand","embeddable":true,"href":"https:\/\/stoic-curie.212-227-153-4.plesk.page\/pt\/wp-json\/wp\/v2\/product_brand?post=750968"},{"taxonomy":"product_cat","embeddable":true,"href":"https:\/\/stoic-curie.212-227-153-4.plesk.page\/pt\/wp-json\/wp\/v2\/product_cat?post=750968"},{"taxonomy":"product_tag","embeddable":true,"href":"https:\/\/stoic-curie.212-227-153-4.plesk.page\/pt\/wp-json\/wp\/v2\/product_tag?post=750968"}],"curies":[{"name":"wp","href":"https:\/\/api.w.org\/{rel}","templated":true}]}}