{"id":750981,"date":"2025-03-03T23:30:21","date_gmt":"2025-03-03T22:30:21","guid":{"rendered":"https:\/\/stoic-curie.212-227-153-4.plesk.page\/producto\/paguro-4-my-3-5kw-yanmar\/"},"modified":"2026-02-25T00:28:17","modified_gmt":"2026-02-25T00:28:17","slug":"paguro-4-my-3-5kw-yanmar","status":"publish","type":"product","link":"https:\/\/stoic-curie.212-227-153-4.plesk.page\/pt\/product\/paguro-4-my-3-5kw-yanmar\/","title":{"rendered":"Paguro 4 my 3.5kw Yanmar"},"content":{"rendered":"<p>Paguro 4 my 3.5kw Yanmar &#8211; <\/p>\n<p>O gerador Paguro \u00e9 acionado por um motor diesel Yanmar com um alternador refrigerado a \u00e1gua. Alternador sem escovas e s\u00edncrono. Ideal para usos que exigem uma alta corrente de partida. Componentes marinizados e caixa de fibra de vidro isolada acusticamente. Completo com painel de controle remoto com cabo de 15 m, medidor de horas, parada autom\u00e1tica de emerg\u00eancia\/falha e kit de suportes antivibra\u00e7\u00e3o.<\/p>\n<p><strong style=\"color: rgb(34, 34, 34); font-family: Arial, Helvetica, sans-serif; font-size: small;\">PAGURO 4 MY \u2013 4 KVA 3.5 KW<\/strong><\/p>\n<p style=\"color: rgb(34, 34, 34); font-family: Arial, Helvetica, sans-serif; font-size: small;\">Apresentamos o gerador PAGURO 4 MY, uma not\u00e1vel pe\u00e7a de engenharia que se destaca no mercado mar\u00edtimo por seu desempenho excepcional e design compacto. Este gerador est\u00e1 equipado com um alternador de \u00edm\u00e3 permanente, que fornece uma sa\u00edda cont\u00ednua de 3,5 kW enquanto mant\u00e9m um perfil surpreendentemente leve de apenas 60 kg. \u00c9 movido pelo eficiente motor monocil\u00edndrico Yanmar L70, tornando-o o menor e mais leve gerador atualmente dispon\u00edvel para aplica\u00e7\u00f5es mar\u00edtimas. Essa combina\u00e7\u00e3o de pot\u00eancia e portabilidade o torna uma escolha ideal para propriet\u00e1rios de barcos que buscam solu\u00e7\u00f5es de energia confi\u00e1veis na \u00e1gua.<\/p>\n<p style=\"color: rgb(34, 34, 34); font-family: Arial, Helvetica, sans-serif; font-size: small;\"><strong>ALTERNADOR<\/strong><\/p>\n<p style=\"color: rgb(34, 34, 34); font-family: Arial, Helvetica, sans-serif; font-size: small;\">No cora\u00e7\u00e3o do PAGURO 4 MY est\u00e1 seu avan\u00e7ado alternador de \u00edm\u00e3 permanente (PMG), projetado para ser compacto e leve. Este alternador inovador \u00e9 emparelhado com uma caixa de controle eletr\u00f4nico que garante a produ\u00e7\u00e3o de uma sa\u00edda de onda senoidal limpa. Esse recurso \u00e9 especialmente importante para aqueles que dependem de dispositivos eletr\u00f4nicos sens\u00edveis, pois garante que recebam energia est\u00e1vel e segura. Al\u00e9m disso, o gerador inclui um carregador de bateria dedicado para a bateria de partida, entregando 12 V a 8 A, o que aumenta sua funcionalidade. O isolamento do alternador \u00e9 classificado como Classe H, assegurando que seja constru\u00eddo para suportar as rigores dos ambientes marinhos, proporcionando durabilidade e confiabilidade ao longo do tempo.<\/p>\n<p style=\"color: rgb(34, 34, 34); font-family: Arial, Helvetica, sans-serif; font-size: small;\"><strong>MOTOR<\/strong><\/p>\n<p style=\"color: rgb(34, 34, 34); font-family: Arial, Helvetica, sans-serif; font-size: small;\">O motor do PAGURO 4 MY opera com diesel e possui um design monocil\u00edndrico de quatro tempos. Essa configura\u00e7\u00e3o n\u00e3o apenas contribui para seu tamanho compacto, mas tamb\u00e9m melhora sua efici\u00eancia. O motor \u00e9 equipado com um trocador de calor feito de a\u00e7o inoxid\u00e1vel de alta qualidade, que transfere eficazmente calor entre \u00e1gua e ar, garantindo desempenho ideal e longevidade.<\/p>\n<p style=\"color: rgb(34, 34, 34); font-family: Arial, Helvetica, sans-serif; font-size: small;\"><strong>C\u00c1PSULA ISOLANTE DE SOM<\/strong><\/p>\n<p style=\"color: rgb(34, 34, 34); font-family: Arial, Helvetica, sans-serif; font-size: small;\">Uma das caracter\u00edsticas marcantes do PAGURO 4 MY \u00e9 sua c\u00e1psula isolante de som, constru\u00edda a partir de GRP (Pl\u00e1stico Refor\u00e7ado com Fibra de Vidro) multicamada. Este material de alta densidade \u00e9 especificamente projetado para absorver som de maneira eficaz, tornando o gerador mais silencioso durante a opera\u00e7\u00e3o. A c\u00e1psula \u00e9 ainda aprimorada com um revestimento de espuma isolante t\u00e9rmica, que contribui para sua efici\u00eancia geral. Projetada com a conveni\u00eancia do usu\u00e1rio em mente, a c\u00e1psula insonorizante \u00e9 dividida em duas metades, permitindo f\u00e1cil acesso ao gerador para manuten\u00e7\u00e3o, mesmo em espa\u00e7os apertados. Al\u00e9m disso, incorpora um sistema de antivibra\u00e7\u00e3o duplo, que inclui quatro amortecedores internos macios e quatro suportes de motor localizados fora da c\u00e1psula. Este design inovador garante funcionamento com ru\u00eddo e vibra\u00e7\u00f5es m\u00ednimas, proporcionando uma experi\u00eancia mais agrad\u00e1vel para os propriet\u00e1rios de barcos e seus convidados.<\/p>\n<p style=\"color: rgb(34, 34, 34); font-family: Arial, Helvetica, sans-serif; font-size: small;\"><strong>Resumo:<\/strong> O gerador PAGURO 4 MY \u00e9 uma excelente escolha para aqueles que precisam de uma fonte de energia confi\u00e1vel, eficiente e compacta para suas aventuras mar\u00edtimas.<\/p>\n","protected":false},"excerpt":{"rendered":"<p>Paguro 4 my 3.5kw Yanmar &#8211; O gerador Paguro \u00e9 acionado por um motor diesel Yanmar com um alternador refrigerado<\/p>\n","protected":false},"featured_media":5946281,"comment_status":"open","ping_status":"closed","template":"","meta":[],"product_brand":[3242],"product_cat":[2015],"product_tag":[],"class_list":{"0":"post-750981","1":"product","2":"type-product","3":"status-publish","4":"has-post-thumbnail","6":"product_brand-paguro-pt","7":"product_cat-geradores","9":"first","10":"instock","11":"shipping-taxable","12":"purchasable","13":"product-type-simple"},"_links":{"self":[{"href":"https:\/\/stoic-curie.212-227-153-4.plesk.page\/pt\/wp-json\/wp\/v2\/product\/750981","targetHints":{"allow":["GET"]}}],"collection":[{"href":"https:\/\/stoic-curie.212-227-153-4.plesk.page\/pt\/wp-json\/wp\/v2\/product"}],"about":[{"href":"https:\/\/stoic-curie.212-227-153-4.plesk.page\/pt\/wp-json\/wp\/v2\/types\/product"}],"replies":[{"embeddable":true,"href":"https:\/\/stoic-curie.212-227-153-4.plesk.page\/pt\/wp-json\/wp\/v2\/comments?post=750981"}],"version-history":[{"count":0,"href":"https:\/\/stoic-curie.212-227-153-4.plesk.page\/pt\/wp-json\/wp\/v2\/product\/750981\/revisions"}],"wp:featuredmedia":[{"embeddable":true,"href":"https:\/\/stoic-curie.212-227-153-4.plesk.page\/pt\/wp-json\/wp\/v2\/media\/5946281"}],"wp:attachment":[{"href":"https:\/\/stoic-curie.212-227-153-4.plesk.page\/pt\/wp-json\/wp\/v2\/media?parent=750981"}],"wp:term":[{"taxonomy":"product_brand","embeddable":true,"href":"https:\/\/stoic-curie.212-227-153-4.plesk.page\/pt\/wp-json\/wp\/v2\/product_brand?post=750981"},{"taxonomy":"product_cat","embeddable":true,"href":"https:\/\/stoic-curie.212-227-153-4.plesk.page\/pt\/wp-json\/wp\/v2\/product_cat?post=750981"},{"taxonomy":"product_tag","embeddable":true,"href":"https:\/\/stoic-curie.212-227-153-4.plesk.page\/pt\/wp-json\/wp\/v2\/product_tag?post=750981"}],"curies":[{"name":"wp","href":"https:\/\/api.w.org\/{rel}","templated":true}]}}