{"id":750983,"date":"2025-03-03T23:30:21","date_gmt":"2025-03-03T22:30:21","guid":{"rendered":"https:\/\/stoic-curie.212-227-153-4.plesk.page\/producto\/manete-morse-riviera-cm01-branco\/"},"modified":"2026-02-25T00:28:17","modified_gmt":"2026-02-25T00:28:17","slug":"manete-morse-riviera-cm01-branco","status":"publish","type":"product","link":"https:\/\/stoic-curie.212-227-153-4.plesk.page\/pt\/product\/manete-morse-riviera-cm01-branco\/","title":{"rendered":"Manete Morse Riviera CM01 Branco"},"content":{"rendered":"<p>Manete Morse Riviera CM01 Branco &#8211; <\/p>\n<p>Controle de a\u00e7\u00e3o dupla com alavanca \u00fanica para controle do acelerador e transmiss\u00e3o, ideal para veleiros. Montagem embutida no painel, caixa Eltex com pe\u00e7as mec\u00e2nicas em Delrin 100 e a\u00e7o inoxid\u00e1vel. Curso do acelerador de 88 mm com dire\u00e7\u00e3o revers\u00edvel e acelera\u00e7\u00e3o em ponto morto. Curso do inversor de 68-76 mm. Usa cabos F02\/F08\/F05\/F14.<\/p>\n","protected":false},"excerpt":{"rendered":"<p>Manete Morse Riviera CM01 Branco &#8211; Controle de a\u00e7\u00e3o dupla com alavanca \u00fanica para controle do acelerador e transmiss\u00e3o, ideal<\/p>\n","protected":false},"featured_media":5946284,"comment_status":"open","ping_status":"closed","template":"","meta":[],"product_brand":[3307],"product_cat":[2078],"product_tag":[],"class_list":{"0":"post-750983","1":"product","2":"type-product","3":"status-publish","4":"has-post-thumbnail","6":"product_brand-riviera-pt","7":"product_cat-alavancas-de-controlo","9":"first","10":"instock","11":"shipping-taxable","12":"purchasable","13":"product-type-simple"},"_links":{"self":[{"href":"https:\/\/stoic-curie.212-227-153-4.plesk.page\/pt\/wp-json\/wp\/v2\/product\/750983","targetHints":{"allow":["GET"]}}],"collection":[{"href":"https:\/\/stoic-curie.212-227-153-4.plesk.page\/pt\/wp-json\/wp\/v2\/product"}],"about":[{"href":"https:\/\/stoic-curie.212-227-153-4.plesk.page\/pt\/wp-json\/wp\/v2\/types\/product"}],"replies":[{"embeddable":true,"href":"https:\/\/stoic-curie.212-227-153-4.plesk.page\/pt\/wp-json\/wp\/v2\/comments?post=750983"}],"version-history":[{"count":0,"href":"https:\/\/stoic-curie.212-227-153-4.plesk.page\/pt\/wp-json\/wp\/v2\/product\/750983\/revisions"}],"wp:featuredmedia":[{"embeddable":true,"href":"https:\/\/stoic-curie.212-227-153-4.plesk.page\/pt\/wp-json\/wp\/v2\/media\/5946284"}],"wp:attachment":[{"href":"https:\/\/stoic-curie.212-227-153-4.plesk.page\/pt\/wp-json\/wp\/v2\/media?parent=750983"}],"wp:term":[{"taxonomy":"product_brand","embeddable":true,"href":"https:\/\/stoic-curie.212-227-153-4.plesk.page\/pt\/wp-json\/wp\/v2\/product_brand?post=750983"},{"taxonomy":"product_cat","embeddable":true,"href":"https:\/\/stoic-curie.212-227-153-4.plesk.page\/pt\/wp-json\/wp\/v2\/product_cat?post=750983"},{"taxonomy":"product_tag","embeddable":true,"href":"https:\/\/stoic-curie.212-227-153-4.plesk.page\/pt\/wp-json\/wp\/v2\/product_tag?post=750983"}],"curies":[{"name":"wp","href":"https:\/\/api.w.org\/{rel}","templated":true}]}}