{"id":750986,"date":"2025-03-03T23:30:22","date_gmt":"2025-03-03T22:30:22","guid":{"rendered":"https:\/\/stoic-curie.212-227-153-4.plesk.page\/producto\/manete-morse-riviera-cm03-preto\/"},"modified":"2026-02-25T00:28:17","modified_gmt":"2026-02-25T00:28:17","slug":"manete-morse-riviera-cm03-preto","status":"publish","type":"product","link":"https:\/\/stoic-curie.212-227-153-4.plesk.page\/pt\/product\/manete-morse-riviera-cm03-preto\/","title":{"rendered":"Manete Morse Riviera CM03 Preto"},"content":{"rendered":"<p>Manete Morse Riviera CM03 Preto &#8211; <\/p>\n<p>Controle de dupla a\u00e7\u00e3o montado na parede externa com manete de alavanca \u00fanica para controle de acelera\u00e7\u00e3o e mudan\u00e7a, ideal para barcos \u00e0 vela. Montagem embutida, caixa Eltex com partes mec\u00e2nicas em Delrin 100 e a\u00e7o inoxid\u00e1vel. Curso do acelerador de 88 mm com dire\u00e7\u00e3o revers\u00edvel e acelera\u00e7\u00e3o em ponto morto. Curso do inversor de 68 a 76 mm. Utiliza cabos F02\/F08\/F05\/F14.<\/p>\n","protected":false},"excerpt":{"rendered":"<p>Manete Morse Riviera CM03 Preto &#8211; Controle de dupla a\u00e7\u00e3o montado na parede externa com manete de alavanca \u00fanica para<\/p>\n","protected":false},"featured_media":5946289,"comment_status":"open","ping_status":"closed","template":"","meta":[],"product_brand":[3307],"product_cat":[2078],"product_tag":[],"class_list":{"0":"post-750986","1":"product","2":"type-product","3":"status-publish","4":"has-post-thumbnail","6":"product_brand-riviera-pt","7":"product_cat-alavancas-de-controlo","9":"first","10":"instock","11":"shipping-taxable","12":"purchasable","13":"product-type-simple"},"_links":{"self":[{"href":"https:\/\/stoic-curie.212-227-153-4.plesk.page\/pt\/wp-json\/wp\/v2\/product\/750986","targetHints":{"allow":["GET"]}}],"collection":[{"href":"https:\/\/stoic-curie.212-227-153-4.plesk.page\/pt\/wp-json\/wp\/v2\/product"}],"about":[{"href":"https:\/\/stoic-curie.212-227-153-4.plesk.page\/pt\/wp-json\/wp\/v2\/types\/product"}],"replies":[{"embeddable":true,"href":"https:\/\/stoic-curie.212-227-153-4.plesk.page\/pt\/wp-json\/wp\/v2\/comments?post=750986"}],"version-history":[{"count":0,"href":"https:\/\/stoic-curie.212-227-153-4.plesk.page\/pt\/wp-json\/wp\/v2\/product\/750986\/revisions"}],"wp:featuredmedia":[{"embeddable":true,"href":"https:\/\/stoic-curie.212-227-153-4.plesk.page\/pt\/wp-json\/wp\/v2\/media\/5946289"}],"wp:attachment":[{"href":"https:\/\/stoic-curie.212-227-153-4.plesk.page\/pt\/wp-json\/wp\/v2\/media?parent=750986"}],"wp:term":[{"taxonomy":"product_brand","embeddable":true,"href":"https:\/\/stoic-curie.212-227-153-4.plesk.page\/pt\/wp-json\/wp\/v2\/product_brand?post=750986"},{"taxonomy":"product_cat","embeddable":true,"href":"https:\/\/stoic-curie.212-227-153-4.plesk.page\/pt\/wp-json\/wp\/v2\/product_cat?post=750986"},{"taxonomy":"product_tag","embeddable":true,"href":"https:\/\/stoic-curie.212-227-153-4.plesk.page\/pt\/wp-json\/wp\/v2\/product_tag?post=750986"}],"curies":[{"name":"wp","href":"https:\/\/api.w.org\/{rel}","templated":true}]}}