{"id":750988,"date":"2025-03-03T23:30:23","date_gmt":"2025-03-03T22:30:23","guid":{"rendered":"https:\/\/stoic-curie.212-227-153-4.plesk.page\/producto\/cabo-morse-riviera-f08-7-33m\/"},"modified":"2026-02-25T00:28:17","modified_gmt":"2026-02-25T00:28:17","slug":"cabo-morse-riviera-f08-7-33m","status":"publish","type":"product","link":"https:\/\/stoic-curie.212-227-153-4.plesk.page\/pt\/product\/cabo-morse-riviera-f08-7-33m\/","title":{"rendered":"Cabo Morse Riviera F08 7.33m"},"content":{"rendered":"<p>Cabo Morse Riviera F08 7.33m &#8211; <\/p>\n<p>Cabos de controle remoto universal para todos os motores internos, externos e de propuls\u00e3o de popa, utilizando os acess\u00f3rios apropriados. Terminais de a\u00e7o inoxid\u00e1vel roscados em 10-32 UNF, n\u00facleo de a\u00e7o inoxid\u00e1vel de 2 mm, curso de 88 mm e di\u00e2metro da capa de 8 mm.<\/p>\n","protected":false},"excerpt":{"rendered":"<p>Cabo Morse Riviera F08 7.33m &#8211; Cabos de controle remoto universal para todos os motores internos, externos e de propuls\u00e3o<\/p>\n","protected":false},"featured_media":5946294,"comment_status":"open","ping_status":"closed","template":"","meta":[],"product_brand":[2160,3307],"product_cat":[2071],"product_tag":[],"class_list":{"0":"post-750988","1":"product","2":"type-product","3":"status-publish","4":"has-post-thumbnail","6":"product_brand-riviera","7":"product_brand-riviera-pt","8":"product_cat-cabos-de-controlo-morse","10":"first","11":"instock","12":"shipping-taxable","13":"purchasable","14":"product-type-simple"},"_links":{"self":[{"href":"https:\/\/stoic-curie.212-227-153-4.plesk.page\/pt\/wp-json\/wp\/v2\/product\/750988","targetHints":{"allow":["GET"]}}],"collection":[{"href":"https:\/\/stoic-curie.212-227-153-4.plesk.page\/pt\/wp-json\/wp\/v2\/product"}],"about":[{"href":"https:\/\/stoic-curie.212-227-153-4.plesk.page\/pt\/wp-json\/wp\/v2\/types\/product"}],"replies":[{"embeddable":true,"href":"https:\/\/stoic-curie.212-227-153-4.plesk.page\/pt\/wp-json\/wp\/v2\/comments?post=750988"}],"version-history":[{"count":0,"href":"https:\/\/stoic-curie.212-227-153-4.plesk.page\/pt\/wp-json\/wp\/v2\/product\/750988\/revisions"}],"wp:featuredmedia":[{"embeddable":true,"href":"https:\/\/stoic-curie.212-227-153-4.plesk.page\/pt\/wp-json\/wp\/v2\/media\/5946294"}],"wp:attachment":[{"href":"https:\/\/stoic-curie.212-227-153-4.plesk.page\/pt\/wp-json\/wp\/v2\/media?parent=750988"}],"wp:term":[{"taxonomy":"product_brand","embeddable":true,"href":"https:\/\/stoic-curie.212-227-153-4.plesk.page\/pt\/wp-json\/wp\/v2\/product_brand?post=750988"},{"taxonomy":"product_cat","embeddable":true,"href":"https:\/\/stoic-curie.212-227-153-4.plesk.page\/pt\/wp-json\/wp\/v2\/product_cat?post=750988"},{"taxonomy":"product_tag","embeddable":true,"href":"https:\/\/stoic-curie.212-227-153-4.plesk.page\/pt\/wp-json\/wp\/v2\/product_tag?post=750988"}],"curies":[{"name":"wp","href":"https:\/\/api.w.org\/{rel}","templated":true}]}}