{"id":750996,"date":"2025-03-03T23:35:02","date_gmt":"2025-03-03T22:35:02","guid":{"rendered":"https:\/\/stoic-curie.212-227-153-4.plesk.page\/producto\/conector-de-ancora-em-aco-inoxidavel-sidermarine-g70-10-12-mm-8500-kg\/"},"modified":"2026-02-25T00:28:17","modified_gmt":"2026-02-25T00:28:17","slug":"conector-de-ancora-em-aco-inoxidavel-sidermarine-g70-10-12-mm-8500-kg","status":"publish","type":"product","link":"https:\/\/stoic-curie.212-227-153-4.plesk.page\/pt\/product\/conector-de-ancora-em-aco-inoxidavel-sidermarine-g70-10-12-mm-8500-kg\/","title":{"rendered":"Conector de \u00c2ncora em A\u00e7o Inoxid\u00e1vel SiderMarine G70 10-12 mm 8500 kg"},"content":{"rendered":"<p>Conector de \u00c2ncora em A\u00e7o Inoxid\u00e1vel SiderMarine G70 10-12 mm 8500 kg &#8211; <\/p>\n<p>Conector de \u00e2ncora SiderMarine para total seguran\u00e7a do barco e da tripula\u00e7\u00e3o. Ideal para \u00e2ncoras e correntes com altas cargas de ruptura. A carga de flex\u00e3o lateral \u00e9 basicamente igual \u00e0 vertical.<br \/>&#8211; Corpo em A\u00e7o Inoxid\u00e1vel forjado de alta resist\u00eancia com pinos autolock<br \/>&#8211; Pinos de A\u00e7o Inoxid\u00e1vel 174-PH com carga 3 vezes maior do que o A\u00e7o Inoxid\u00e1vel 316<br \/>&#8211; Pino de corrente com buchas de bronze anti-fric\u00e7\u00e3o<br \/>&#8211; Rota\u00e7\u00e3o em flanges de bronze de alta resist\u00eancia especiais<br \/>&#8211; Totalmente inspecion\u00e1vel para verifica\u00e7\u00f5es e limpeza<\/p>\n","protected":false},"excerpt":{"rendered":"<p>Conector de \u00c2ncora em A\u00e7o Inoxid\u00e1vel SiderMarine G70 10-12 mm 8500 kg &#8211; Conector de \u00e2ncora SiderMarine para total seguran\u00e7a<\/p>\n","protected":false},"featured_media":5943751,"comment_status":"open","ping_status":"closed","template":"","meta":[],"product_brand":[3387],"product_cat":[2152],"product_tag":[],"class_list":{"0":"post-750996","1":"product","2":"type-product","3":"status-publish","4":"has-post-thumbnail","6":"product_brand-sidermarine-pt","7":"product_cat-destorcedores-de-ancora","9":"first","10":"instock","11":"shipping-taxable","12":"purchasable","13":"product-type-simple"},"_links":{"self":[{"href":"https:\/\/stoic-curie.212-227-153-4.plesk.page\/pt\/wp-json\/wp\/v2\/product\/750996","targetHints":{"allow":["GET"]}}],"collection":[{"href":"https:\/\/stoic-curie.212-227-153-4.plesk.page\/pt\/wp-json\/wp\/v2\/product"}],"about":[{"href":"https:\/\/stoic-curie.212-227-153-4.plesk.page\/pt\/wp-json\/wp\/v2\/types\/product"}],"replies":[{"embeddable":true,"href":"https:\/\/stoic-curie.212-227-153-4.plesk.page\/pt\/wp-json\/wp\/v2\/comments?post=750996"}],"version-history":[{"count":0,"href":"https:\/\/stoic-curie.212-227-153-4.plesk.page\/pt\/wp-json\/wp\/v2\/product\/750996\/revisions"}],"wp:featuredmedia":[{"embeddable":true,"href":"https:\/\/stoic-curie.212-227-153-4.plesk.page\/pt\/wp-json\/wp\/v2\/media\/5943751"}],"wp:attachment":[{"href":"https:\/\/stoic-curie.212-227-153-4.plesk.page\/pt\/wp-json\/wp\/v2\/media?parent=750996"}],"wp:term":[{"taxonomy":"product_brand","embeddable":true,"href":"https:\/\/stoic-curie.212-227-153-4.plesk.page\/pt\/wp-json\/wp\/v2\/product_brand?post=750996"},{"taxonomy":"product_cat","embeddable":true,"href":"https:\/\/stoic-curie.212-227-153-4.plesk.page\/pt\/wp-json\/wp\/v2\/product_cat?post=750996"},{"taxonomy":"product_tag","embeddable":true,"href":"https:\/\/stoic-curie.212-227-153-4.plesk.page\/pt\/wp-json\/wp\/v2\/product_tag?post=750996"}],"curies":[{"name":"wp","href":"https:\/\/api.w.org\/{rel}","templated":true}]}}