{"id":750997,"date":"2025-03-03T23:35:02","date_gmt":"2025-03-03T22:35:02","guid":{"rendered":"https:\/\/stoic-curie.212-227-153-4.plesk.page\/producto\/sidermarine-mpp-k-ate-16-toneladas\/"},"modified":"2026-02-25T00:28:17","modified_gmt":"2026-02-25T00:28:17","slug":"sidermarine-mpp-k-ate-16-toneladas","status":"publish","type":"product","link":"https:\/\/stoic-curie.212-227-153-4.plesk.page\/pt\/product\/sidermarine-mpp-k-ate-16-toneladas\/","title":{"rendered":"Sidermarine MK45 H\u00edbrido para 4 a 16 toneladas"},"content":{"rendered":"<p>Sidermarine MK45 H\u00edbrido para 4 a 16 toneladas &#8211; <\/p>\n<p style=\"color: rgb(34, 34, 34); font-family: Arial, Helvetica, sans-serif; font-size: small;\">Mola de Amarra\u00e7\u00e3o MK 45 H\u00edbrida<\/p>\n<p style=\"color: rgb(34, 34, 34); font-family: Arial, Helvetica, sans-serif; font-size: small;\">A mola de amarra\u00e7\u00e3o MK 45 H\u00edbrida \u00e9 projetada para embarca\u00e7\u00f5es com peso entre 4 e 16 toneladas.<\/p>\n<p style=\"color: rgb(34, 34, 34); font-family: Arial, Helvetica, sans-serif; font-size: small;\">Esta mola apresenta elast\u00f4meros que aumentam sua carga inercial, oferecendo diversos benef\u00edcios:<\/p>\n<ul style=\"color: rgb(34, 34, 34); font-family: Arial, Helvetica, sans-serif; font-size: small;\">\n<li>For\u00e7a de amortecimento progressiva<\/li>\n<li>Opera\u00e7\u00e3o silenciosa e resist\u00eancia ao estresse<\/li>\n<li>Componentes internos feitos de a\u00e7o inoxid\u00e1vel 316, livres de juntas soldadas<\/li>\n<li>Desempenho confi\u00e1vel em uma ampla faixa de temperatura, de -20\u00b0 a +80\u00b0<\/li>\n<\/ul>\n<p style=\"color: rgb(34, 34, 34); font-family: Arial, Helvetica, sans-serif; font-size: small;\">Os amortecedores MK Hybrid patenteados utilizam elast\u00f4meros cil\u00edndricos que oferecem uma carga inercial alta e n\u00e3o progressiva por si s\u00f3. Quando combinados com a mola \u2014 seja uma mola central \u00fanica ou quatro em cada extremidade \u2014 eles melhoram a capacidade do sistema de suportar estresses significativos. Este design permite um movimento progressivo que se adapta ao movimento da embarca\u00e7\u00e3o.<\/p>\n<p style=\"color: rgb(34, 34, 34); font-family: Arial, Helvetica, sans-serif; font-size: small;\">Essas molas de amarra\u00e7\u00e3o s\u00e3o especificamente projetadas para reduzir a tens\u00e3o nas linhas de amarra\u00e7\u00e3o. Elas s\u00e3o a \u00fanica solu\u00e7\u00e3o eficaz para minimizar a oscila\u00e7\u00e3o de uma embarca\u00e7\u00e3o enquanto est\u00e1 ancorada, garantindo seguran\u00e7a ao amortecer adequadamente a tens\u00e3o nas linhas. Isso reduz significativamente as for\u00e7as que atuam nas manilhas de popa, criando um ambiente mais est\u00e1vel e confort\u00e1vel para os usu\u00e1rios.<\/p>\n<p style=\"color: rgb(34, 34, 34); font-family: Arial, Helvetica, sans-serif; font-size: small;\">Especifica\u00e7\u00f5es:<\/p>\n<ul style=\"color: rgb(34, 34, 34); font-family: Arial, Helvetica, sans-serif; font-size: small;\">\n<li>Comprimento: 96 x 452 mm (3,78 x 17,80 polegadas)<\/li>\n<li>Peso: 6,5 kg (14,33 lb)<\/li>\n<li>Adequada para embarca\u00e7\u00f5es com peso de 4 a 16 toneladas.<\/li>\n<\/ul>\n","protected":false},"excerpt":{"rendered":"<p>Sidermarine MK45 H\u00edbrido para 4 a 16 toneladas &#8211; Mola de Amarra\u00e7\u00e3o MK 45 H\u00edbrida A mola de amarra\u00e7\u00e3o MK<\/p>\n","protected":false},"featured_media":5946298,"comment_status":"open","ping_status":"closed","template":"","meta":[],"product_brand":[3387],"product_cat":[1911],"product_tag":[],"class_list":{"0":"post-750997","1":"product","2":"type-product","3":"status-publish","4":"has-post-thumbnail","6":"product_brand-sidermarine-pt","7":"product_cat-amortecedores-de-amarracao","9":"first","10":"instock","11":"shipping-taxable","12":"purchasable","13":"product-type-simple"},"_links":{"self":[{"href":"https:\/\/stoic-curie.212-227-153-4.plesk.page\/pt\/wp-json\/wp\/v2\/product\/750997","targetHints":{"allow":["GET"]}}],"collection":[{"href":"https:\/\/stoic-curie.212-227-153-4.plesk.page\/pt\/wp-json\/wp\/v2\/product"}],"about":[{"href":"https:\/\/stoic-curie.212-227-153-4.plesk.page\/pt\/wp-json\/wp\/v2\/types\/product"}],"replies":[{"embeddable":true,"href":"https:\/\/stoic-curie.212-227-153-4.plesk.page\/pt\/wp-json\/wp\/v2\/comments?post=750997"}],"version-history":[{"count":0,"href":"https:\/\/stoic-curie.212-227-153-4.plesk.page\/pt\/wp-json\/wp\/v2\/product\/750997\/revisions"}],"wp:featuredmedia":[{"embeddable":true,"href":"https:\/\/stoic-curie.212-227-153-4.plesk.page\/pt\/wp-json\/wp\/v2\/media\/5946298"}],"wp:attachment":[{"href":"https:\/\/stoic-curie.212-227-153-4.plesk.page\/pt\/wp-json\/wp\/v2\/media?parent=750997"}],"wp:term":[{"taxonomy":"product_brand","embeddable":true,"href":"https:\/\/stoic-curie.212-227-153-4.plesk.page\/pt\/wp-json\/wp\/v2\/product_brand?post=750997"},{"taxonomy":"product_cat","embeddable":true,"href":"https:\/\/stoic-curie.212-227-153-4.plesk.page\/pt\/wp-json\/wp\/v2\/product_cat?post=750997"},{"taxonomy":"product_tag","embeddable":true,"href":"https:\/\/stoic-curie.212-227-153-4.plesk.page\/pt\/wp-json\/wp\/v2\/product_tag?post=750997"}],"curies":[{"name":"wp","href":"https:\/\/api.w.org\/{rel}","templated":true}]}}