{"id":750998,"date":"2025-03-03T23:35:03","date_gmt":"2025-03-03T22:35:03","guid":{"rendered":"https:\/\/stoic-curie.212-227-153-4.plesk.page\/producto\/sidermarine-mpp-k-ate-20-toneladas-440mm\/"},"modified":"2026-02-25T00:28:17","modified_gmt":"2026-02-25T00:28:17","slug":"sidermarine-mpp-k-ate-20-toneladas-440mm","status":"publish","type":"product","link":"https:\/\/stoic-curie.212-227-153-4.plesk.page\/pt\/product\/sidermarine-mpp-k-ate-20-toneladas-440mm\/","title":{"rendered":"Sidermarine MK50 Hybrid for 16 to 20ton"},"content":{"rendered":"<p>Sidermarine MK50 Hybrid for 16 to 20ton &#8211; <\/p>\n<p style=\"color: rgb(34, 34, 34); font-family: Arial, Helvetica, sans-serif; font-size: small;\">Temos o prazer de apresentar a Mola de Atraque H\u00edbrida MK 50, projetada especificamente para embarca\u00e7\u00f5es com peso entre 16 e 20 toneladas. Esta mola de atraque incorpora elast\u00f4meros cil\u00edndricos que aumentam sua capacidade de carga inercial e proporcionam uma for\u00e7a progressiva.<\/p>\n<p style=\"color: rgb(34, 34, 34); font-family: Arial, Helvetica, sans-serif; font-size: small;\">Caracter\u00edsticas Destacadas:<\/p>\n<ul style=\"color: rgb(34, 34, 34); font-family: Arial, Helvetica, sans-serif; font-size: small;\">\n<li>Oferece uma for\u00e7a de amortecimento progressiva<\/li>\n<li>Opera de forma silenciosa e \u00e9 resistente ao estresse<\/li>\n<li>Constru\u00edda com componentes internos fabricados em a\u00e7o inoxid\u00e1vel 316, sem se\u00e7\u00f5es soldadas<\/li>\n<li>Funciona eficientemente em faixas de temperatura de -20\u00b0 a +80\u00b0<\/li>\n<\/ul>\n<p style=\"color: rgb(34, 34, 34); font-family: Arial, Helvetica, sans-serif; font-size: small;\">Os inovadores amortecedores h\u00edbridos MK utilizam elast\u00f4meros em uma configura\u00e7\u00e3o cil\u00edndrica, que fornecem independentemente uma carga inercial substancial. Quando combinados com a mola\u2014seja ela composta por uma \u00fanica mola central ou quatro molas em cada extremidade\u2014esses componentes potencializam enormemente o desempenho sob estresse significativo. Esse design cuidadoso permite um movimento progressivo que se ajusta \u00e0s necessidades espec\u00edficas do barco.<\/p>\n<p style=\"color: rgb(34, 34, 34); font-family: Arial, Helvetica, sans-serif; font-size: small;\">As molas de atraque desempenham um papel crucial na mitiga\u00e7\u00e3o da tens\u00e3o nas linhas de amarra\u00e7\u00e3o. Elas representam a forma mais eficaz de reduzir a oscila\u00e7\u00e3o de um barco enquanto est\u00e1 ancorado, garantindo a seguran\u00e7a ao absorver a tens\u00e3o das linhas. Essa a\u00e7\u00e3o diminui significativamente as for\u00e7as exercidas sobre os bollards de popa, resultando em uma experi\u00eancia mais est\u00e1vel e confort\u00e1vel para os usu\u00e1rios.<\/p>\n<p style=\"color: rgb(34, 34, 34); font-family: Arial, Helvetica, sans-serif; font-size: small;\">Especifica\u00e7\u00f5es:<\/p>\n<ul style=\"color: rgb(34, 34, 34); font-family: Arial, Helvetica, sans-serif; font-size: small;\">\n<li>Dimens\u00f5es: 96 x 452 mm (3.78 x 17.80 polegadas)<\/li>\n<li>Peso: 6.5 kg (14.33 lbs)<\/li>\n<li>Projetada para embarca\u00e7\u00f5es com peso entre 16 e 20 toneladas.<\/li>\n<\/ul>\n","protected":false},"excerpt":{"rendered":"<p>Sidermarine MK50 Hybrid for 16 to 20ton &#8211; Temos o prazer de apresentar a Mola de Atraque H\u00edbrida MK 50,<\/p>\n","protected":false},"featured_media":5946299,"comment_status":"open","ping_status":"closed","template":"","meta":[],"product_brand":[3387],"product_cat":[1911],"product_tag":[],"class_list":{"0":"post-750998","1":"product","2":"type-product","3":"status-publish","4":"has-post-thumbnail","6":"product_brand-sidermarine-pt","7":"product_cat-amortecedores-de-amarracao","9":"first","10":"instock","11":"shipping-taxable","12":"purchasable","13":"product-type-simple"},"_links":{"self":[{"href":"https:\/\/stoic-curie.212-227-153-4.plesk.page\/pt\/wp-json\/wp\/v2\/product\/750998","targetHints":{"allow":["GET"]}}],"collection":[{"href":"https:\/\/stoic-curie.212-227-153-4.plesk.page\/pt\/wp-json\/wp\/v2\/product"}],"about":[{"href":"https:\/\/stoic-curie.212-227-153-4.plesk.page\/pt\/wp-json\/wp\/v2\/types\/product"}],"replies":[{"embeddable":true,"href":"https:\/\/stoic-curie.212-227-153-4.plesk.page\/pt\/wp-json\/wp\/v2\/comments?post=750998"}],"version-history":[{"count":0,"href":"https:\/\/stoic-curie.212-227-153-4.plesk.page\/pt\/wp-json\/wp\/v2\/product\/750998\/revisions"}],"wp:featuredmedia":[{"embeddable":true,"href":"https:\/\/stoic-curie.212-227-153-4.plesk.page\/pt\/wp-json\/wp\/v2\/media\/5946299"}],"wp:attachment":[{"href":"https:\/\/stoic-curie.212-227-153-4.plesk.page\/pt\/wp-json\/wp\/v2\/media?parent=750998"}],"wp:term":[{"taxonomy":"product_brand","embeddable":true,"href":"https:\/\/stoic-curie.212-227-153-4.plesk.page\/pt\/wp-json\/wp\/v2\/product_brand?post=750998"},{"taxonomy":"product_cat","embeddable":true,"href":"https:\/\/stoic-curie.212-227-153-4.plesk.page\/pt\/wp-json\/wp\/v2\/product_cat?post=750998"},{"taxonomy":"product_tag","embeddable":true,"href":"https:\/\/stoic-curie.212-227-153-4.plesk.page\/pt\/wp-json\/wp\/v2\/product_tag?post=750998"}],"curies":[{"name":"wp","href":"https:\/\/api.w.org\/{rel}","templated":true}]}}