{"id":750999,"date":"2025-03-03T23:35:03","date_gmt":"2025-03-03T22:35:03","guid":{"rendered":"https:\/\/stoic-curie.212-227-153-4.plesk.page\/producto\/sidermarine-mpp-k-ate-25-toneladas-440mm\/"},"modified":"2026-02-25T00:28:17","modified_gmt":"2026-02-25T00:28:17","slug":"sidermarine-mpp-k-ate-25-toneladas-440mm","status":"publish","type":"product","link":"https:\/\/stoic-curie.212-227-153-4.plesk.page\/pt\/product\/sidermarine-mpp-k-ate-25-toneladas-440mm\/","title":{"rendered":"Sidermarine MK50s H\u00edbrido para 20 a 25 toneladas"},"content":{"rendered":"<p>Sidermarine MK50s H\u00edbrido para 20 a 25 toneladas &#8211; <\/p>\n<p style=\"color: rgb(34, 34, 34); font-family: Arial, Helvetica, sans-serif; font-size: small;\">Apresentando a Mola de Amarra\u00e7\u00e3o MK 50 Special. Esta mola de amarra\u00e7\u00e3o h\u00edbrida foi projetada para embarca\u00e7\u00f5es com peso entre 20 e 25 toneladas. Ela apresenta elast\u00f4meros cil\u00edndricos que melhoram sua carga inercial e proporcionam uma for\u00e7a progressiva.<\/p>\n<p style=\"color: rgb(34, 34, 34); font-family: Arial, Helvetica, sans-serif; font-size: small;\">Principais Caracter\u00edsticas:<\/p>\n<ul style=\"color: rgb(34, 34, 34); font-family: Arial, Helvetica, sans-serif; font-size: small;\">\n<li>For\u00e7a de amortecimento progressiva<\/li>\n<li>Silenciosa e resistente a estresse<\/li>\n<li>Componentes internos feitos de a\u00e7o inoxid\u00e1vel 316, sem partes soldadas<\/li>\n<li>Opera efetivamente em temperaturas variando de -20\u00b0 a +80\u00b0<\/li>\n<\/ul>\n<p style=\"color: rgb(34, 34, 34); font-family: Arial, Helvetica, sans-serif; font-size: small;\">Os amortecedores h\u00edbridos MK patenteados utilizam elast\u00f4meros em forma cil\u00edndrica, que proporcionam uma alta carga inercial por conta pr\u00f3pria. Quando combinados com a mola\u2014seja uma \u00fanica mola central ou quatro em cada extremidade\u2014eles melhoram significativamente o desempenho sob alta tens\u00e3o. Este design permite um movimento progressivo que se adapta \u00e0s necessidades da embarca\u00e7\u00e3o.<\/p>\n<p style=\"color: rgb(34, 34, 34); font-family: Arial, Helvetica, sans-serif; font-size: small;\">As molas de amarra\u00e7\u00e3o s\u00e3o essenciais para reduzir a tens\u00e3o nas linhas de amarra\u00e7\u00e3o. Elas s\u00e3o a \u00fanica solu\u00e7\u00e3o eficaz para minimizar a oscila\u00e7\u00e3o de uma embarca\u00e7\u00e3o enquanto est\u00e1 ancorada, garantindo seguran\u00e7a ao atenuar a tens\u00e3o nas linhas. Isso reduz significativamente as for\u00e7as que atuam nas bollards de popa, criando um ambiente mais est\u00e1vel e confort\u00e1vel para os usu\u00e1rios.<\/p>\n<p style=\"color: rgb(34, 34, 34); font-family: Arial, Helvetica, sans-serif; font-size: small;\">Especifica\u00e7\u00f5es:<\/p>\n<ul style=\"color: rgb(34, 34, 34); font-family: Arial, Helvetica, sans-serif; font-size: small;\">\n<li>Comprimento: 96 x 452 mm (3.78 x 17.80 polegadas)<\/li>\n<li>Peso: 6.5 kg (14.33 lbs)<\/li>\n<li>Recomendado para embarca\u00e7\u00f5es com peso de 20 a 25 toneladas.<\/li>\n<\/ul>\n","protected":false},"excerpt":{"rendered":"<p>Sidermarine MK50s H\u00edbrido para 20 a 25 toneladas &#8211; Apresentando a Mola de Amarra\u00e7\u00e3o MK 50 Special. Esta mola de<\/p>\n","protected":false},"featured_media":5946300,"comment_status":"open","ping_status":"closed","template":"","meta":[],"product_brand":[3387],"product_cat":[1911],"product_tag":[],"class_list":{"0":"post-750999","1":"product","2":"type-product","3":"status-publish","4":"has-post-thumbnail","6":"product_brand-sidermarine-pt","7":"product_cat-amortecedores-de-amarracao","9":"first","10":"instock","11":"shipping-taxable","12":"purchasable","13":"product-type-simple"},"_links":{"self":[{"href":"https:\/\/stoic-curie.212-227-153-4.plesk.page\/pt\/wp-json\/wp\/v2\/product\/750999","targetHints":{"allow":["GET"]}}],"collection":[{"href":"https:\/\/stoic-curie.212-227-153-4.plesk.page\/pt\/wp-json\/wp\/v2\/product"}],"about":[{"href":"https:\/\/stoic-curie.212-227-153-4.plesk.page\/pt\/wp-json\/wp\/v2\/types\/product"}],"replies":[{"embeddable":true,"href":"https:\/\/stoic-curie.212-227-153-4.plesk.page\/pt\/wp-json\/wp\/v2\/comments?post=750999"}],"version-history":[{"count":0,"href":"https:\/\/stoic-curie.212-227-153-4.plesk.page\/pt\/wp-json\/wp\/v2\/product\/750999\/revisions"}],"wp:featuredmedia":[{"embeddable":true,"href":"https:\/\/stoic-curie.212-227-153-4.plesk.page\/pt\/wp-json\/wp\/v2\/media\/5946300"}],"wp:attachment":[{"href":"https:\/\/stoic-curie.212-227-153-4.plesk.page\/pt\/wp-json\/wp\/v2\/media?parent=750999"}],"wp:term":[{"taxonomy":"product_brand","embeddable":true,"href":"https:\/\/stoic-curie.212-227-153-4.plesk.page\/pt\/wp-json\/wp\/v2\/product_brand?post=750999"},{"taxonomy":"product_cat","embeddable":true,"href":"https:\/\/stoic-curie.212-227-153-4.plesk.page\/pt\/wp-json\/wp\/v2\/product_cat?post=750999"},{"taxonomy":"product_tag","embeddable":true,"href":"https:\/\/stoic-curie.212-227-153-4.plesk.page\/pt\/wp-json\/wp\/v2\/product_tag?post=750999"}],"curies":[{"name":"wp","href":"https:\/\/api.w.org\/{rel}","templated":true}]}}