{"id":751002,"date":"2025-03-03T23:35:04","date_gmt":"2025-03-03T22:35:04","guid":{"rendered":"https:\/\/stoic-curie.212-227-153-4.plesk.page\/producto\/desumidificador-portatil-190-x-45-x-a125-mm\/"},"modified":"2026-02-25T00:28:17","modified_gmt":"2026-02-25T00:28:17","slug":"desumidificador-portatil-190-x-45-x-a125-mm","status":"publish","type":"product","link":"https:\/\/stoic-curie.212-227-153-4.plesk.page\/pt\/product\/desumidificador-portatil-190-x-45-x-a125-mm\/","title":{"rendered":"Desumidificador Port\u00e1til 190 x 45 x A125 mm"},"content":{"rendered":"<p>Desumidificador Port\u00e1til 190 x 45 x A125 mm &#8211; <\/p>\n<p>Sistema inovador recarreg\u00e1vel de absor\u00e7\u00e3o de umidade que n\u00e3o requer a substitui\u00e7\u00e3o de cristais. Previne mofo, umidade e odores desagrad\u00e1veis em qualquer ambiente de at\u00e9 20 m\u00b3. Absorve at\u00e9 250 ml de umidade, que \u00e9 ent\u00e3o removida simplesmente conectando o aparelho a uma fonte de alimenta\u00e7\u00e3o de 220V por algumas horas.<\/p>\n","protected":false},"excerpt":{"rendered":"<p>Desumidificador Port\u00e1til 190 x 45 x A125 mm &#8211; Sistema inovador recarreg\u00e1vel de absor\u00e7\u00e3o de umidade que n\u00e3o requer a<\/p>\n","protected":false},"featured_media":5946301,"comment_status":"open","ping_status":"closed","template":"","meta":[],"product_brand":[3237],"product_cat":[1934],"product_tag":[],"class_list":{"0":"post-751002","1":"product","2":"type-product","3":"status-publish","4":"has-post-thumbnail","6":"product_brand-osculati-pt","7":"product_cat-eletrodomesticos","9":"first","10":"instock","11":"shipping-taxable","12":"purchasable","13":"product-type-simple"},"_links":{"self":[{"href":"https:\/\/stoic-curie.212-227-153-4.plesk.page\/pt\/wp-json\/wp\/v2\/product\/751002","targetHints":{"allow":["GET"]}}],"collection":[{"href":"https:\/\/stoic-curie.212-227-153-4.plesk.page\/pt\/wp-json\/wp\/v2\/product"}],"about":[{"href":"https:\/\/stoic-curie.212-227-153-4.plesk.page\/pt\/wp-json\/wp\/v2\/types\/product"}],"replies":[{"embeddable":true,"href":"https:\/\/stoic-curie.212-227-153-4.plesk.page\/pt\/wp-json\/wp\/v2\/comments?post=751002"}],"version-history":[{"count":0,"href":"https:\/\/stoic-curie.212-227-153-4.plesk.page\/pt\/wp-json\/wp\/v2\/product\/751002\/revisions"}],"wp:featuredmedia":[{"embeddable":true,"href":"https:\/\/stoic-curie.212-227-153-4.plesk.page\/pt\/wp-json\/wp\/v2\/media\/5946301"}],"wp:attachment":[{"href":"https:\/\/stoic-curie.212-227-153-4.plesk.page\/pt\/wp-json\/wp\/v2\/media?parent=751002"}],"wp:term":[{"taxonomy":"product_brand","embeddable":true,"href":"https:\/\/stoic-curie.212-227-153-4.plesk.page\/pt\/wp-json\/wp\/v2\/product_brand?post=751002"},{"taxonomy":"product_cat","embeddable":true,"href":"https:\/\/stoic-curie.212-227-153-4.plesk.page\/pt\/wp-json\/wp\/v2\/product_cat?post=751002"},{"taxonomy":"product_tag","embeddable":true,"href":"https:\/\/stoic-curie.212-227-153-4.plesk.page\/pt\/wp-json\/wp\/v2\/product_tag?post=751002"}],"curies":[{"name":"wp","href":"https:\/\/api.w.org\/{rel}","templated":true}]}}