{"id":751004,"date":"2025-03-03T23:35:05","date_gmt":"2025-03-03T22:35:05","guid":{"rendered":"https:\/\/stoic-curie.212-227-153-4.plesk.page\/producto\/escotilhas-saralon-cinza-330-x-760mm\/"},"modified":"2026-02-25T00:28:17","modified_gmt":"2026-02-25T00:28:17","slug":"escotilhas-saralon-cinza-330-x-760mm","status":"publish","type":"product","link":"https:\/\/stoic-curie.212-227-153-4.plesk.page\/pt\/product\/escotilhas-saralon-cinza-330-x-760mm\/","title":{"rendered":"Escotilhas Saralon Cinza 330 x 760mm"},"content":{"rendered":"<p>Escotilhas Saralon Cinza 330 x 760mm &#8211; <\/p>\n<p>Porta de escotilha quase indestrut\u00edvel de Saralon (resina de polipropileno). Pis\u00e1vel, \u00e0 prova de choque e resistente a raios UV, solventes e combust\u00edveis. Junta embutida para um vedante completamente \u00e0 prova d&#8217;\u00e1gua. Certificado CE.<\/p>\n","protected":false},"excerpt":{"rendered":"<p>Escotilhas Saralon Cinza 330 x 760mm &#8211; Porta de escotilha quase indestrut\u00edvel de Saralon (resina de polipropileno). Pis\u00e1vel, \u00e0 prova<\/p>\n","protected":false},"featured_media":5946328,"comment_status":"open","ping_status":"closed","template":"","meta":[],"product_brand":[3037],"product_cat":[1982],"product_tag":[],"class_list":{"0":"post-751004","1":"product","2":"type-product","3":"status-publish","4":"has-post-thumbnail","6":"product_brand-jba-marine-pt","7":"product_cat-escotilhas-plasticas","9":"first","10":"instock","11":"shipping-taxable","12":"purchasable","13":"product-type-simple"},"_links":{"self":[{"href":"https:\/\/stoic-curie.212-227-153-4.plesk.page\/pt\/wp-json\/wp\/v2\/product\/751004","targetHints":{"allow":["GET"]}}],"collection":[{"href":"https:\/\/stoic-curie.212-227-153-4.plesk.page\/pt\/wp-json\/wp\/v2\/product"}],"about":[{"href":"https:\/\/stoic-curie.212-227-153-4.plesk.page\/pt\/wp-json\/wp\/v2\/types\/product"}],"replies":[{"embeddable":true,"href":"https:\/\/stoic-curie.212-227-153-4.plesk.page\/pt\/wp-json\/wp\/v2\/comments?post=751004"}],"version-history":[{"count":0,"href":"https:\/\/stoic-curie.212-227-153-4.plesk.page\/pt\/wp-json\/wp\/v2\/product\/751004\/revisions"}],"wp:featuredmedia":[{"embeddable":true,"href":"https:\/\/stoic-curie.212-227-153-4.plesk.page\/pt\/wp-json\/wp\/v2\/media\/5946328"}],"wp:attachment":[{"href":"https:\/\/stoic-curie.212-227-153-4.plesk.page\/pt\/wp-json\/wp\/v2\/media?parent=751004"}],"wp:term":[{"taxonomy":"product_brand","embeddable":true,"href":"https:\/\/stoic-curie.212-227-153-4.plesk.page\/pt\/wp-json\/wp\/v2\/product_brand?post=751004"},{"taxonomy":"product_cat","embeddable":true,"href":"https:\/\/stoic-curie.212-227-153-4.plesk.page\/pt\/wp-json\/wp\/v2\/product_cat?post=751004"},{"taxonomy":"product_tag","embeddable":true,"href":"https:\/\/stoic-curie.212-227-153-4.plesk.page\/pt\/wp-json\/wp\/v2\/product_tag?post=751004"}],"curies":[{"name":"wp","href":"https:\/\/api.w.org\/{rel}","templated":true}]}}