{"id":751005,"date":"2025-03-03T23:35:05","date_gmt":"2025-03-03T22:35:05","guid":{"rendered":"https:\/\/stoic-curie.212-227-153-4.plesk.page\/producto\/painel-vetus-bpas-plano-tatil\/"},"modified":"2026-02-25T00:28:17","modified_gmt":"2026-02-25T00:28:17","slug":"painel-vetus-bpas-plano-tatil","status":"publish","type":"product","link":"https:\/\/stoic-curie.212-227-153-4.plesk.page\/pt\/product\/painel-vetus-bpas-plano-tatil\/","title":{"rendered":"Painel Vetus BPAS Plano T\u00e1til"},"content":{"rendered":"<p>Painel Vetus BPAS Plano T\u00e1til &#8211; <\/p>\n<p>Pain\u00e9is de controle \u00e0 prova d&#8217;\u00e1gua Vetus 12\/24V. BPSE2: painel plano para evitar o emaranhamento dos cabos, ideal para veleiros. BPAS: painel de alum\u00ednio plano com teclas t\u00e1cteis com temporizador. BPSR: painel redondo plano com teclas t\u00e1cteis com temporizador. BPJE2: painel com joystick e alarme com temporizador. BPJR: painel redondo com joystick e alarme com temporizador.<\/p>\n","protected":false},"excerpt":{"rendered":"<p>Painel Vetus BPAS Plano T\u00e1til &#8211; Pain\u00e9is de controle \u00e0 prova d&#8217;\u00e1gua Vetus 12\/24V. BPSE2: painel plano para evitar o<\/p>\n","protected":false},"featured_media":5946330,"comment_status":"open","ping_status":"closed","template":"","meta":[],"product_brand":[3522],"product_cat":[1896],"product_tag":[],"class_list":{"0":"post-751005","1":"product","2":"type-product","3":"status-publish","4":"has-post-thumbnail","6":"product_brand-vetus-pt","7":"product_cat-propulsores-de-proa-vetus","9":"first","10":"instock","11":"shipping-taxable","12":"purchasable","13":"product-type-simple"},"_links":{"self":[{"href":"https:\/\/stoic-curie.212-227-153-4.plesk.page\/pt\/wp-json\/wp\/v2\/product\/751005","targetHints":{"allow":["GET"]}}],"collection":[{"href":"https:\/\/stoic-curie.212-227-153-4.plesk.page\/pt\/wp-json\/wp\/v2\/product"}],"about":[{"href":"https:\/\/stoic-curie.212-227-153-4.plesk.page\/pt\/wp-json\/wp\/v2\/types\/product"}],"replies":[{"embeddable":true,"href":"https:\/\/stoic-curie.212-227-153-4.plesk.page\/pt\/wp-json\/wp\/v2\/comments?post=751005"}],"version-history":[{"count":0,"href":"https:\/\/stoic-curie.212-227-153-4.plesk.page\/pt\/wp-json\/wp\/v2\/product\/751005\/revisions"}],"wp:featuredmedia":[{"embeddable":true,"href":"https:\/\/stoic-curie.212-227-153-4.plesk.page\/pt\/wp-json\/wp\/v2\/media\/5946330"}],"wp:attachment":[{"href":"https:\/\/stoic-curie.212-227-153-4.plesk.page\/pt\/wp-json\/wp\/v2\/media?parent=751005"}],"wp:term":[{"taxonomy":"product_brand","embeddable":true,"href":"https:\/\/stoic-curie.212-227-153-4.plesk.page\/pt\/wp-json\/wp\/v2\/product_brand?post=751005"},{"taxonomy":"product_cat","embeddable":true,"href":"https:\/\/stoic-curie.212-227-153-4.plesk.page\/pt\/wp-json\/wp\/v2\/product_cat?post=751005"},{"taxonomy":"product_tag","embeddable":true,"href":"https:\/\/stoic-curie.212-227-153-4.plesk.page\/pt\/wp-json\/wp\/v2\/product_tag?post=751005"}],"curies":[{"name":"wp","href":"https:\/\/api.w.org\/{rel}","templated":true}]}}