{"id":751009,"date":"2025-03-03T23:35:07","date_gmt":"2025-03-03T22:35:07","guid":{"rendered":"https:\/\/stoic-curie.212-227-153-4.plesk.page\/producto\/orbitrade-19097-water-hose-for-volvo-penta-sx-and-dp-s-sterndrives\/"},"modified":"2026-02-25T00:28:17","modified_gmt":"2026-02-25T00:28:17","slug":"orbitrade-19097-water-hose-for-volvo-penta-sx-and-dp-s-sterndrives","status":"publish","type":"product","link":"https:\/\/stoic-curie.212-227-153-4.plesk.page\/pt\/product\/orbitrade-19097-water-hose-for-volvo-penta-sx-and-dp-s-sterndrives\/","title":{"rendered":"Orbitrade 19097 Water Hose for Volvo Penta SX and DP-S Sterndrives"},"content":{"rendered":"<p>Orbitrade 19097 Water Hose for Volvo Penta SX and DP-S Sterndrives &#8211; <\/p>\n<div class=\"col-24 col-md-15\">\n<p>A mangueira de \u00e1gua Orbitrade Marine foi projetada para substituir o n\u00famero de pe\u00e7a Volvo 3852352. A mangueira de \u00e1gua requer grampo para fixa\u00e7\u00e3o (n\u00e3o inclu\u00eddo). \u00c9 adequada para os seguintes modelos de sterndrive Volvo Penta:<\/p>\n<p>SX, DP-S.<\/p>\n<\/div>\n<p><\/p>\n<table class=\"table\">\n<tbody>\n<tr>\n<td><strong>Aplica\u00e7\u00e3o<\/strong><\/td>\n<td>Compat\u00edvel com sterndrives marinhos Volvo Penta SX e DP-S<\/td>\n<\/tr>\n<tr>\n<td><strong>Marca<\/strong><\/td>\n<td>Orbitrade<\/td>\n<\/tr>\n<tr>\n<td><strong>Adequado para<\/strong><\/td>\n<td>Volvo<\/td>\n<\/tr>\n<tr>\n<td><strong>Substitui<\/strong><\/td>\n<td>Volvo 3852352<\/td>\n<\/tr>\n<\/tbody>\n<\/table>\n","protected":false},"excerpt":{"rendered":"<p>Orbitrade 19097 Water Hose for Volvo Penta SX and DP-S Sterndrives &#8211; A mangueira de \u00e1gua Orbitrade Marine foi projetada<\/p>\n","protected":false},"featured_media":5946342,"comment_status":"open","ping_status":"closed","template":"","meta":[],"product_brand":[2244,3227],"product_cat":[2116],"product_tag":[],"class_list":{"0":"post-751009","1":"product","2":"type-product","3":"status-publish","4":"has-post-thumbnail","6":"product_brand-orbitrade-marine","7":"product_brand-orbitrade-marine-pt","8":"product_cat-pecas-para-motores-volvo-penta","10":"first","11":"instock","12":"shipping-taxable","13":"purchasable","14":"product-type-simple"},"_links":{"self":[{"href":"https:\/\/stoic-curie.212-227-153-4.plesk.page\/pt\/wp-json\/wp\/v2\/product\/751009","targetHints":{"allow":["GET"]}}],"collection":[{"href":"https:\/\/stoic-curie.212-227-153-4.plesk.page\/pt\/wp-json\/wp\/v2\/product"}],"about":[{"href":"https:\/\/stoic-curie.212-227-153-4.plesk.page\/pt\/wp-json\/wp\/v2\/types\/product"}],"replies":[{"embeddable":true,"href":"https:\/\/stoic-curie.212-227-153-4.plesk.page\/pt\/wp-json\/wp\/v2\/comments?post=751009"}],"version-history":[{"count":0,"href":"https:\/\/stoic-curie.212-227-153-4.plesk.page\/pt\/wp-json\/wp\/v2\/product\/751009\/revisions"}],"wp:featuredmedia":[{"embeddable":true,"href":"https:\/\/stoic-curie.212-227-153-4.plesk.page\/pt\/wp-json\/wp\/v2\/media\/5946342"}],"wp:attachment":[{"href":"https:\/\/stoic-curie.212-227-153-4.plesk.page\/pt\/wp-json\/wp\/v2\/media?parent=751009"}],"wp:term":[{"taxonomy":"product_brand","embeddable":true,"href":"https:\/\/stoic-curie.212-227-153-4.plesk.page\/pt\/wp-json\/wp\/v2\/product_brand?post=751009"},{"taxonomy":"product_cat","embeddable":true,"href":"https:\/\/stoic-curie.212-227-153-4.plesk.page\/pt\/wp-json\/wp\/v2\/product_cat?post=751009"},{"taxonomy":"product_tag","embeddable":true,"href":"https:\/\/stoic-curie.212-227-153-4.plesk.page\/pt\/wp-json\/wp\/v2\/product_tag?post=751009"}],"curies":[{"name":"wp","href":"https:\/\/api.w.org\/{rel}","templated":true}]}}