{"id":751011,"date":"2025-03-03T23:35:07","date_gmt":"2025-03-03T22:35:07","guid":{"rendered":"https:\/\/stoic-curie.212-227-153-4.plesk.page\/producto\/vetus-lt50-plastic-exhaust-gooseneck-50mm-diameter\/"},"modified":"2026-02-25T00:28:17","modified_gmt":"2026-02-25T00:28:17","slug":"vetus-lt50-plastic-exhaust-gooseneck-50mm-diameter","status":"publish","type":"product","link":"https:\/\/stoic-curie.212-227-153-4.plesk.page\/pt\/product\/vetus-lt50-plastic-exhaust-gooseneck-50mm-diameter\/","title":{"rendered":"Vetus LT50 Plastic Exhaust Gooseneck (50mm Diameter)"},"content":{"rendered":"<p>Vetus LT50 Plastic Exhaust Gooseneck (50mm Diameter) &#8211; <\/p>\n<div class=\"col-24 col-md-15\">\n<p>O gooseneck do escape marinho Vetus LT50 \u00e9 constru\u00eddo em pl\u00e1stico e foi projetado para evitar o refluxo de \u00e1gua em dire\u00e7\u00e3o ao motor em um sistema de escape molhado. Este gooseneck eleva a linha da mangueira de escape acima da linha d&#8217;\u00e1gua, de modo que a \u00e1gua flua para baixo at\u00e9 o ponto mais baixo, onde o bloqueio de \u00e1gua deve estar localizado.<\/p>\n<p>Nota: Os componentes de escape da Vetus s\u00e3o feitos de pl\u00e1stico e devem ser instalados apenas em sistemas de escape molhados. A temperatura m\u00e1xima n\u00e3o deve exceder 70 \u00c2\u00b0C, caso contr\u00e1rio, os componentes de escape podem ser danificados.<\/p>\n<\/div>\n<p><\/p>\n<table class=\"table\">\n<tbody>\n<tr>\n<td><strong>Altura<\/strong><\/td>\n<td>502mm<\/td>\n<\/tr>\n<tr>\n<td><strong>Material<\/strong><\/td>\n<td>Pl\u00e1stico<\/td>\n<\/tr>\n<tr>\n<td><strong>Largura<\/strong><\/td>\n<td>135mm<\/td>\n<\/tr>\n<tr>\n<td><strong>Marca<\/strong><\/td>\n<td>Vetus<\/td>\n<\/tr>\n<tr>\n<td><strong>Tamanho da Porta<\/strong><\/td>\n<td>50mm<\/td>\n<\/tr>\n<tr>\n<td><strong>Constru\u00e7\u00e3o Principal<\/strong><\/td>\n<td>Pl\u00e1stico<\/td>\n<\/tr>\n<tr>\n<td><strong>Tamanho do Porto de Entrada\/Sa\u00edda<\/strong><\/td>\n<td>50mm<\/td>\n<\/tr>\n<tr>\n<td><strong>Profundidade<\/strong><\/td>\n<td>182mm<\/td>\n<\/tr>\n<\/tbody>\n<\/table>\n","protected":false},"excerpt":{"rendered":"<p>Vetus LT50 Plastic Exhaust Gooseneck (50mm Diameter) &#8211; O gooseneck do escape marinho Vetus LT50 \u00e9 constru\u00eddo em pl\u00e1stico e<\/p>\n","protected":false},"featured_media":5946345,"comment_status":"open","ping_status":"closed","template":"","meta":[],"product_brand":[3522],"product_cat":[2081],"product_tag":[],"class_list":{"0":"post-751011","1":"product","2":"type-product","3":"status-publish","4":"has-post-thumbnail","6":"product_brand-vetus-pt","7":"product_cat-silenciadores-de-escape","9":"first","10":"instock","11":"shipping-taxable","12":"purchasable","13":"product-type-simple"},"_links":{"self":[{"href":"https:\/\/stoic-curie.212-227-153-4.plesk.page\/pt\/wp-json\/wp\/v2\/product\/751011","targetHints":{"allow":["GET"]}}],"collection":[{"href":"https:\/\/stoic-curie.212-227-153-4.plesk.page\/pt\/wp-json\/wp\/v2\/product"}],"about":[{"href":"https:\/\/stoic-curie.212-227-153-4.plesk.page\/pt\/wp-json\/wp\/v2\/types\/product"}],"replies":[{"embeddable":true,"href":"https:\/\/stoic-curie.212-227-153-4.plesk.page\/pt\/wp-json\/wp\/v2\/comments?post=751011"}],"version-history":[{"count":0,"href":"https:\/\/stoic-curie.212-227-153-4.plesk.page\/pt\/wp-json\/wp\/v2\/product\/751011\/revisions"}],"wp:featuredmedia":[{"embeddable":true,"href":"https:\/\/stoic-curie.212-227-153-4.plesk.page\/pt\/wp-json\/wp\/v2\/media\/5946345"}],"wp:attachment":[{"href":"https:\/\/stoic-curie.212-227-153-4.plesk.page\/pt\/wp-json\/wp\/v2\/media?parent=751011"}],"wp:term":[{"taxonomy":"product_brand","embeddable":true,"href":"https:\/\/stoic-curie.212-227-153-4.plesk.page\/pt\/wp-json\/wp\/v2\/product_brand?post=751011"},{"taxonomy":"product_cat","embeddable":true,"href":"https:\/\/stoic-curie.212-227-153-4.plesk.page\/pt\/wp-json\/wp\/v2\/product_cat?post=751011"},{"taxonomy":"product_tag","embeddable":true,"href":"https:\/\/stoic-curie.212-227-153-4.plesk.page\/pt\/wp-json\/wp\/v2\/product_tag?post=751011"}],"curies":[{"name":"wp","href":"https:\/\/api.w.org\/{rel}","templated":true}]}}