{"id":751013,"date":"2025-03-03T23:35:08","date_gmt":"2025-03-03T22:35:08","guid":{"rendered":"https:\/\/stoic-curie.212-227-153-4.plesk.page\/producto\/centek-vernalift-grp-exhaust-waterlock-inline-127mm-hose\/"},"modified":"2026-02-25T00:28:17","modified_gmt":"2026-02-25T00:28:17","slug":"centek-vernalift-grp-exhaust-waterlock-inline-127mm-hose","status":"publish","type":"product","link":"https:\/\/stoic-curie.212-227-153-4.plesk.page\/pt\/product\/centek-vernalift-grp-exhaust-waterlock-inline-127mm-hose\/","title":{"rendered":"Centek Vernalift GRP Exhaust Waterlock (Inline \/ 127mm Hose)"},"content":{"rendered":"<p>Centek Vernalift GRP Exhaust Waterlock (Inline \/ 127mm Hose) &#8211; <\/p>\n<div class=\"col-24 col-md-15\">\n<p>O waterlock Centek 1500100 Vernalift possui uma configura\u00e7\u00e3o &#8216;Inline&#8217;. Este waterlock \u00e9 apropriado para uso com motores de popa, veleiros e geradores, mas deve ser instalado abaixo do motor como o ponto mais baixo do sistema de escape. Pode ser instalado acima ou abaixo da linha d&#8217;\u00e1gua e \u00e9 adequado para aplica\u00e7\u00f5es a gasolina (g\u00e1s) ou diesel. Possui melhores propriedades de absor\u00e7\u00e3o sonora de 22-28 dB, dependendo do motor utilizado.<\/p>\n<p>A gama de waterlocks de escape Centek \u00e9 feita de GRP (pl\u00e1stico refor\u00e7ado com vidro) resistente ao calor, juntamente com os outros componentes do seu sistema de escape molhado. Devido a esta constru\u00e7\u00e3o, os waterlocks s\u00e3o resistentes \u00e0 corros\u00e3o e podem suportar temperaturas de at\u00e9 177 \u00b0C (350 \u00b0F). A gama de escape Centek \u00e9 aprovada pela ABS, ABYC, Lloyds e UL.<\/p>\n<p>O Vernalift da Centek \u00e9 adequado apenas para uso em sistemas de escape molhados e deve ser usado com mangueiras de escape marinhas em borracha aprovadas.<\/p>\n<\/div>\n<p><\/p>\n<table class=\"table\">\n<tbody>\n<tr>\n<td><strong>Aplica\u00e7\u00e3o<\/strong><\/td>\n<td>Motores de Popa, Veleiros &#038; Geradores<\/td>\n<\/tr>\n<tr>\n<td><strong>Comprimento<\/strong><\/td>\n<td>Porto: 127mm, Total: 559mm<\/td>\n<\/tr>\n<tr>\n<td><strong>Material<\/strong><\/td>\n<td>GRP<\/td>\n<\/tr>\n<tr>\n<td><strong>Marca<\/strong><\/td>\n<td>Centek<\/td>\n<\/tr>\n<tr>\n<td><strong>Configura\u00e7\u00e3o do Porto<\/strong><\/td>\n<td>Inline<\/td>\n<\/tr>\n<tr>\n<td><strong>Tamanho do Porto<\/strong><\/td>\n<td>127mm<\/td>\n<\/tr>\n<tr>\n<td><strong>Constru\u00e7\u00e3o Principal<\/strong><\/td>\n<td>GRP<\/td>\n<\/tr>\n<tr>\n<td><strong>Apropriado para<\/strong><\/td>\n<td>Gasolina \/ Diesel<\/td>\n<\/tr>\n<tr>\n<td><strong>Pa\u00eds de Origem<\/strong><\/td>\n<td>Estados Unidos<\/td>\n<\/tr>\n<tr>\n<td><strong>Redu\u00e7\u00e3o T\u00edpica de Som<\/strong><\/td>\n<td>22-28dB<\/td>\n<\/tr>\n<tr>\n<td><strong>Di\u00e2metro<\/strong><\/td>\n<td>Corpo: 313mm<\/td>\n<\/tr>\n<tr>\n<td><strong>Tamanho do Porto de Entrada e Sa\u00edda<\/strong><\/td>\n<td>127mm (5&#8243;)<\/td>\n<\/tr>\n<tr>\n<td><strong>Offset do Porto<\/strong><\/td>\n<td>233mm<\/td>\n<\/tr>\n<tr>\n<td><strong>Linha D&#8217;\u00c1gua<\/strong><\/td>\n<td>Abaixo ou Acima<\/td>\n<\/tr>\n<\/tbody>\n<\/table>\n","protected":false},"excerpt":{"rendered":"<p>Centek Vernalift GRP Exhaust Waterlock (Inline \/ 127mm Hose) &#8211; O waterlock Centek 1500100 Vernalift possui uma configura\u00e7\u00e3o &#8216;Inline&#8217;. Este<\/p>\n","protected":false},"featured_media":5946348,"comment_status":"open","ping_status":"closed","template":"","meta":[],"product_brand":[3227],"product_cat":[2081],"product_tag":[],"class_list":{"0":"post-751013","1":"product","2":"type-product","3":"status-publish","4":"has-post-thumbnail","6":"product_brand-orbitrade-marine-pt","7":"product_cat-silenciadores-de-escape","9":"first","10":"instock","11":"shipping-taxable","12":"purchasable","13":"product-type-simple"},"_links":{"self":[{"href":"https:\/\/stoic-curie.212-227-153-4.plesk.page\/pt\/wp-json\/wp\/v2\/product\/751013","targetHints":{"allow":["GET"]}}],"collection":[{"href":"https:\/\/stoic-curie.212-227-153-4.plesk.page\/pt\/wp-json\/wp\/v2\/product"}],"about":[{"href":"https:\/\/stoic-curie.212-227-153-4.plesk.page\/pt\/wp-json\/wp\/v2\/types\/product"}],"replies":[{"embeddable":true,"href":"https:\/\/stoic-curie.212-227-153-4.plesk.page\/pt\/wp-json\/wp\/v2\/comments?post=751013"}],"version-history":[{"count":0,"href":"https:\/\/stoic-curie.212-227-153-4.plesk.page\/pt\/wp-json\/wp\/v2\/product\/751013\/revisions"}],"wp:featuredmedia":[{"embeddable":true,"href":"https:\/\/stoic-curie.212-227-153-4.plesk.page\/pt\/wp-json\/wp\/v2\/media\/5946348"}],"wp:attachment":[{"href":"https:\/\/stoic-curie.212-227-153-4.plesk.page\/pt\/wp-json\/wp\/v2\/media?parent=751013"}],"wp:term":[{"taxonomy":"product_brand","embeddable":true,"href":"https:\/\/stoic-curie.212-227-153-4.plesk.page\/pt\/wp-json\/wp\/v2\/product_brand?post=751013"},{"taxonomy":"product_cat","embeddable":true,"href":"https:\/\/stoic-curie.212-227-153-4.plesk.page\/pt\/wp-json\/wp\/v2\/product_cat?post=751013"},{"taxonomy":"product_tag","embeddable":true,"href":"https:\/\/stoic-curie.212-227-153-4.plesk.page\/pt\/wp-json\/wp\/v2\/product_tag?post=751013"}],"curies":[{"name":"wp","href":"https:\/\/api.w.org\/{rel}","templated":true}]}}