{"id":751018,"date":"2025-03-03T23:35:10","date_gmt":"2025-03-03T22:35:10","guid":{"rendered":"https:\/\/stoic-curie.212-227-153-4.plesk.page\/producto\/bomba-de-porao-manual-johnson-viking-universal\/"},"modified":"2026-02-25T00:28:17","modified_gmt":"2026-02-25T00:28:17","slug":"bomba-de-porao-manual-johnson-viking-universal","status":"publish","type":"product","link":"https:\/\/stoic-curie.212-227-153-4.plesk.page\/pt\/product\/bomba-de-porao-manual-johnson-viking-universal\/","title":{"rendered":"Bomba de Por\u00e3o Manual Johnson Viking Universal"},"content":{"rendered":"<p>Bomba de Por\u00e3o Manual Johnson Viking Universal &#8211; <\/p>\n<p>Bomba de por\u00e3o robusta, autoescorvavel e manual, adequada para quase qualquer tipo de instala\u00e7\u00e3o. O suporte de montagem permite montagem em superf\u00edcies verticais ou horizontais. Com o kit opcional de Passagem de Cobertura, a bomba pode ser instalada atr\u00e1s de divis\u00f3rias ou abaixo do conv\u00e9s.<\/p>\n","protected":false},"excerpt":{"rendered":"<p>Bomba de Por\u00e3o Manual Johnson Viking Universal &#8211; Bomba de por\u00e3o robusta, autoescorvavel e manual, adequada para quase qualquer tipo<\/p>\n","protected":false},"featured_media":5946357,"comment_status":"open","ping_status":"closed","template":"","meta":[],"product_brand":[3047],"product_cat":[1941],"product_tag":[],"class_list":{"0":"post-751018","1":"product","2":"type-product","3":"status-publish","4":"has-post-thumbnail","6":"product_brand-johnson-marine-pt","7":"product_cat-bombas-manuais-de-esgoto","9":"first","10":"instock","11":"shipping-taxable","12":"purchasable","13":"product-type-simple"},"_links":{"self":[{"href":"https:\/\/stoic-curie.212-227-153-4.plesk.page\/pt\/wp-json\/wp\/v2\/product\/751018","targetHints":{"allow":["GET"]}}],"collection":[{"href":"https:\/\/stoic-curie.212-227-153-4.plesk.page\/pt\/wp-json\/wp\/v2\/product"}],"about":[{"href":"https:\/\/stoic-curie.212-227-153-4.plesk.page\/pt\/wp-json\/wp\/v2\/types\/product"}],"replies":[{"embeddable":true,"href":"https:\/\/stoic-curie.212-227-153-4.plesk.page\/pt\/wp-json\/wp\/v2\/comments?post=751018"}],"version-history":[{"count":0,"href":"https:\/\/stoic-curie.212-227-153-4.plesk.page\/pt\/wp-json\/wp\/v2\/product\/751018\/revisions"}],"wp:featuredmedia":[{"embeddable":true,"href":"https:\/\/stoic-curie.212-227-153-4.plesk.page\/pt\/wp-json\/wp\/v2\/media\/5946357"}],"wp:attachment":[{"href":"https:\/\/stoic-curie.212-227-153-4.plesk.page\/pt\/wp-json\/wp\/v2\/media?parent=751018"}],"wp:term":[{"taxonomy":"product_brand","embeddable":true,"href":"https:\/\/stoic-curie.212-227-153-4.plesk.page\/pt\/wp-json\/wp\/v2\/product_brand?post=751018"},{"taxonomy":"product_cat","embeddable":true,"href":"https:\/\/stoic-curie.212-227-153-4.plesk.page\/pt\/wp-json\/wp\/v2\/product_cat?post=751018"},{"taxonomy":"product_tag","embeddable":true,"href":"https:\/\/stoic-curie.212-227-153-4.plesk.page\/pt\/wp-json\/wp\/v2\/product_tag?post=751018"}],"curies":[{"name":"wp","href":"https:\/\/api.w.org\/{rel}","templated":true}]}}