{"id":751019,"date":"2025-03-03T23:35:10","date_gmt":"2025-03-03T22:35:10","guid":{"rendered":"https:\/\/stoic-curie.212-227-153-4.plesk.page\/producto\/bomba-de-porao-johnson-1250-gph-24v\/"},"modified":"2026-02-25T00:28:17","modified_gmt":"2026-02-25T00:28:17","slug":"bomba-de-porao-johnson-1250-gph-24v","status":"publish","type":"product","link":"https:\/\/stoic-curie.212-227-153-4.plesk.page\/pt\/product\/bomba-de-porao-johnson-1250-gph-24v\/","title":{"rendered":"Bomba de Por\u00e3o Johnson 1250 gph 24V"},"content":{"rendered":"<p>Bomba de Por\u00e3o Johnson 1250 gph 24V &#8211; <\/p>\n<p>Bomba submers\u00edvel Johnson Cartridge de primeira qualidade e longa dura\u00e7\u00e3o. F\u00e1cil de abrir e limpar. Os modelos 500\/750\/1000 v\u00eam completos com acess\u00f3rios.<\/p>\n","protected":false},"excerpt":{"rendered":"<p>Bomba de Por\u00e3o Johnson 1250 gph 24V &#8211; Bomba submers\u00edvel Johnson Cartridge de primeira qualidade e longa dura\u00e7\u00e3o. F\u00e1cil de<\/p>\n","protected":false},"featured_media":5938987,"comment_status":"open","ping_status":"closed","template":"","meta":[],"product_brand":[3047],"product_cat":[1946],"product_tag":[],"class_list":{"0":"post-751019","1":"product","2":"type-product","3":"status-publish","4":"has-post-thumbnail","6":"product_brand-johnson-marine-pt","7":"product_cat-bombas-eletricas-de-fundo","9":"first","10":"instock","11":"shipping-taxable","12":"purchasable","13":"product-type-simple"},"_links":{"self":[{"href":"https:\/\/stoic-curie.212-227-153-4.plesk.page\/pt\/wp-json\/wp\/v2\/product\/751019","targetHints":{"allow":["GET"]}}],"collection":[{"href":"https:\/\/stoic-curie.212-227-153-4.plesk.page\/pt\/wp-json\/wp\/v2\/product"}],"about":[{"href":"https:\/\/stoic-curie.212-227-153-4.plesk.page\/pt\/wp-json\/wp\/v2\/types\/product"}],"replies":[{"embeddable":true,"href":"https:\/\/stoic-curie.212-227-153-4.plesk.page\/pt\/wp-json\/wp\/v2\/comments?post=751019"}],"version-history":[{"count":0,"href":"https:\/\/stoic-curie.212-227-153-4.plesk.page\/pt\/wp-json\/wp\/v2\/product\/751019\/revisions"}],"wp:featuredmedia":[{"embeddable":true,"href":"https:\/\/stoic-curie.212-227-153-4.plesk.page\/pt\/wp-json\/wp\/v2\/media\/5938987"}],"wp:attachment":[{"href":"https:\/\/stoic-curie.212-227-153-4.plesk.page\/pt\/wp-json\/wp\/v2\/media?parent=751019"}],"wp:term":[{"taxonomy":"product_brand","embeddable":true,"href":"https:\/\/stoic-curie.212-227-153-4.plesk.page\/pt\/wp-json\/wp\/v2\/product_brand?post=751019"},{"taxonomy":"product_cat","embeddable":true,"href":"https:\/\/stoic-curie.212-227-153-4.plesk.page\/pt\/wp-json\/wp\/v2\/product_cat?post=751019"},{"taxonomy":"product_tag","embeddable":true,"href":"https:\/\/stoic-curie.212-227-153-4.plesk.page\/pt\/wp-json\/wp\/v2\/product_tag?post=751019"}],"curies":[{"name":"wp","href":"https:\/\/api.w.org\/{rel}","templated":true}]}}