{"id":751036,"date":"2025-03-03T23:39:52","date_gmt":"2025-03-03T22:39:52","guid":{"rendered":"https:\/\/stoic-curie.212-227-153-4.plesk.page\/producto\/cooktop-de-aco-inoxidavel-combinado-com-pia-445-x-600-x-a1385-mm\/"},"modified":"2026-02-25T00:28:17","modified_gmt":"2026-02-25T00:28:17","slug":"cooktop-de-aco-inoxidavel-combinado-com-pia-445-x-600-x-a1385-mm","status":"publish","type":"product","link":"https:\/\/stoic-curie.212-227-153-4.plesk.page\/pt\/product\/cooktop-de-aco-inoxidavel-combinado-com-pia-445-x-600-x-a1385-mm\/","title":{"rendered":"Cooktop de A\u00e7o Inoxid\u00e1vel Combinado com Pia (445 x 600 x A138,5 mm)"},"content":{"rendered":"<p>Cooktop de A\u00e7o Inoxid\u00e1vel Combinado com Pia (445 x 600 x A138,5 mm) &#8211; <\/p>\n<p>Pia compacta em a\u00e7o inoxid\u00e1vel acetinado com tampa de vidro, termopares de seguran\u00e7a e conex\u00f5es de drenagem.<\/p>\n","protected":false},"excerpt":{"rendered":"<p>Cooktop de A\u00e7o Inoxid\u00e1vel Combinado com Pia (445 x 600 x A138,5 mm) &#8211; Pia compacta em a\u00e7o inoxid\u00e1vel acetinado<\/p>\n","protected":false},"featured_media":5946406,"comment_status":"open","ping_status":"closed","template":"","meta":[],"product_brand":[3492],"product_cat":[1928,1950],"product_tag":[],"class_list":{"0":"post-751036","1":"product","2":"type-product","3":"status-publish","4":"has-post-thumbnail","6":"product_brand-trem-pt","7":"product_cat-fornos-e-fogoes","8":"product_cat-lava-loicas","10":"first","11":"instock","12":"shipping-taxable","13":"purchasable","14":"product-type-simple"},"_links":{"self":[{"href":"https:\/\/stoic-curie.212-227-153-4.plesk.page\/pt\/wp-json\/wp\/v2\/product\/751036","targetHints":{"allow":["GET"]}}],"collection":[{"href":"https:\/\/stoic-curie.212-227-153-4.plesk.page\/pt\/wp-json\/wp\/v2\/product"}],"about":[{"href":"https:\/\/stoic-curie.212-227-153-4.plesk.page\/pt\/wp-json\/wp\/v2\/types\/product"}],"replies":[{"embeddable":true,"href":"https:\/\/stoic-curie.212-227-153-4.plesk.page\/pt\/wp-json\/wp\/v2\/comments?post=751036"}],"version-history":[{"count":0,"href":"https:\/\/stoic-curie.212-227-153-4.plesk.page\/pt\/wp-json\/wp\/v2\/product\/751036\/revisions"}],"wp:featuredmedia":[{"embeddable":true,"href":"https:\/\/stoic-curie.212-227-153-4.plesk.page\/pt\/wp-json\/wp\/v2\/media\/5946406"}],"wp:attachment":[{"href":"https:\/\/stoic-curie.212-227-153-4.plesk.page\/pt\/wp-json\/wp\/v2\/media?parent=751036"}],"wp:term":[{"taxonomy":"product_brand","embeddable":true,"href":"https:\/\/stoic-curie.212-227-153-4.plesk.page\/pt\/wp-json\/wp\/v2\/product_brand?post=751036"},{"taxonomy":"product_cat","embeddable":true,"href":"https:\/\/stoic-curie.212-227-153-4.plesk.page\/pt\/wp-json\/wp\/v2\/product_cat?post=751036"},{"taxonomy":"product_tag","embeddable":true,"href":"https:\/\/stoic-curie.212-227-153-4.plesk.page\/pt\/wp-json\/wp\/v2\/product_tag?post=751036"}],"curies":[{"name":"wp","href":"https:\/\/api.w.org\/{rel}","templated":true}]}}