{"id":751048,"date":"2025-03-03T23:39:55","date_gmt":"2025-03-03T22:39:55","guid":{"rendered":"https:\/\/stoic-curie.212-227-153-4.plesk.page\/producto\/impulsor-jabsco-18653-01\/"},"modified":"2026-02-25T00:28:18","modified_gmt":"2026-02-25T00:28:18","slug":"impulsor-jabsco-18653-01","status":"publish","type":"product","link":"https:\/\/stoic-curie.212-227-153-4.plesk.page\/pt\/product\/impulsor-jabsco-18653-01\/","title":{"rendered":"Impulsor Jabsco 18653-01"},"content":{"rendered":"<p>Impulsor Jabsco 18653-01 &#8211; <\/p>\n<p>Impulsor original Jabsco para bombas de refrigera\u00e7\u00e3o de motores e sistemas de \u00e1gua. Neoprene: para \u00e1gua doce e salgada Nitrilo: para por\u00f5es, \u00f3leos e derivados <\/p>\n","protected":false},"excerpt":{"rendered":"<p>Impulsor Jabsco 18653-01 &#8211; Impulsor original Jabsco para bombas de refrigera\u00e7\u00e3o de motores e sistemas de \u00e1gua. Neoprene: para \u00e1gua<\/p>\n","protected":false},"featured_media":5946410,"comment_status":"open","ping_status":"closed","template":"","meta":[],"product_brand":[3032],"product_cat":[2096],"product_tag":[],"class_list":{"0":"post-751048","1":"product","2":"type-product","3":"status-publish","4":"has-post-thumbnail","6":"product_brand-jabsco-marine-pt","7":"product_cat-bombas-de-arrefecimento-do-motor","9":"first","10":"instock","11":"shipping-taxable","12":"purchasable","13":"product-type-simple"},"_links":{"self":[{"href":"https:\/\/stoic-curie.212-227-153-4.plesk.page\/pt\/wp-json\/wp\/v2\/product\/751048","targetHints":{"allow":["GET"]}}],"collection":[{"href":"https:\/\/stoic-curie.212-227-153-4.plesk.page\/pt\/wp-json\/wp\/v2\/product"}],"about":[{"href":"https:\/\/stoic-curie.212-227-153-4.plesk.page\/pt\/wp-json\/wp\/v2\/types\/product"}],"replies":[{"embeddable":true,"href":"https:\/\/stoic-curie.212-227-153-4.plesk.page\/pt\/wp-json\/wp\/v2\/comments?post=751048"}],"version-history":[{"count":0,"href":"https:\/\/stoic-curie.212-227-153-4.plesk.page\/pt\/wp-json\/wp\/v2\/product\/751048\/revisions"}],"wp:featuredmedia":[{"embeddable":true,"href":"https:\/\/stoic-curie.212-227-153-4.plesk.page\/pt\/wp-json\/wp\/v2\/media\/5946410"}],"wp:attachment":[{"href":"https:\/\/stoic-curie.212-227-153-4.plesk.page\/pt\/wp-json\/wp\/v2\/media?parent=751048"}],"wp:term":[{"taxonomy":"product_brand","embeddable":true,"href":"https:\/\/stoic-curie.212-227-153-4.plesk.page\/pt\/wp-json\/wp\/v2\/product_brand?post=751048"},{"taxonomy":"product_cat","embeddable":true,"href":"https:\/\/stoic-curie.212-227-153-4.plesk.page\/pt\/wp-json\/wp\/v2\/product_cat?post=751048"},{"taxonomy":"product_tag","embeddable":true,"href":"https:\/\/stoic-curie.212-227-153-4.plesk.page\/pt\/wp-json\/wp\/v2\/product_tag?post=751048"}],"curies":[{"name":"wp","href":"https:\/\/api.w.org\/{rel}","templated":true}]}}