{"id":751052,"date":"2025-03-03T23:39:57","date_gmt":"2025-03-03T22:39:57","guid":{"rendered":"https:\/\/stoic-curie.212-227-153-4.plesk.page\/producto\/dometic-frigorifico-cd30-inox\/"},"modified":"2026-02-25T00:28:18","modified_gmt":"2026-02-25T00:28:18","slug":"dometic-frigorifico-cd30-inox","status":"publish","type":"product","link":"https:\/\/stoic-curie.212-227-153-4.plesk.page\/pt\/product\/dometic-frigorifico-cd30-inox\/","title":{"rendered":"Refrigerador Dometic Coolmatic CD30S"},"content":{"rendered":"<p>Refrigerador Dometic Coolmatic CD30S &#8211; <\/p>\n<p style=\"color: rgb(34, 34, 34); font-family: Arial, Helvetica, sans-serif; font-size: small;\"><strong>Frigor\u00edfico com Gaveta, 30 L, Frente em A\u00e7o Inoxid\u00e1vel<\/strong><\/p>\n<p style=\"color: rgb(34, 34, 34); font-family: Arial, Helvetica, sans-serif; font-size: small;\">O Dometic CoolMatic CD30S \u00e9 um frigor\u00edfico de gaveta projetado para conveni\u00eancia e efici\u00eancia. Possui uma unidade de refrigera\u00e7\u00e3o externa de 12\/24V que pode ser colocada at\u00e9 1,5 metros de dist\u00e2ncia, junto com controle de temperatura ajust\u00e1vel. Seu design compacto o torna perfeito para maximizar pequenos espa\u00e7os.<\/p>\n<p style=\"color: rgb(34, 34, 34); font-family: Arial, Helvetica, sans-serif; font-size: small;\">Este frigor\u00edfico oferece flexibilidade com suas configura\u00e7\u00f5es de temperatura ajust\u00e1veis e unidade de refrigera\u00e7\u00e3o destac\u00e1vel, permitindo personaliz\u00e1-lo de acordo com suas necessidades. O design inteligente permite que voc\u00ea posicione a unidade de refrigera\u00e7\u00e3o de cada lado do frigor\u00edfico, garantindo que se ajuste perfeitamente ao seu espa\u00e7o.<\/p>\n<p style=\"color: rgb(34, 34, 34); font-family: Arial, Helvetica, sans-serif; font-size: small;\"><strong>Caracter\u00edsticas Principais:<\/strong><\/p>\n<ul style=\"color: rgb(34, 34, 34); font-family: Arial, Helvetica, sans-serif; font-size: small;\">\n<li>Design compacto, plano e economizador de espa\u00e7o ideal para \u00e1reas apertadas<\/li>\n<li>F\u00e1cil de desbloquear e abrir com um \u00fanico movimento<\/li>\n<li>Prote\u00e7\u00e3o de baixa tens\u00e3o para proteger sua bateria de partida<\/li>\n<li>Regula\u00e7\u00e3o cont\u00ednua da temperatura com um termostato vari\u00e1vel<\/li>\n<\/ul>\n<p style=\"color: rgb(34, 34, 34); font-family: Arial, Helvetica, sans-serif; font-size: small;\"><strong>Um Frigor\u00edfico para Qualquer Espa\u00e7o<\/strong><br \/>O Dometic CoolMatic CD30S \u00e9 a escolha perfeita para espa\u00e7os limitados. Com capacidade para energia solar e uma unidade de refrigera\u00e7\u00e3o destac\u00e1vel, este pequeno frigor\u00edfico est\u00e1 repleto de funcionalidades. O cabo de 1,5 metros inclu\u00eddo oferece flexibilidade de coloca\u00e7\u00e3o, tornando-o uma excelente op\u00e7\u00e3o para viajantes. N\u00e3o importa onde voc\u00ea esteja no mundo, o CD30S funcionar\u00e1 de forma confi\u00e1vel.<\/p>\n<p style=\"color: rgb(34, 34, 34); font-family: Arial, Helvetica, sans-serif; font-size: small;\"><strong>Defina Sua Pr\u00f3pria Temperatura<\/strong><br \/>Ajuste a temperatura de acordo com sua prefer\u00eancia enquanto usa a energia de forma eficiente.<\/p>\n<p style=\"color: rgb(34, 34, 34); font-family: Arial, Helvetica, sans-serif; font-size: small;\"><strong>Especifica\u00e7\u00f5es:<\/strong><\/p>\n<ul style=\"color: rgb(34, 34, 34); font-family: Arial, Helvetica, sans-serif; font-size: small;\">\n<li>Modelo: CD30S (Frente em A\u00e7o Inoxid\u00e1vel)<\/li>\n<li>Capacidade: 30 L<\/li>\n<li>Tipo de Refrigerante: R134a<\/li>\n<li>Faixa de Temperatura: \u20132 \u00b0C a +12 \u00b0C<\/li>\n<li>Tens\u00e3o de Entrada (DC): 12\/24 V<\/li>\n<li>Corrente de Entrada Nominal (DC): 3.0A\/1.5A<\/li>\n<li>Pot\u00eancia de Entrada Nominal (DC): 40 W<\/li>\n<li>Dimens\u00f5es (L x A x P): 440 x 250 x 730 mm<\/li>\n<li>Peso: 18 kg<\/li>\n<\/ul>\n","protected":false},"excerpt":{"rendered":"<p>Refrigerador Dometic Coolmatic CD30S &#8211; Frigor\u00edfico com Gaveta, 30 L, Frente em A\u00e7o Inoxid\u00e1vel O Dometic CoolMatic CD30S \u00e9 um<\/p>\n","protected":false},"featured_media":5946418,"comment_status":"open","ping_status":"closed","template":"","meta":[],"product_brand":[2897],"product_cat":[2038],"product_tag":[],"class_list":{"0":"post-751052","1":"product","2":"type-product","3":"status-publish","4":"has-post-thumbnail","6":"product_brand-dometic-pt","7":"product_cat-frigorificos-e-congeladores","9":"first","10":"instock","11":"shipping-taxable","12":"purchasable","13":"product-type-simple"},"_links":{"self":[{"href":"https:\/\/stoic-curie.212-227-153-4.plesk.page\/pt\/wp-json\/wp\/v2\/product\/751052","targetHints":{"allow":["GET"]}}],"collection":[{"href":"https:\/\/stoic-curie.212-227-153-4.plesk.page\/pt\/wp-json\/wp\/v2\/product"}],"about":[{"href":"https:\/\/stoic-curie.212-227-153-4.plesk.page\/pt\/wp-json\/wp\/v2\/types\/product"}],"replies":[{"embeddable":true,"href":"https:\/\/stoic-curie.212-227-153-4.plesk.page\/pt\/wp-json\/wp\/v2\/comments?post=751052"}],"version-history":[{"count":0,"href":"https:\/\/stoic-curie.212-227-153-4.plesk.page\/pt\/wp-json\/wp\/v2\/product\/751052\/revisions"}],"wp:featuredmedia":[{"embeddable":true,"href":"https:\/\/stoic-curie.212-227-153-4.plesk.page\/pt\/wp-json\/wp\/v2\/media\/5946418"}],"wp:attachment":[{"href":"https:\/\/stoic-curie.212-227-153-4.plesk.page\/pt\/wp-json\/wp\/v2\/media?parent=751052"}],"wp:term":[{"taxonomy":"product_brand","embeddable":true,"href":"https:\/\/stoic-curie.212-227-153-4.plesk.page\/pt\/wp-json\/wp\/v2\/product_brand?post=751052"},{"taxonomy":"product_cat","embeddable":true,"href":"https:\/\/stoic-curie.212-227-153-4.plesk.page\/pt\/wp-json\/wp\/v2\/product_cat?post=751052"},{"taxonomy":"product_tag","embeddable":true,"href":"https:\/\/stoic-curie.212-227-153-4.plesk.page\/pt\/wp-json\/wp\/v2\/product_tag?post=751052"}],"curies":[{"name":"wp","href":"https:\/\/api.w.org\/{rel}","templated":true}]}}