{"id":751053,"date":"2025-03-03T23:39:57","date_gmt":"2025-03-03T22:39:57","guid":{"rendered":"https:\/\/stoic-curie.212-227-153-4.plesk.page\/producto\/dometic-frigorifico-cd30-branco\/"},"modified":"2026-02-25T00:28:18","modified_gmt":"2026-02-25T00:28:18","slug":"dometic-frigorifico-cd30-branco","status":"publish","type":"product","link":"https:\/\/stoic-curie.212-227-153-4.plesk.page\/pt\/product\/dometic-frigorifico-cd30-branco\/","title":{"rendered":"Geladeira Dometic Coolmatic CD30 Branca"},"content":{"rendered":"<p>Geladeira Dometic Coolmatic CD30 Branca &#8211; <\/p>\n<p style=\"color: rgb(34, 34, 34); font-family: Arial, Helvetica, sans-serif; font-size: small;\">Este refrigerador conta com configura\u00e7\u00f5es de temperatura ajust\u00e1veis e uma unidade de refrigera\u00e7\u00e3o remov\u00edvel, proporcionando a flexibilidade necess\u00e1ria para atender \u00e0s suas necessidades espec\u00edficas. Seu design compacto \u00e9 ideal para otimizar espa\u00e7os limitados. A unidade de refrigera\u00e7\u00e3o pode ser acoplada em qualquer um dos lados do refrigerador (esquerdo ou direito) ou pode ser colocada a at\u00e9 1,5 metro de dist\u00e2ncia.<\/p>\n<p style=\"color: rgb(34, 34, 34); font-family: Arial, Helvetica, sans-serif; font-size: small;\">A estrutura plana e compacta \u00e9 perfeita para \u00e1reas confinadas, permitindo uma utiliza\u00e7\u00e3o eficaz do espa\u00e7o. Voc\u00ea pode desbloque\u00e1-lo e abri-lo facilmente com um \u00fanico movimento. Al\u00e9m disso, possui prote\u00e7\u00e3o contra baixa voltagem para proteger sua bateria de partida.<\/p>\n<p style=\"color: rgb(34, 34, 34); font-family: Arial, Helvetica, sans-serif; font-size: small;\">Este refrigerador de gaveta funciona em 12V e 24V e inclui uma unidade de refrigera\u00e7\u00e3o remota que permite ajustes de temperatura. Seu design compacto garante que at\u00e9 mesmo pequenas \u00e1reas de armazenamento possam beneficiar-se de um resfriamento poderoso com compressor. O refrigerador embutido WAECO CoolMatic CD 30 \u00e9 projetado para opera\u00e7\u00e3o simples com uma m\u00e3o, gra\u00e7as ao seu sistema montado em rolamentos de esferas. Em espa\u00e7os particularmente apertados, a unidade de refrigera\u00e7\u00e3o pode ser montada na lateral da gaveta ou separadamente, a at\u00e9 1,5 metro de dist\u00e2ncia.<\/p>\n<p style=\"color: rgb(34, 34, 34); font-family: Arial, Helvetica, sans-serif; font-size: small;\">A gaveta de refrigera\u00e7\u00e3o CD 30 embutida tamb\u00e9m \u00e9 adequada para compartimentos de armazenamento externos e pode funcionar como um reservat\u00f3rio de refrigerante no flybridge.<\/p>\n<p style=\"color: rgb(34, 34, 34); font-family: Arial, Helvetica, sans-serif; font-size: small;\"><strong>Especifica\u00e7\u00f5es:<\/strong><\/p>\n<ul style=\"color: rgb(34, 34, 34); font-family: Arial, Helvetica, sans-serif; font-size: small;\">\n<li>Capacidade: 30 litros<\/li>\n<li>Fonte de alimenta\u00e7\u00e3o: 12 V \/ 24 V<\/li>\n<li>Conex\u00e3o de 230 volts dispon\u00edvel atrav\u00e9s de um retificador opcional<\/li>\n<li>Faixa de temperatura: +12\u00b0C a -2\u00b0C<\/li>\n<li>Poder m\u00e9dio: 40 W<\/li>\n<li>Consumo de corrente: 0,67 A\/h para temperatura interna de +5\u00b0C a +20\u00b0C de temperatura ambiente<\/li>\n<li>Termostato ajust\u00e1vel<\/li>\n<li>Dimens\u00f5es:\n<ul>\n<li>Profundidade: 730 mm (com unidade) \/ 560 mm (sem unidade) \/ 490 mm (interna)<\/li>\n<li>Dimens\u00f5es frontais: 440 x 250 mm (externa) \/ 370 x 245 mm (gaveta) \/ 200 mm (interna)<\/li>\n<\/ul>\n<\/li>\n<li>Peso: 18 kg<\/li>\n<\/ul>\n<p style=\"color: rgb(34, 34, 34); font-family: Arial, Helvetica, sans-serif; font-size: small;\"><strong>Dimens\u00f5es adicionais:<\/strong><\/p>\n<ul style=\"color: rgb(34, 34, 34); font-family: Arial, Helvetica, sans-serif; font-size: small;\">\n<li>Profundidade: 730 mm<\/li>\n<li>Altura: 250 mm<\/li>\n<li>Largura: 440 mm<\/li>\n<li>Peso l\u00edquido: 19,3 kg<\/li>\n<\/ul>\n<p style=\"color: rgb(34, 34, 34); font-family: Arial, Helvetica, sans-serif; font-size: small;\">Este refrigerador \u00e9 uma excelente op\u00e7\u00e3o para entusiastas de barcos que buscam uma solu\u00e7\u00e3o de resfriamento confi\u00e1vel e eficiente.<\/p>\n","protected":false},"excerpt":{"rendered":"<p>Geladeira Dometic Coolmatic CD30 Branca &#8211; Este refrigerador conta com configura\u00e7\u00f5es de temperatura ajust\u00e1veis e uma unidade de refrigera\u00e7\u00e3o remov\u00edvel,<\/p>\n","protected":false},"featured_media":5946422,"comment_status":"open","ping_status":"closed","template":"","meta":[],"product_brand":[2897],"product_cat":[2038],"product_tag":[],"class_list":{"0":"post-751053","1":"product","2":"type-product","3":"status-publish","4":"has-post-thumbnail","6":"product_brand-dometic-pt","7":"product_cat-frigorificos-e-congeladores","9":"first","10":"instock","11":"shipping-taxable","12":"purchasable","13":"product-type-simple"},"_links":{"self":[{"href":"https:\/\/stoic-curie.212-227-153-4.plesk.page\/pt\/wp-json\/wp\/v2\/product\/751053","targetHints":{"allow":["GET"]}}],"collection":[{"href":"https:\/\/stoic-curie.212-227-153-4.plesk.page\/pt\/wp-json\/wp\/v2\/product"}],"about":[{"href":"https:\/\/stoic-curie.212-227-153-4.plesk.page\/pt\/wp-json\/wp\/v2\/types\/product"}],"replies":[{"embeddable":true,"href":"https:\/\/stoic-curie.212-227-153-4.plesk.page\/pt\/wp-json\/wp\/v2\/comments?post=751053"}],"version-history":[{"count":0,"href":"https:\/\/stoic-curie.212-227-153-4.plesk.page\/pt\/wp-json\/wp\/v2\/product\/751053\/revisions"}],"wp:featuredmedia":[{"embeddable":true,"href":"https:\/\/stoic-curie.212-227-153-4.plesk.page\/pt\/wp-json\/wp\/v2\/media\/5946422"}],"wp:attachment":[{"href":"https:\/\/stoic-curie.212-227-153-4.plesk.page\/pt\/wp-json\/wp\/v2\/media?parent=751053"}],"wp:term":[{"taxonomy":"product_brand","embeddable":true,"href":"https:\/\/stoic-curie.212-227-153-4.plesk.page\/pt\/wp-json\/wp\/v2\/product_brand?post=751053"},{"taxonomy":"product_cat","embeddable":true,"href":"https:\/\/stoic-curie.212-227-153-4.plesk.page\/pt\/wp-json\/wp\/v2\/product_cat?post=751053"},{"taxonomy":"product_tag","embeddable":true,"href":"https:\/\/stoic-curie.212-227-153-4.plesk.page\/pt\/wp-json\/wp\/v2\/product_tag?post=751053"}],"curies":[{"name":"wp","href":"https:\/\/api.w.org\/{rel}","templated":true}]}}