{"id":751055,"date":"2025-03-03T23:39:57","date_gmt":"2025-03-03T22:39:57","guid":{"rendered":"https:\/\/stoic-curie.212-227-153-4.plesk.page\/producto\/compressor-dometic-cu55-vertical\/"},"modified":"2026-02-25T00:28:18","modified_gmt":"2026-02-25T00:28:18","slug":"compressor-dometic-cu55-vertical","status":"publish","type":"product","link":"https:\/\/stoic-curie.212-227-153-4.plesk.page\/pt\/product\/compressor-dometic-cu55-vertical\/","title":{"rendered":"Compressor Dometic CU55"},"content":{"rendered":"<p>Compressor Dometic CU55 &#8211; <\/p>\n<p style=\"color: rgb(34, 34, 34); font-family: Arial, Helvetica, sans-serif; font-size: small;\">Compressor Dometic CU55 vertical. Esta unidade amig\u00e1vel para iniciantes \u00e9 especificamente projetada para pequenas necessidades de refrigera\u00e7\u00e3o, especialmente em \u00e1guas frias como os mares do Norte e B\u00e1ltico. Ao escolher o tipo de evaporador, leve em considera\u00e7\u00e3o o local de instala\u00e7\u00e3o, a capacidade de resfriamento necess\u00e1ria e suas prefer\u00eancias pessoais. Este sistema de resfriamento opera de forma silenciosa e inclui recursos como regula\u00e7\u00e3o de pot\u00eancia, refrigerante pr\u00e9-carregado e acoplamentos de v\u00e1lvula autobridada para uma configura\u00e7\u00e3o f\u00e1cil. A placa de montagem em a\u00e7o inoxid\u00e1vel resistente \u00e0 corros\u00e3o garante um desempenho duradouro.<\/p>\n<p style=\"color: rgb(34, 34, 34); font-family: Arial, Helvetica, sans-serif; font-size: small;\">Este sistema de refrigera\u00e7\u00e3o inclui:<\/p>\n<ul style=\"color: rgb(34, 34, 34); font-family: Arial, Helvetica, sans-serif; font-size: small;\">\n<li>1 unidade de refrigera\u00e7\u00e3o de dupla voltagem 12\/24V<\/li>\n<li>1 evaporador equipado com acoplamentos do tipo Dometic<\/li>\n<\/ul>\n<p style=\"color: rgb(34, 34, 34); font-family: Arial, Helvetica, sans-serif; font-size: small;\">Os detalhes t\u00e9cnicos incluem:<\/p>\n<ul style=\"color: rgb(34, 34, 34); font-family: Arial, Helvetica, sans-serif; font-size: small;\">\n<li>Voltagem de entrada: 12\/24 volts DC<\/li>\n<li>Consumo de energia: cerca de 35 ou 40 watts, dependendo do modelo do evaporador<\/li>\n<li>Dimens\u00f5es (LxAxP): 220 x 160 x 220 mm<\/li>\n<li>Peso: cerca de 6,5 kg<\/li>\n<li>Adequado para conte\u00fados de refrigerador de at\u00e9 130 litros para refrigera\u00e7\u00e3o padr\u00e3o com evaporadores diretos, ou at\u00e9 100 litros para armazenamento a frio<\/li>\n<\/ul>\n","protected":false},"excerpt":{"rendered":"<p>Compressor Dometic CU55 &#8211; Compressor Dometic CU55 vertical. Esta unidade amig\u00e1vel para iniciantes \u00e9 especificamente projetada para pequenas necessidades de<\/p>\n","protected":false},"featured_media":5946423,"comment_status":"open","ping_status":"closed","template":"","meta":[],"product_brand":[2897],"product_cat":[2038],"product_tag":[],"class_list":{"0":"post-751055","1":"product","2":"type-product","3":"status-publish","4":"has-post-thumbnail","6":"product_brand-dometic-pt","7":"product_cat-frigorificos-e-congeladores","9":"first","10":"instock","11":"shipping-taxable","12":"purchasable","13":"product-type-simple"},"_links":{"self":[{"href":"https:\/\/stoic-curie.212-227-153-4.plesk.page\/pt\/wp-json\/wp\/v2\/product\/751055","targetHints":{"allow":["GET"]}}],"collection":[{"href":"https:\/\/stoic-curie.212-227-153-4.plesk.page\/pt\/wp-json\/wp\/v2\/product"}],"about":[{"href":"https:\/\/stoic-curie.212-227-153-4.plesk.page\/pt\/wp-json\/wp\/v2\/types\/product"}],"replies":[{"embeddable":true,"href":"https:\/\/stoic-curie.212-227-153-4.plesk.page\/pt\/wp-json\/wp\/v2\/comments?post=751055"}],"version-history":[{"count":0,"href":"https:\/\/stoic-curie.212-227-153-4.plesk.page\/pt\/wp-json\/wp\/v2\/product\/751055\/revisions"}],"wp:featuredmedia":[{"embeddable":true,"href":"https:\/\/stoic-curie.212-227-153-4.plesk.page\/pt\/wp-json\/wp\/v2\/media\/5946423"}],"wp:attachment":[{"href":"https:\/\/stoic-curie.212-227-153-4.plesk.page\/pt\/wp-json\/wp\/v2\/media?parent=751055"}],"wp:term":[{"taxonomy":"product_brand","embeddable":true,"href":"https:\/\/stoic-curie.212-227-153-4.plesk.page\/pt\/wp-json\/wp\/v2\/product_brand?post=751055"},{"taxonomy":"product_cat","embeddable":true,"href":"https:\/\/stoic-curie.212-227-153-4.plesk.page\/pt\/wp-json\/wp\/v2\/product_cat?post=751055"},{"taxonomy":"product_tag","embeddable":true,"href":"https:\/\/stoic-curie.212-227-153-4.plesk.page\/pt\/wp-json\/wp\/v2\/product_tag?post=751055"}],"curies":[{"name":"wp","href":"https:\/\/api.w.org\/{rel}","templated":true}]}}