{"id":751057,"date":"2025-03-03T23:39:58","date_gmt":"2025-03-03T22:39:58","guid":{"rendered":"https:\/\/stoic-curie.212-227-153-4.plesk.page\/producto\/compressor-dometic-cu85-vertical-ate-250lt\/"},"modified":"2026-02-25T00:28:18","modified_gmt":"2026-02-25T00:28:18","slug":"compressor-dometic-cu85-vertical-ate-250lt","status":"publish","type":"product","link":"https:\/\/stoic-curie.212-227-153-4.plesk.page\/pt\/product\/compressor-dometic-cu85-vertical-ate-250lt\/","title":{"rendered":"Compressor Dometic CU85 at\u00e9 250lt"},"content":{"rendered":"<p>Compressor Dometic CU85 at\u00e9 250lt &#8211; <\/p>\n<p style=\"color: rgb(34, 34, 34); font-family: Arial, Helvetica, sans-serif; font-size: small;\">Dometic ColdMachine CU 85 Vertical<\/p>\n<p style=\"color: rgb(34, 34, 34); font-family: Arial, Helvetica, sans-serif; font-size: small;\">A Dometic ColdMachine CU 85 Vertical \u00e9 uma unidade de refrigera\u00e7\u00e3o silenciosa, projetada para efici\u00eancia. Possui regula\u00e7\u00e3o de pot\u00eancia, refrigerante pr\u00e9-carregado e conex\u00f5es de v\u00e1lvula auto vedantes para f\u00e1cil instala\u00e7\u00e3o. A placa de montagem em a\u00e7o inoxid\u00e1vel resistente \u00e0 corros\u00e3o garante durabilidade.<\/p>\n<p style=\"color: rgb(34, 34, 34); font-family: Arial, Helvetica, sans-serif; font-size: small;\">Esta unidade de refrigera\u00e7\u00e3o \u00e9 adequada para sistemas de refrigera\u00e7\u00e3o que incluem:<\/p>\n<ul style=\"color: rgb(34, 34, 34); font-family: Arial, Helvetica, sans-serif; font-size: small;\">\n<li>1 x unidade de refrigera\u00e7\u00e3o de tens\u00e3o dupla 12\/24V<\/li>\n<li>1 x evaporador com conex\u00f5es do tipo Dometic<\/li>\n<\/ul>\n<p style=\"color: rgb(34, 34, 34); font-family: Arial, Helvetica, sans-serif; font-size: small;\">\u00c9 ideal para necessidades de refrigera\u00e7\u00e3o de pequeno a m\u00e9dio porte, especialmente em \u00e1guas mais quentes, como o Mediterr\u00e2neo. V\u00e1rios tipos de evaporadores est\u00e3o dispon\u00edveis para corresponder \u00e0 sa\u00edda do compressor. O sistema inclui um compressor t\u00e9rmico completo Danfoss BD35F com eletr\u00f4nica de controle, prote\u00e7\u00e3o contra baixa tens\u00e3o integrada, desligamento por baixa tens\u00e3o, prote\u00e7\u00e3o eletr\u00f4nica contra polaridade reversa e um ventilador DC sem escovas.<\/p>\n<p style=\"color: rgb(34, 34, 34); font-family: Arial, Helvetica, sans-serif; font-size: small;\"><strong>Especifica\u00e7\u00f5es T\u00e9cnicas:<\/strong><\/p>\n<ul style=\"color: rgb(34, 34, 34); font-family: Arial, Helvetica, sans-serif; font-size: small;\">\n<li>Tens\u00e3o: 12 V \/ 24 V<\/li>\n<li>Capacidades de Refrigera\u00e7\u00e3o:\n<ul>\n<li>M\u00e1ximo de 250 litros para refrigera\u00e7\u00e3o normal com evaporadores diretos<\/li>\n<li>M\u00e1ximo de 70 litros para congelamento profundo<\/li>\n<\/ul>\n<\/li>\n<li>Consumo de Energia: 45 &#8211; 60 watts, dependendo do tipo de evaporador<\/li>\n<\/ul>\n<p style=\"color: rgb(34, 34, 34); font-family: Arial, Helvetica, sans-serif; font-size: small;\">A unidade est\u00e1 dispon\u00edvel em v\u00e1rias formas e tamanhos, com sete tipos de evaporadores e um acumulador de frio dispon\u00edveis para sele\u00e7\u00e3o.<\/p>\n<p style=\"color: rgb(34, 34, 34); font-family: Arial, Helvetica, sans-serif; font-size: small;\"><strong>Caracter\u00edsticas Adicionais:<\/strong><\/p>\n<ul style=\"color: rgb(34, 34, 34); font-family: Arial, Helvetica, sans-serif; font-size: small;\">\n<li>Compatibilidade com energia solar: Opera onde h\u00e1 luz solar<\/li>\n<li>Placa de montagem em a\u00e7o inoxid\u00e1vel resistente \u00e0 corros\u00e3o<\/li>\n<li>Opera\u00e7\u00e3o em 12 ou 24 V DC<\/li>\n<li>Conex\u00e3o de 230 V dispon\u00edvel com um adaptador de rede acess\u00edvel<\/li>\n<li>Capacidade de refrigera\u00e7\u00e3o de at\u00e9 250 litros ou capacidade de congelamento de 70 litros<\/li>\n<\/ul>\n<p style=\"color: rgb(34, 34, 34); font-family: Arial, Helvetica, sans-serif; font-size: small;\"><strong>Dimens\u00f5es:<\/strong><\/p>\n<ul style=\"color: rgb(34, 34, 34); font-family: Arial, Helvetica, sans-serif; font-size: small;\">\n<li>Profundidade: 220 mm<\/li>\n<li>Altura: 160 mm<\/li>\n<li>Largura: 220 mm<\/li>\n<\/ul>\n","protected":false},"excerpt":{"rendered":"<p>Compressor Dometic CU85 at\u00e9 250lt &#8211; Dometic ColdMachine CU 85 Vertical A Dometic ColdMachine CU 85 Vertical \u00e9 uma unidade<\/p>\n","protected":false},"featured_media":5946427,"comment_status":"open","ping_status":"closed","template":"","meta":[],"product_brand":[2897],"product_cat":[2038],"product_tag":[],"class_list":{"0":"post-751057","1":"product","2":"type-product","3":"status-publish","4":"has-post-thumbnail","6":"product_brand-dometic-pt","7":"product_cat-frigorificos-e-congeladores","9":"first","10":"instock","11":"shipping-taxable","12":"purchasable","13":"product-type-simple"},"_links":{"self":[{"href":"https:\/\/stoic-curie.212-227-153-4.plesk.page\/pt\/wp-json\/wp\/v2\/product\/751057","targetHints":{"allow":["GET"]}}],"collection":[{"href":"https:\/\/stoic-curie.212-227-153-4.plesk.page\/pt\/wp-json\/wp\/v2\/product"}],"about":[{"href":"https:\/\/stoic-curie.212-227-153-4.plesk.page\/pt\/wp-json\/wp\/v2\/types\/product"}],"replies":[{"embeddable":true,"href":"https:\/\/stoic-curie.212-227-153-4.plesk.page\/pt\/wp-json\/wp\/v2\/comments?post=751057"}],"version-history":[{"count":0,"href":"https:\/\/stoic-curie.212-227-153-4.plesk.page\/pt\/wp-json\/wp\/v2\/product\/751057\/revisions"}],"wp:featuredmedia":[{"embeddable":true,"href":"https:\/\/stoic-curie.212-227-153-4.plesk.page\/pt\/wp-json\/wp\/v2\/media\/5946427"}],"wp:attachment":[{"href":"https:\/\/stoic-curie.212-227-153-4.plesk.page\/pt\/wp-json\/wp\/v2\/media?parent=751057"}],"wp:term":[{"taxonomy":"product_brand","embeddable":true,"href":"https:\/\/stoic-curie.212-227-153-4.plesk.page\/pt\/wp-json\/wp\/v2\/product_brand?post=751057"},{"taxonomy":"product_cat","embeddable":true,"href":"https:\/\/stoic-curie.212-227-153-4.plesk.page\/pt\/wp-json\/wp\/v2\/product_cat?post=751057"},{"taxonomy":"product_tag","embeddable":true,"href":"https:\/\/stoic-curie.212-227-153-4.plesk.page\/pt\/wp-json\/wp\/v2\/product_tag?post=751057"}],"curies":[{"name":"wp","href":"https:\/\/api.w.org\/{rel}","templated":true}]}}