{"id":751058,"date":"2025-03-03T23:42:32","date_gmt":"2025-03-03T22:42:32","guid":{"rendered":"https:\/\/stoic-curie.212-227-153-4.plesk.page\/producto\/evaporador-dometic-vd-01-l\/"},"modified":"2026-02-25T00:28:18","modified_gmt":"2026-02-25T00:28:18","slug":"evaporador-dometic-vd-01-l","status":"publish","type":"product","link":"https:\/\/stoic-curie.212-227-153-4.plesk.page\/pt\/product\/evaporador-dometic-vd-01-l\/","title":{"rendered":"Evaporador Dometic VD-01 L"},"content":{"rendered":"<p>Evaporador Dometic VD-01 L &#8211; <\/p>\n<p>Evaporador em forma de L para unidades de refrigera\u00e7\u00e3o da S\u00e9rie 50. Capacidade de refrigera\u00e7\u00e3o: 100 Lt m\u00e1x (com isolamento de PU de 50 mm). Completo com termostato de luz LED e acoplamentos de v\u00e1lvula de fechamento autom\u00e1tico do tipo Dometic para f\u00e1cil montagem.<\/p>\n","protected":false},"excerpt":{"rendered":"<p>Evaporador Dometic VD-01 L &#8211; Evaporador em forma de L para unidades de refrigera\u00e7\u00e3o da S\u00e9rie 50. Capacidade de refrigera\u00e7\u00e3o:<\/p>\n","protected":false},"featured_media":5946428,"comment_status":"open","ping_status":"closed","template":"","meta":[],"product_brand":[2897],"product_cat":[2038],"product_tag":[],"class_list":{"0":"post-751058","1":"product","2":"type-product","3":"status-publish","4":"has-post-thumbnail","6":"product_brand-dometic-pt","7":"product_cat-frigorificos-e-congeladores","9":"first","10":"instock","11":"shipping-taxable","12":"purchasable","13":"product-type-simple"},"_links":{"self":[{"href":"https:\/\/stoic-curie.212-227-153-4.plesk.page\/pt\/wp-json\/wp\/v2\/product\/751058","targetHints":{"allow":["GET"]}}],"collection":[{"href":"https:\/\/stoic-curie.212-227-153-4.plesk.page\/pt\/wp-json\/wp\/v2\/product"}],"about":[{"href":"https:\/\/stoic-curie.212-227-153-4.plesk.page\/pt\/wp-json\/wp\/v2\/types\/product"}],"replies":[{"embeddable":true,"href":"https:\/\/stoic-curie.212-227-153-4.plesk.page\/pt\/wp-json\/wp\/v2\/comments?post=751058"}],"version-history":[{"count":0,"href":"https:\/\/stoic-curie.212-227-153-4.plesk.page\/pt\/wp-json\/wp\/v2\/product\/751058\/revisions"}],"wp:featuredmedia":[{"embeddable":true,"href":"https:\/\/stoic-curie.212-227-153-4.plesk.page\/pt\/wp-json\/wp\/v2\/media\/5946428"}],"wp:attachment":[{"href":"https:\/\/stoic-curie.212-227-153-4.plesk.page\/pt\/wp-json\/wp\/v2\/media?parent=751058"}],"wp:term":[{"taxonomy":"product_brand","embeddable":true,"href":"https:\/\/stoic-curie.212-227-153-4.plesk.page\/pt\/wp-json\/wp\/v2\/product_brand?post=751058"},{"taxonomy":"product_cat","embeddable":true,"href":"https:\/\/stoic-curie.212-227-153-4.plesk.page\/pt\/wp-json\/wp\/v2\/product_cat?post=751058"},{"taxonomy":"product_tag","embeddable":true,"href":"https:\/\/stoic-curie.212-227-153-4.plesk.page\/pt\/wp-json\/wp\/v2\/product_tag?post=751058"}],"curies":[{"name":"wp","href":"https:\/\/api.w.org\/{rel}","templated":true}]}}