{"id":751061,"date":"2025-03-03T23:44:33","date_gmt":"2025-03-03T22:44:33","guid":{"rendered":"https:\/\/stoic-curie.212-227-153-4.plesk.page\/producto\/evaporador-dometic-vd-09\/"},"modified":"2026-02-25T00:28:18","modified_gmt":"2026-02-25T00:28:18","slug":"evaporador-dometic-vd-09","status":"publish","type":"product","link":"https:\/\/stoic-curie.212-227-153-4.plesk.page\/pt\/product\/evaporador-dometic-vd-09\/","title":{"rendered":"Evaporador Dometic VD-09"},"content":{"rendered":"<p>Evaporador Dometic VD-09 &#8211; <\/p>\n<p>Evaporador em forma de O para unidades de refrigera\u00e7\u00e3o da S\u00e9rie 80. Capacidade de refrigera\u00e7\u00e3o: 180 L m\u00e1x (com isolamento PU de 50 mm). Completo com termostato de luz LED e acoplamentos de v\u00e1lvula auto vedantes do tipo Dometic para f\u00e1cil montagem.<\/p>\n","protected":false},"excerpt":{"rendered":"<p>Evaporador Dometic VD-09 &#8211; Evaporador em forma de O para unidades de refrigera\u00e7\u00e3o da S\u00e9rie 80. Capacidade de refrigera\u00e7\u00e3o: 180<\/p>\n","protected":false},"featured_media":5946430,"comment_status":"open","ping_status":"closed","template":"","meta":[],"product_brand":[2897],"product_cat":[2038],"product_tag":[],"class_list":{"0":"post-751061","1":"product","2":"type-product","3":"status-publish","4":"has-post-thumbnail","6":"product_brand-dometic-pt","7":"product_cat-frigorificos-e-congeladores","9":"first","10":"instock","11":"shipping-taxable","12":"purchasable","13":"product-type-simple"},"_links":{"self":[{"href":"https:\/\/stoic-curie.212-227-153-4.plesk.page\/pt\/wp-json\/wp\/v2\/product\/751061","targetHints":{"allow":["GET"]}}],"collection":[{"href":"https:\/\/stoic-curie.212-227-153-4.plesk.page\/pt\/wp-json\/wp\/v2\/product"}],"about":[{"href":"https:\/\/stoic-curie.212-227-153-4.plesk.page\/pt\/wp-json\/wp\/v2\/types\/product"}],"replies":[{"embeddable":true,"href":"https:\/\/stoic-curie.212-227-153-4.plesk.page\/pt\/wp-json\/wp\/v2\/comments?post=751061"}],"version-history":[{"count":0,"href":"https:\/\/stoic-curie.212-227-153-4.plesk.page\/pt\/wp-json\/wp\/v2\/product\/751061\/revisions"}],"wp:featuredmedia":[{"embeddable":true,"href":"https:\/\/stoic-curie.212-227-153-4.plesk.page\/pt\/wp-json\/wp\/v2\/media\/5946430"}],"wp:attachment":[{"href":"https:\/\/stoic-curie.212-227-153-4.plesk.page\/pt\/wp-json\/wp\/v2\/media?parent=751061"}],"wp:term":[{"taxonomy":"product_brand","embeddable":true,"href":"https:\/\/stoic-curie.212-227-153-4.plesk.page\/pt\/wp-json\/wp\/v2\/product_brand?post=751061"},{"taxonomy":"product_cat","embeddable":true,"href":"https:\/\/stoic-curie.212-227-153-4.plesk.page\/pt\/wp-json\/wp\/v2\/product_cat?post=751061"},{"taxonomy":"product_tag","embeddable":true,"href":"https:\/\/stoic-curie.212-227-153-4.plesk.page\/pt\/wp-json\/wp\/v2\/product_tag?post=751061"}],"curies":[{"name":"wp","href":"https:\/\/api.w.org\/{rel}","templated":true}]}}