{"id":751066,"date":"2025-03-03T23:44:34","date_gmt":"2025-03-03T22:44:34","guid":{"rendered":"https:\/\/stoic-curie.212-227-153-4.plesk.page\/producto\/rolamento-de-eixo-de-resina-65-x-85-x-260mm\/"},"modified":"2026-02-25T00:28:18","modified_gmt":"2026-02-25T00:28:18","slug":"rolamento-de-eixo-de-resina-65-x-85-x-260mm","status":"publish","type":"product","link":"https:\/\/stoic-curie.212-227-153-4.plesk.page\/pt\/product\/rolamento-de-eixo-de-resina-65-x-85-x-260mm\/","title":{"rendered":"Rolamento de Eixo de Resina 65 x 85 x 260mm"},"content":{"rendered":"<p>Rolamento de Eixo de Resina 65 x 85 x 260mm &#8211; <\/p>\n<p>Rolamentos de eixo lubrificados com \u00e1gua com di\u00e2metros internos e externos m\u00e9tricos. Concha de resina, parte interna de borracha com canais axiais.<\/p>\n","protected":false},"excerpt":{"rendered":"<p>Rolamento de Eixo de Resina 65 x 85 x 260mm &#8211; Rolamentos de eixo lubrificados com \u00e1gua com di\u00e2metros internos<\/p>\n","protected":false},"featured_media":5936301,"comment_status":"open","ping_status":"closed","template":"","meta":[],"product_brand":[2932],"product_cat":[2099],"product_tag":[],"class_list":{"0":"post-751066","1":"product","2":"type-product","3":"status-publish","4":"has-post-thumbnail","6":"product_brand-exalto-marine-pt","7":"product_cat-rolamentos-do-veio-de-propulsao","9":"first","10":"instock","11":"shipping-taxable","12":"purchasable","13":"product-type-simple"},"_links":{"self":[{"href":"https:\/\/stoic-curie.212-227-153-4.plesk.page\/pt\/wp-json\/wp\/v2\/product\/751066","targetHints":{"allow":["GET"]}}],"collection":[{"href":"https:\/\/stoic-curie.212-227-153-4.plesk.page\/pt\/wp-json\/wp\/v2\/product"}],"about":[{"href":"https:\/\/stoic-curie.212-227-153-4.plesk.page\/pt\/wp-json\/wp\/v2\/types\/product"}],"replies":[{"embeddable":true,"href":"https:\/\/stoic-curie.212-227-153-4.plesk.page\/pt\/wp-json\/wp\/v2\/comments?post=751066"}],"version-history":[{"count":0,"href":"https:\/\/stoic-curie.212-227-153-4.plesk.page\/pt\/wp-json\/wp\/v2\/product\/751066\/revisions"}],"wp:featuredmedia":[{"embeddable":true,"href":"https:\/\/stoic-curie.212-227-153-4.plesk.page\/pt\/wp-json\/wp\/v2\/media\/5936301"}],"wp:attachment":[{"href":"https:\/\/stoic-curie.212-227-153-4.plesk.page\/pt\/wp-json\/wp\/v2\/media?parent=751066"}],"wp:term":[{"taxonomy":"product_brand","embeddable":true,"href":"https:\/\/stoic-curie.212-227-153-4.plesk.page\/pt\/wp-json\/wp\/v2\/product_brand?post=751066"},{"taxonomy":"product_cat","embeddable":true,"href":"https:\/\/stoic-curie.212-227-153-4.plesk.page\/pt\/wp-json\/wp\/v2\/product_cat?post=751066"},{"taxonomy":"product_tag","embeddable":true,"href":"https:\/\/stoic-curie.212-227-153-4.plesk.page\/pt\/wp-json\/wp\/v2\/product_tag?post=751066"}],"curies":[{"name":"wp","href":"https:\/\/api.w.org\/{rel}","templated":true}]}}