{"id":751075,"date":"2025-03-03T23:44:37","date_gmt":"2025-03-03T22:44:37","guid":{"rendered":"https:\/\/stoic-curie.212-227-153-4.plesk.page\/producto\/holofote-led-quick-todd-72mm-branco-3000-k-vermelho\/"},"modified":"2026-02-25T00:28:18","modified_gmt":"2026-02-25T00:28:18","slug":"holofote-led-quick-todd-72mm-branco-3000-k-vermelho","status":"publish","type":"product","link":"https:\/\/stoic-curie.212-227-153-4.plesk.page\/pt\/product\/holofote-led-quick-todd-72mm-branco-3000-k-vermelho\/","title":{"rendered":"Holofote LED Quick Todd 72mm (Branco 3000 K \/ Vermelho)"},"content":{"rendered":"<p>Holofote LED Quick Todd 72mm (Branco 3000 K \/ Vermelho) &#8211; <\/p>\n<p>Spot LED duplo de 2W IP65 selecion\u00e1vel em branco ou vermelho para interiores e exteriores, com moldura plana em a\u00e7o inoxid\u00e1vel 316. Montagem embutida com molas. Tens\u00e3o universal de 9-32V com LED regul\u00e1veis protegidos contra picos e invers\u00f5es de polaridade.<\/p>\n","protected":false},"excerpt":{"rendered":"<p>Holofote LED Quick Todd 72mm (Branco 3000 K \/ Vermelho) &#8211; Spot LED duplo de 2W IP65 selecion\u00e1vel em branco<\/p>\n","protected":false},"featured_media":5946441,"comment_status":"open","ping_status":"closed","template":"","meta":[],"product_brand":[3282],"product_cat":[2026],"product_tag":[],"class_list":{"0":"post-751075","1":"product","2":"type-product","3":"status-publish","4":"has-post-thumbnail","6":"product_brand-quick-pt","7":"product_cat-iluminacao","9":"first","10":"instock","11":"shipping-taxable","12":"purchasable","13":"product-type-simple"},"_links":{"self":[{"href":"https:\/\/stoic-curie.212-227-153-4.plesk.page\/pt\/wp-json\/wp\/v2\/product\/751075","targetHints":{"allow":["GET"]}}],"collection":[{"href":"https:\/\/stoic-curie.212-227-153-4.plesk.page\/pt\/wp-json\/wp\/v2\/product"}],"about":[{"href":"https:\/\/stoic-curie.212-227-153-4.plesk.page\/pt\/wp-json\/wp\/v2\/types\/product"}],"replies":[{"embeddable":true,"href":"https:\/\/stoic-curie.212-227-153-4.plesk.page\/pt\/wp-json\/wp\/v2\/comments?post=751075"}],"version-history":[{"count":0,"href":"https:\/\/stoic-curie.212-227-153-4.plesk.page\/pt\/wp-json\/wp\/v2\/product\/751075\/revisions"}],"wp:featuredmedia":[{"embeddable":true,"href":"https:\/\/stoic-curie.212-227-153-4.plesk.page\/pt\/wp-json\/wp\/v2\/media\/5946441"}],"wp:attachment":[{"href":"https:\/\/stoic-curie.212-227-153-4.plesk.page\/pt\/wp-json\/wp\/v2\/media?parent=751075"}],"wp:term":[{"taxonomy":"product_brand","embeddable":true,"href":"https:\/\/stoic-curie.212-227-153-4.plesk.page\/pt\/wp-json\/wp\/v2\/product_brand?post=751075"},{"taxonomy":"product_cat","embeddable":true,"href":"https:\/\/stoic-curie.212-227-153-4.plesk.page\/pt\/wp-json\/wp\/v2\/product_cat?post=751075"},{"taxonomy":"product_tag","embeddable":true,"href":"https:\/\/stoic-curie.212-227-153-4.plesk.page\/pt\/wp-json\/wp\/v2\/product_tag?post=751075"}],"curies":[{"name":"wp","href":"https:\/\/api.w.org\/{rel}","templated":true}]}}