{"id":751081,"date":"2025-03-03T23:44:39","date_gmt":"2025-03-03T22:44:39","guid":{"rendered":"https:\/\/stoic-curie.212-227-153-4.plesk.page\/producto\/holofote-led-quick-marina-79-x-79-x-a15mm-luz-do-dia-4000-k\/"},"modified":"2026-02-25T00:28:18","modified_gmt":"2026-02-25T00:28:18","slug":"holofote-led-quick-marina-79-x-79-x-a15mm-luz-do-dia-4000-k","status":"publish","type":"product","link":"https:\/\/stoic-curie.212-227-153-4.plesk.page\/pt\/product\/holofote-led-quick-marina-79-x-79-x-a15mm-luz-do-dia-4000-k\/","title":{"rendered":"Holofote LED Quick Marina 79 x 79 x A1,5mm &#8211; luz do dia 4000 K"},"content":{"rendered":"<p>Holofote LED Quick Marina 79 x 79 x A1,5mm &#8211; luz do dia 4000 K &#8211; <\/p>\n<p>Spot LED 4W IP65 para interiores e exteriores com moldura de a\u00e7o inoxid\u00e1vel 316. Montagem embutida com molas e moldura plana de 1,5 mm ou com parafusos e moldura de perfil normal de 4 mm. Tens\u00e3o universal de 9-32V com LED dimm\u00e1vel, protegido contra sobretens\u00f5es e invers\u00e3o de polaridade.<\/p>\n","protected":false},"excerpt":{"rendered":"<p>Holofote LED Quick Marina 79 x 79 x A1,5mm &#8211; luz do dia 4000 K &#8211; Spot LED 4W IP65<\/p>\n","protected":false},"featured_media":5937510,"comment_status":"open","ping_status":"closed","template":"","meta":[],"product_brand":[3282],"product_cat":[2026],"product_tag":[],"class_list":{"0":"post-751081","1":"product","2":"type-product","3":"status-publish","4":"has-post-thumbnail","6":"product_brand-quick-pt","7":"product_cat-iluminacao","9":"first","10":"instock","11":"shipping-taxable","12":"purchasable","13":"product-type-simple"},"_links":{"self":[{"href":"https:\/\/stoic-curie.212-227-153-4.plesk.page\/pt\/wp-json\/wp\/v2\/product\/751081","targetHints":{"allow":["GET"]}}],"collection":[{"href":"https:\/\/stoic-curie.212-227-153-4.plesk.page\/pt\/wp-json\/wp\/v2\/product"}],"about":[{"href":"https:\/\/stoic-curie.212-227-153-4.plesk.page\/pt\/wp-json\/wp\/v2\/types\/product"}],"replies":[{"embeddable":true,"href":"https:\/\/stoic-curie.212-227-153-4.plesk.page\/pt\/wp-json\/wp\/v2\/comments?post=751081"}],"version-history":[{"count":0,"href":"https:\/\/stoic-curie.212-227-153-4.plesk.page\/pt\/wp-json\/wp\/v2\/product\/751081\/revisions"}],"wp:featuredmedia":[{"embeddable":true,"href":"https:\/\/stoic-curie.212-227-153-4.plesk.page\/pt\/wp-json\/wp\/v2\/media\/5937510"}],"wp:attachment":[{"href":"https:\/\/stoic-curie.212-227-153-4.plesk.page\/pt\/wp-json\/wp\/v2\/media?parent=751081"}],"wp:term":[{"taxonomy":"product_brand","embeddable":true,"href":"https:\/\/stoic-curie.212-227-153-4.plesk.page\/pt\/wp-json\/wp\/v2\/product_brand?post=751081"},{"taxonomy":"product_cat","embeddable":true,"href":"https:\/\/stoic-curie.212-227-153-4.plesk.page\/pt\/wp-json\/wp\/v2\/product_cat?post=751081"},{"taxonomy":"product_tag","embeddable":true,"href":"https:\/\/stoic-curie.212-227-153-4.plesk.page\/pt\/wp-json\/wp\/v2\/product_tag?post=751081"}],"curies":[{"name":"wp","href":"https:\/\/api.w.org\/{rel}","templated":true}]}}