{"id":751087,"date":"2025-03-03T23:48:55","date_gmt":"2025-03-03T22:48:55","guid":{"rendered":"https:\/\/stoic-curie.212-227-153-4.plesk.page\/producto\/fechos-de-compressao-roca-76mm-sem-trava\/"},"modified":"2026-02-25T00:28:18","modified_gmt":"2026-02-25T00:28:18","slug":"fechos-de-compressao-roca-76mm-sem-trava","status":"publish","type":"product","link":"https:\/\/stoic-curie.212-227-153-4.plesk.page\/pt\/product\/fechos-de-compressao-roca-76mm-sem-trava\/","title":{"rendered":"Fechos de Compress\u00e3o Roca 76mm (Sem Trava)"},"content":{"rendered":"<p>Fechos de Compress\u00e3o Roca 76mm (Sem Trava) &#8211; <\/p>\n<p>Fecho de compress\u00e3o estanque em a\u00e7o inoxid\u00e1vel 316 polido a espelho com barra de came ajust\u00e1vel. Usado para abrir e fechar compartimentos e escotilhas. Barras de came anguladas podem ser montadas na posi\u00e7\u00e3o normal ou giradas (Rev) para cobrir todas as espessuras necess\u00e1rias (A). Espessura da porta 222 mm (T).<\/p>\n","protected":false},"excerpt":{"rendered":"<p>Fechos de Compress\u00e3o Roca 76mm (Sem Trava) &#8211; Fecho de compress\u00e3o estanque em a\u00e7o inoxid\u00e1vel 316 polido a espelho com<\/p>\n","protected":false},"featured_media":5946448,"comment_status":"open","ping_status":"closed","template":"","meta":[],"product_brand":[3317],"product_cat":[1995,1974],"product_tag":[],"class_list":{"0":"post-751087","1":"product","2":"type-product","3":"status-publish","4":"has-post-thumbnail","6":"product_brand-roca-marine-pt","7":"product_cat-fechaduras","8":"product_cat-trincos","10":"first","11":"instock","12":"shipping-taxable","13":"purchasable","14":"product-type-simple"},"_links":{"self":[{"href":"https:\/\/stoic-curie.212-227-153-4.plesk.page\/pt\/wp-json\/wp\/v2\/product\/751087","targetHints":{"allow":["GET"]}}],"collection":[{"href":"https:\/\/stoic-curie.212-227-153-4.plesk.page\/pt\/wp-json\/wp\/v2\/product"}],"about":[{"href":"https:\/\/stoic-curie.212-227-153-4.plesk.page\/pt\/wp-json\/wp\/v2\/types\/product"}],"replies":[{"embeddable":true,"href":"https:\/\/stoic-curie.212-227-153-4.plesk.page\/pt\/wp-json\/wp\/v2\/comments?post=751087"}],"version-history":[{"count":0,"href":"https:\/\/stoic-curie.212-227-153-4.plesk.page\/pt\/wp-json\/wp\/v2\/product\/751087\/revisions"}],"wp:featuredmedia":[{"embeddable":true,"href":"https:\/\/stoic-curie.212-227-153-4.plesk.page\/pt\/wp-json\/wp\/v2\/media\/5946448"}],"wp:attachment":[{"href":"https:\/\/stoic-curie.212-227-153-4.plesk.page\/pt\/wp-json\/wp\/v2\/media?parent=751087"}],"wp:term":[{"taxonomy":"product_brand","embeddable":true,"href":"https:\/\/stoic-curie.212-227-153-4.plesk.page\/pt\/wp-json\/wp\/v2\/product_brand?post=751087"},{"taxonomy":"product_cat","embeddable":true,"href":"https:\/\/stoic-curie.212-227-153-4.plesk.page\/pt\/wp-json\/wp\/v2\/product_cat?post=751087"},{"taxonomy":"product_tag","embeddable":true,"href":"https:\/\/stoic-curie.212-227-153-4.plesk.page\/pt\/wp-json\/wp\/v2\/product_tag?post=751087"}],"curies":[{"name":"wp","href":"https:\/\/api.w.org\/{rel}","templated":true}]}}