{"id":751088,"date":"2025-03-03T23:48:55","date_gmt":"2025-03-03T22:48:55","guid":{"rendered":"https:\/\/stoic-curie.212-227-153-4.plesk.page\/producto\/painel-eletrico-redtech-com-8-interruptores-de-20a-234-x-70mm\/"},"modified":"2026-02-25T00:28:18","modified_gmt":"2026-02-25T00:28:18","slug":"painel-eletrico-redtech-com-8-interruptores-de-20a-234-x-70mm","status":"publish","type":"product","link":"https:\/\/stoic-curie.212-227-153-4.plesk.page\/pt\/product\/painel-eletrico-redtech-com-8-interruptores-de-20a-234-x-70mm\/","title":{"rendered":"Painel El\u00e9trico Redtech com 8 interruptores de 20A 234 x 70mm"},"content":{"rendered":"<p>Painel El\u00e9trico Redtech com 8 interruptores de 20A 234 x 70mm &#8211; <\/p>\n<p>Painel de alum\u00ednio anodizado com interruptores rockeiros \u00e0 prova d&#8217;\u00e1gua e LEDs vermelhos. O primeiro interruptor \u00e9 (ON)-OFF para sinal ac\u00fastico. Pr\u00e9-cabeado, completo com parafusos e etiquetas pr\u00e9-impressas.<\/p>\n","protected":false},"excerpt":{"rendered":"<p>Painel El\u00e9trico Redtech com 8 interruptores de 20A 234 x 70mm &#8211; Painel de alum\u00ednio anodizado com interruptores rockeiros \u00e0<\/p>\n","protected":false},"featured_media":5946464,"comment_status":"open","ping_status":"closed","template":"","meta":[],"product_brand":[2832],"product_cat":[2033],"product_tag":[],"class_list":{"0":"post-751088","1":"product","2":"type-product","3":"status-publish","4":"has-post-thumbnail","6":"product_brand-blue-sea-systems-pt","7":"product_cat-quadros-eletricos","9":"first","10":"instock","11":"shipping-taxable","12":"purchasable","13":"product-type-simple"},"_links":{"self":[{"href":"https:\/\/stoic-curie.212-227-153-4.plesk.page\/pt\/wp-json\/wp\/v2\/product\/751088","targetHints":{"allow":["GET"]}}],"collection":[{"href":"https:\/\/stoic-curie.212-227-153-4.plesk.page\/pt\/wp-json\/wp\/v2\/product"}],"about":[{"href":"https:\/\/stoic-curie.212-227-153-4.plesk.page\/pt\/wp-json\/wp\/v2\/types\/product"}],"replies":[{"embeddable":true,"href":"https:\/\/stoic-curie.212-227-153-4.plesk.page\/pt\/wp-json\/wp\/v2\/comments?post=751088"}],"version-history":[{"count":0,"href":"https:\/\/stoic-curie.212-227-153-4.plesk.page\/pt\/wp-json\/wp\/v2\/product\/751088\/revisions"}],"wp:featuredmedia":[{"embeddable":true,"href":"https:\/\/stoic-curie.212-227-153-4.plesk.page\/pt\/wp-json\/wp\/v2\/media\/5946464"}],"wp:attachment":[{"href":"https:\/\/stoic-curie.212-227-153-4.plesk.page\/pt\/wp-json\/wp\/v2\/media?parent=751088"}],"wp:term":[{"taxonomy":"product_brand","embeddable":true,"href":"https:\/\/stoic-curie.212-227-153-4.plesk.page\/pt\/wp-json\/wp\/v2\/product_brand?post=751088"},{"taxonomy":"product_cat","embeddable":true,"href":"https:\/\/stoic-curie.212-227-153-4.plesk.page\/pt\/wp-json\/wp\/v2\/product_cat?post=751088"},{"taxonomy":"product_tag","embeddable":true,"href":"https:\/\/stoic-curie.212-227-153-4.plesk.page\/pt\/wp-json\/wp\/v2\/product_tag?post=751088"}],"curies":[{"name":"wp","href":"https:\/\/api.w.org\/{rel}","templated":true}]}}