{"id":751089,"date":"2025-03-03T23:48:56","date_gmt":"2025-03-03T22:48:56","guid":{"rendered":"https:\/\/stoic-curie.212-227-153-4.plesk.page\/producto\/painel-redtech-com-indicador-de-bateria-183-x-120mm\/"},"modified":"2026-02-25T00:28:18","modified_gmt":"2026-02-25T00:28:18","slug":"painel-redtech-com-indicador-de-bateria-183-x-120mm","status":"publish","type":"product","link":"https:\/\/stoic-curie.212-227-153-4.plesk.page\/pt\/product\/painel-redtech-com-indicador-de-bateria-183-x-120mm\/","title":{"rendered":"Painel REDTECH com Indicador de Bateria 183 x 120mm"},"content":{"rendered":"<p>Painel REDTECH com Indicador de Bateria 183 x 120mm &#8211; <\/p>\n<p>Painel de pol\u00edmero com chaves de balanc\u00ea iluminadas por LED vermelhas \u00e0 prova d&#8217;\u00e1gua. O primeiro interruptor \u00e9 (LIGADO)-DESLIGADO para sinal ac\u00fastico. Com volt\u00edmetro 6-30V, tomada de energia 12V e tomada USB dupla 1+2.1A, tudo completo com fus\u00edvel. Pr\u00e9-cablagem, completo com parafusos e r\u00f3tulos pr\u00e9-impressos.<\/p>\n","protected":false},"excerpt":{"rendered":"<p>Painel REDTECH com Indicador de Bateria 183 x 120mm &#8211; Painel de pol\u00edmero com chaves de balanc\u00ea iluminadas por LED<\/p>\n","protected":false},"featured_media":5946465,"comment_status":"open","ping_status":"closed","template":"","meta":[],"product_brand":[2832],"product_cat":[2016,2033],"product_tag":[],"class_list":{"0":"post-751089","1":"product","2":"type-product","3":"status-publish","4":"has-post-thumbnail","6":"product_brand-blue-sea-systems-pt","7":"product_cat-baterias-equipamento-eletrico","8":"product_cat-quadros-eletricos","10":"first","11":"instock","12":"shipping-taxable","13":"purchasable","14":"product-type-simple"},"_links":{"self":[{"href":"https:\/\/stoic-curie.212-227-153-4.plesk.page\/pt\/wp-json\/wp\/v2\/product\/751089","targetHints":{"allow":["GET"]}}],"collection":[{"href":"https:\/\/stoic-curie.212-227-153-4.plesk.page\/pt\/wp-json\/wp\/v2\/product"}],"about":[{"href":"https:\/\/stoic-curie.212-227-153-4.plesk.page\/pt\/wp-json\/wp\/v2\/types\/product"}],"replies":[{"embeddable":true,"href":"https:\/\/stoic-curie.212-227-153-4.plesk.page\/pt\/wp-json\/wp\/v2\/comments?post=751089"}],"version-history":[{"count":0,"href":"https:\/\/stoic-curie.212-227-153-4.plesk.page\/pt\/wp-json\/wp\/v2\/product\/751089\/revisions"}],"wp:featuredmedia":[{"embeddable":true,"href":"https:\/\/stoic-curie.212-227-153-4.plesk.page\/pt\/wp-json\/wp\/v2\/media\/5946465"}],"wp:attachment":[{"href":"https:\/\/stoic-curie.212-227-153-4.plesk.page\/pt\/wp-json\/wp\/v2\/media?parent=751089"}],"wp:term":[{"taxonomy":"product_brand","embeddable":true,"href":"https:\/\/stoic-curie.212-227-153-4.plesk.page\/pt\/wp-json\/wp\/v2\/product_brand?post=751089"},{"taxonomy":"product_cat","embeddable":true,"href":"https:\/\/stoic-curie.212-227-153-4.plesk.page\/pt\/wp-json\/wp\/v2\/product_cat?post=751089"},{"taxonomy":"product_tag","embeddable":true,"href":"https:\/\/stoic-curie.212-227-153-4.plesk.page\/pt\/wp-json\/wp\/v2\/product_tag?post=751089"}],"curies":[{"name":"wp","href":"https:\/\/api.w.org\/{rel}","templated":true}]}}